{"id":818,"date":"2025-07-08T15:06:03","date_gmt":"2025-07-08T13:06:03","guid":{"rendered":"https:\/\/xpand.one\/at\/?page_id=818"},"modified":"2025-08-29T17:03:56","modified_gmt":"2025-08-29T15:03:56","slug":"impressum","status":"publish","type":"page","link":"https:\/\/xpand.one\/at\/impressum\/","title":{"rendered":"Impressum"},"content":{"rendered":"<div id=\"cs-content\" class=\"cs-content\"><div class=\"x-section e818-e1-v0 mmq-0 mmq-1\"><div class=\"x-grid e818-e1-v1 mmq-m mmq-3 mmq-4 x-effect-exit\" data-x-effect=\"{&quot;scroll&quot;:true,&quot;offsetTop&quot;:&quot;10%&quot;,&quot;offsetBottom&quot;:&quot;10%&quot;,&quot;behaviorScroll&quot;:&quot;fire-once&quot;}\"><div class=\"x-cell e818-e1-v2 mmq-n mmq-o\"><span class=\"x-image e818-e1-v3 mmq-q mmq-5\"><img decoding=\"async\" src=\"https:\/\/xpand.one\/at\/wp-content\/uploads\/xpand-pic-16-scaled.jpg\" width=\"1280\" height=\"854\" alt=\"Image\" loading=\"lazy\"><\/span><\/div><div class=\"x-cell e818-e1-v4 mmq-o mmq-p mmq-4 mmq-6 x-effect-exit\" data-x-effect=\"{&quot;scroll&quot;:true,&quot;offsetTop&quot;:&quot;10%&quot;,&quot;offsetBottom&quot;:&quot;10%&quot;,&quot;behaviorScroll&quot;:&quot;fire-once&quot;}\"><div class=\"x-text x-text-headline e818-e1-v5 mmq-r mmq-s mmq-t\"><div class=\"x-text-content\"><div class=\"x-text-content-text\"><h1 class=\"x-text-content-text-primary\">Impressum<\/h1>\n<\/div><\/div><\/div><hr class=\"x-line e818-e1-v6-v0 mmq-z mmq-10 mmq-7\" style=\"--tco-dcmq-0:rgb(203,0,26);\"\/><\/div><\/div><\/div><div class=\"x-section e818-e2-v0 mmq-0 mmq-2 mmq-9\" style=\"--tco-dcmq-6:transparent;\"><div class=\"x-div x-container max width e818-e2-v1 mmq-12 mmq-15 mmq-16 mmq-17 mmq-3 mmq-4 x-effect-exit\" style=\"--tco-dcmq-9:transparent;\" data-x-effect=\"{&quot;scroll&quot;:true,&quot;offsetTop&quot;:&quot;10%&quot;,&quot;offsetBottom&quot;:&quot;10%&quot;,&quot;behaviorScroll&quot;:&quot;fire-once&quot;}\"><div class=\"x-text x-text-headline e818-e4 mmq-r mmq-s mmq-u\"><div class=\"x-text-content\"><div class=\"x-text-content-text\"><h2 class=\"x-text-content-text-primary\">Information gem. \u00a7 5 ECG und Offenlegung gem. \u00a7 25 MedienG<\/h2>\n<\/div><\/div><\/div><div style=\"--tco-dcmq-b:rgb(28, 28, 28);--tco-dcmq-e:rgb(28, 28, 28);\" class=\"x-text x-content e818-e5-v0 mmq-1d mmq-1e mmq-a\"><p>xpand Austria GmbH<br \/>\nLieferinger Hauptstra\u00dfe 140\/4<br \/>\n5020 Salzburg<br \/>\n\u00d6sterreich<\/p><\/div><div class=\"x-text x-text-headline e818-e6 mmq-r mmq-s mmq-u\"><div class=\"x-text-content\"><div class=\"x-text-content-text\"><h2 class=\"x-text-content-text-primary\">Gesch\u00e4ftsf\u00fchrender Gesellschafter<\/h2>\n<\/div><\/div><\/div><div style=\"--tco-dcmq-f:rgb(28, 28, 28);--tco-dcmq-i:rgb(28, 28, 28);\" class=\"x-text x-content e818-e7-v0 mmq-1d mmq-1f mmq-b\">Helmut Roth<\/div><div class=\"x-text x-text-headline e818-e8 mmq-r mmq-s mmq-u\"><div class=\"x-text-content\"><div class=\"x-text-content-text\"><h2 class=\"x-text-content-text-primary\">Firmenbuchnummer<\/h2>\n<\/div><\/div><\/div><div style=\"--tco-dcmq-j:rgb(28, 28, 28);--tco-dcmq-m:rgb(28, 28, 28);\" class=\"x-text x-content e818-e9-v0 mmq-1d mmq-1g mmq-c\">FN 399787 y<\/div><div class=\"x-text x-text-headline e818-e10 mmq-r mmq-s mmq-u\"><div class=\"x-text-content\"><div class=\"x-text-content-text\"><h2 class=\"x-text-content-text-primary\">Landesgericht<\/h2>\n<\/div><\/div><\/div><div style=\"--tco-dcmq-n:rgb(28, 28, 28);--tco-dcmq-q:rgb(28, 28, 28);\" class=\"x-text x-content e818-e11-v0 mmq-1d mmq-1h mmq-d\"><p>Landesgericht Salzburg<br \/>\nUID: ATU68132317<br \/>\nDVR-Nr.: 4011797<\/p><\/div><div class=\"x-text x-text-headline e818-e12 mmq-r mmq-s mmq-u\"><div class=\"x-text-content\"><div class=\"x-text-content-text\"><h2 class=\"x-text-content-text-primary\">Kontakt<\/h2>\n<\/div><\/div><\/div><div style=\"--tco-dcmq-r:rgb(28, 28, 28);--tco-dcmq-u:rgb(28, 28, 28);\" class=\"x-text x-content e818-e13-v0 mmq-1d mmq-1i mmq-e\"><p>t: +43 (0) 662 \u2013 821914<br \/>\nf: +43 (0) 662 \u2013 841881<br \/>\ne: info@xpand.at<\/p><\/div><div class=\"x-text x-text-headline e818-e14 mmq-r mmq-s mmq-u\"><div class=\"x-text-content\"><div class=\"x-text-content-text\"><h2 class=\"x-text-content-text-primary\">Haftung<\/h2>\n<\/div><\/div><\/div><div style=\"--tco-dcmq-v:rgb(28, 28, 28);--tco-dcmq-y:rgb(28, 28, 28);\" class=\"x-text x-content e818-e15-v0 mmq-1d mmq-1j mmq-f\">Die Informationen auf dieser Homepage stellen die zum Zeitpunkt der Publikation neuesten Informationen dar. Xpand austria beh\u00e4lt sich das Recht vor, bei Bedarf \u00c4nderungen durchzuf\u00fchren. Aus den hier beschriebenen Themenbereichen k\u00f6nnen keine Rechtsanspr\u00fcche abgeleitet werden. S\u00e4mtliche Texte auf der Website wurden sorgf\u00e4ltig gepr\u00fcft. Dessen ungeachtet kann keine Garantie f\u00fcr Richtigkeit, Vollst\u00e4ndigkeit und Aktualit\u00e4t der Angaben \u00fcbernommen werden.<\/div><div class=\"x-text x-text-headline e818-e16 mmq-r mmq-s mmq-u\"><div class=\"x-text-content\"><div class=\"x-text-content-text\"><h2 class=\"x-text-content-text-primary\">Copyright<\/h2>\n<\/div><\/div><\/div><div style=\"--tco-dcmq-z:rgb(28, 28, 28);--tco-dcmq-12:rgb(28, 28, 28);\" class=\"x-text x-content e818-e17-v0 mmq-1d mmq-1k mmq-g\">\u00a9 2025 xpand austria gmbh. Alle Rechte vorbehalten. Die Informationen sind Eigentum von xpand austria. Die Inhalte d\u00fcrfen weder ganz noch teilweise ohne vorherige schriftliche Genehmigung des Urhebers vervielf\u00e4ltigt und\/oder ver\u00f6ffentlicht oder in einem Informationssystem gespeichert werden.<\/div><div class=\"x-text x-text-headline e818-e18 mmq-r mmq-s mmq-u\"><div class=\"x-text-content\"><div class=\"x-text-content-text\"><h2 class=\"x-text-content-text-primary\">Links<\/h2>\n<\/div><\/div><\/div><div style=\"--tco-dcmq-13:rgb(28, 28, 28);--tco-dcmq-16:rgb(28, 28, 28);\" class=\"x-text x-content e818-e19-v0 mmq-1d mmq-1l mmq-h\">Eigene Links auf fremde Seiten stellen nur Wegweiser zu diesen Seiten dar; sie werden deshalb regelm\u00e4\u00dfig mittels externem Link in einem eigenen Browserfenster dargestellt. xpand austria identifiziert sich nicht mit dem Inhalt der Seiten, auf die gelinkt wird und \u00fcbernimmt daf\u00fcr keine Haftung. Sollte eine der Seiten, auf die gelinkt wird, bedenkliche oder rechtswidrige Inhalte aufweisen, wird um Mitteilung ersucht; in einem solchen Falle wird der Link sofort gel\u00f6scht. Links auf diese Website \u2013 auch auf Seiten in der Tiefe \u2013 sind erw\u00fcnscht. Eine \u00dcbernahme des Hauptfensters in ein Frame-Set des Linksetzers ist unzul\u00e4ssig.<\/div><hr class=\"x-line e818-e20-v0 mmq-z mmq-11 mmq-i\" style=\"--tco-dcmq-17:rgb(203,0,26);\"\/><a class=\"x-div e818-e21-v0 mmq-12 mmq-14 mmq-16 mmq-18 mmq-19 mmq-j\" style=\"--tco-dcmq-18:1.2em;\" href=\"https:\/\/xpand.one\/at\/wp-content\/uploads\/AGB-xpand-Austria-GmbH.pdf\" target=\"_blank\" rel=\"noopener noreferrer\" data-x-effect-provider=\"colors particles effects\"><span class=\"x-icon e818-e21-v1 mmq-1m mmq-1n\" aria-hidden=\"true\" style=\"--tco-dcmq-19:rgb(203,0,26);--tco-dcmq-1a:rgb(203,0,26);\"><svg xmlns=\"http:\/\/www.w3.org\/2000\/svg\" viewBox=\"0 0 512 512\"><!--! Font Awesome Pro 6.7.2 by @fontawesome - https:\/\/fontawesome.com License - https:\/\/fontawesome.com\/license (Commercial License) Copyright 2024 Fonticons, Inc. --><path d=\"M0 256a256 256 0 1 0 512 0A256 256 0 1 0 0 256zM297 385c-9.4 9.4-24.6 9.4-33.9 0s-9.4-24.6 0-33.9l71-71L120 280c-13.3 0-24-10.7-24-24s10.7-24 24-24l214.1 0-71-71c-9.4-9.4-9.4-24.6 0-33.9s24.6-9.4 33.9 0L409 239c9.4 9.4 9.4 24.6 0 33.9L297 385z\"\/><\/svg><\/span><div style=\"--tco-dcmq-1b:rgb(14,23,86);--tco-dcmq-1e:rgb(14,23,86);\" class=\"x-text x-text-headline e818-e21-v2 mmq-s mmq-v mmq-w\"><div class=\"x-text-content\"><div class=\"x-text-content-text\"><span class=\"x-text-content-text-primary\">Allgemeine Gesch\u00e4ftsbedingungen (AGB)<\/span>\n<\/div><\/div><\/div><\/a><a class=\"x-div e818-e22-v0 mmq-12 mmq-14 mmq-16 mmq-18 mmq-1a mmq-k\" style=\"--tco-dcmq-1f:1.2em;\" href=\"https:\/\/xpand.one\/at\/wp-content\/uploads\/Widerrufsrecht-xpand-Austria-GmbH.pdf\" target=\"_blank\" rel=\"noopener noreferrer\" data-x-effect-provider=\"colors particles effects\"><span class=\"x-icon e818-e22-v1 mmq-1m mmq-1o\" aria-hidden=\"true\" style=\"--tco-dcmq-1g:rgb(203,0,26);--tco-dcmq-1h:rgb(203,0,26);\"><svg xmlns=\"http:\/\/www.w3.org\/2000\/svg\" viewBox=\"0 0 512 512\"><!--! Font Awesome Pro 6.7.2 by @fontawesome - https:\/\/fontawesome.com License - https:\/\/fontawesome.com\/license (Commercial License) Copyright 2024 Fonticons, Inc. --><path d=\"M0 256a256 256 0 1 0 512 0A256 256 0 1 0 0 256zM297 385c-9.4 9.4-24.6 9.4-33.9 0s-9.4-24.6 0-33.9l71-71L120 280c-13.3 0-24-10.7-24-24s10.7-24 24-24l214.1 0-71-71c-9.4-9.4-9.4-24.6 0-33.9s24.6-9.4 33.9 0L409 239c9.4 9.4 9.4 24.6 0 33.9L297 385z\"\/><\/svg><\/span><div style=\"--tco-dcmq-1i:rgb(14,23,86);--tco-dcmq-1l:rgb(14,23,86);\" class=\"x-text x-text-headline e818-e22-v2 mmq-s mmq-v mmq-x\"><div class=\"x-text-content\"><div class=\"x-text-content-text\"><span class=\"x-text-content-text-primary\">Widerrufsrecht<\/span>\n<\/div><\/div><\/div><\/a><a class=\"x-div e818-e23-v0 mmq-12 mmq-14 mmq-16 mmq-18 mmq-1b mmq-l\" style=\"--tco-dcmq-1m:1.2em;\" href=\"https:\/\/xpand.one\/at\/wp-content\/uploads\/Widerrufsformular-xpand-Austria-GmbH.pdf\" target=\"_blank\" rel=\"noopener noreferrer\" data-x-effect-provider=\"colors particles effects\"><span class=\"x-icon e818-e23-v1 mmq-1m mmq-1p\" aria-hidden=\"true\" style=\"--tco-dcmq-1n:rgb(203,0,26);--tco-dcmq-1o:rgb(203,0,26);\"><svg xmlns=\"http:\/\/www.w3.org\/2000\/svg\" viewBox=\"0 0 512 512\"><!--! Font Awesome Pro 6.7.2 by @fontawesome - https:\/\/fontawesome.com License - https:\/\/fontawesome.com\/license (Commercial License) Copyright 2024 Fonticons, Inc. --><path d=\"M0 256a256 256 0 1 0 512 0A256 256 0 1 0 0 256zM297 385c-9.4 9.4-24.6 9.4-33.9 0s-9.4-24.6 0-33.9l71-71L120 280c-13.3 0-24-10.7-24-24s10.7-24 24-24l214.1 0-71-71c-9.4-9.4-9.4-24.6 0-33.9s24.6-9.4 33.9 0L409 239c9.4 9.4 9.4 24.6 0 33.9L297 385z\"\/><\/svg><\/span><div style=\"--tco-dcmq-1p:rgb(14,23,86);--tco-dcmq-1s:rgb(14,23,86);\" class=\"x-text x-text-headline e818-e23-v2 mmq-s mmq-v mmq-y\"><div class=\"x-text-content\"><div class=\"x-text-content-text\"><span class=\"x-text-content-text-primary\">Widerrufsformular<\/span>\n<\/div><\/div><\/div><\/a><\/div><\/div><\/div>","protected":false},"excerpt":{"rendered":"<p>Impressum Information gem. \u00a7 5 ECG und Offenlegung gem. \u00a7 25 MedienG xpand Austria GmbH Lieferinger Hauptstra\u00dfe 140\/4 5020 Salzburg \u00d6sterreichGesch\u00e4ftsf\u00fchrender Gesellschafter Helmut RothFirmenbuchnummer FN 399787 yLandesgericht Landesgericht Salzburg UID: ATU68132317 DVR-Nr.: 4011797Kontakt t: +43 (0) 662 \u2013 821914 f: +43 (0) 662 \u2013 841881 e: info@xpand.atHaftung Die Informationen auf dieser Homepage stellen die zum Zeitpunkt der Publikation neuesten Informationen&hellip;<\/p>\n","protected":false},"author":1,"featured_media":0,"parent":0,"menu_order":0,"comment_status":"closed","ping_status":"closed","template":"template-blank-4.php","meta":{"_acf_changed":false,"inline_featured_image":false,"footnotes":""},"class_list":["post-818","page","type-page","status-publish","hentry","no-post-thumbnail"],"acf":[],"yoast_head":"<!-- This site is optimized with the Yoast SEO plugin v25.5 - https:\/\/yoast.com\/wordpress\/plugins\/seo\/ -->\n<title>Impressum | xpand AT<\/title>\n<meta name=\"robots\" content=\"index, follow, max-snippet:-1, max-image-preview:large, max-video-preview:-1\" \/>\n<link rel=\"canonical\" href=\"https:\/\/xpand.one\/at\/impressum\/\" \/>\n<meta property=\"og:locale\" content=\"de_DE\" \/>\n<meta property=\"og:type\" content=\"article\" \/>\n<meta property=\"og:title\" content=\"Impressum | xpand AT\" \/>\n<meta property=\"og:description\" content=\"Impressum Information gem. \u00a7 5 ECG und Offenlegung gem. \u00a7 25 MedienG xpand Austria GmbH Lieferinger Hauptstra\u00dfe 140\/4 5020 Salzburg \u00d6sterreichGesch\u00e4ftsf\u00fchrender Gesellschafter Helmut RothFirmenbuchnummer FN 399787 yLandesgericht Landesgericht Salzburg UID: ATU68132317 DVR-Nr.: 4011797Kontakt t: +43 (0) 662 \u2013 821914 f: +43 (0) 662 \u2013 841881 e: info@xpand.atHaftung Die Informationen auf dieser Homepage stellen die zum Zeitpunkt der Publikation neuesten Informationen&hellip;\" \/>\n<meta property=\"og:url\" content=\"https:\/\/xpand.one\/at\/impressum\/\" \/>\n<meta property=\"og:site_name\" content=\"xpand AT\" \/>\n<meta property=\"article:modified_time\" content=\"2025-08-29T15:03:56+00:00\" \/>\n<meta property=\"og:image\" content=\"https:\/\/xpand.one\/at\/wp-content\/uploads\/xpand-pic-16-scaled.jpg\" \/>\n<meta name=\"twitter:card\" content=\"summary_large_image\" \/>\n<meta name=\"twitter:label1\" content=\"Gesch\u00e4tzte Lesezeit\" \/>\n\t<meta name=\"twitter:data1\" content=\"1\u00a0Minute\" \/>\n<script type=\"application\/ld+json\" class=\"yoast-schema-graph\">{\"@context\":\"https:\/\/schema.org\",\"@graph\":[{\"@type\":\"WebPage\",\"@id\":\"https:\/\/xpand.one\/at\/impressum\/\",\"url\":\"https:\/\/xpand.one\/at\/impressum\/\",\"name\":\"Impressum | xpand AT\",\"isPartOf\":{\"@id\":\"https:\/\/xpand.one\/at\/#website\"},\"primaryImageOfPage\":{\"@id\":\"https:\/\/xpand.one\/at\/impressum\/#primaryimage\"},\"image\":{\"@id\":\"https:\/\/xpand.one\/at\/impressum\/#primaryimage\"},\"thumbnailUrl\":\"https:\/\/xpand.one\/at\/wp-content\/uploads\/xpand-pic-16-scaled.jpg\",\"datePublished\":\"2025-07-08T13:06:03+00:00\",\"dateModified\":\"2025-08-29T15:03:56+00:00\",\"breadcrumb\":{\"@id\":\"https:\/\/xpand.one\/at\/impressum\/#breadcrumb\"},\"inLanguage\":\"de\",\"potentialAction\":[{\"@type\":\"ReadAction\",\"target\":[\"https:\/\/xpand.one\/at\/impressum\/\"]}]},{\"@type\":\"ImageObject\",\"inLanguage\":\"de\",\"@id\":\"https:\/\/xpand.one\/at\/impressum\/#primaryimage\",\"url\":\"https:\/\/xpand.one\/at\/wp-content\/uploads\/xpand-pic-16-scaled.jpg\",\"contentUrl\":\"https:\/\/xpand.one\/at\/wp-content\/uploads\/xpand-pic-16-scaled.jpg\",\"width\":2560,\"height\":1708,\"caption\":\"Hills is on the light. Beautiful sunset in the Italian majestic Seceda dolomite mountains.\"},{\"@type\":\"BreadcrumbList\",\"@id\":\"https:\/\/xpand.one\/at\/impressum\/#breadcrumb\",\"itemListElement\":[{\"@type\":\"ListItem\",\"position\":1,\"name\":\"Home\",\"item\":\"https:\/\/xpand.one\/at\/\"},{\"@type\":\"ListItem\",\"position\":2,\"name\":\"Impressum\"}]},{\"@type\":\"WebSite\",\"@id\":\"https:\/\/xpand.one\/at\/#website\",\"url\":\"https:\/\/xpand.one\/at\/\",\"name\":\"xpand AT\",\"description\":\"Inspiration, Motivation, Vision\",\"potentialAction\":[{\"@type\":\"SearchAction\",\"target\":{\"@type\":\"EntryPoint\",\"urlTemplate\":\"https:\/\/xpand.one\/at\/?s={search_term_string}\"},\"query-input\":{\"@type\":\"PropertyValueSpecification\",\"valueRequired\":true,\"valueName\":\"search_term_string\"}}],\"inLanguage\":\"de\"}]}<\/script>\n<!-- \/ Yoast SEO plugin. -->","yoast_head_json":{"title":"Impressum | xpand AT","robots":{"index":"index","follow":"follow","max-snippet":"max-snippet:-1","max-image-preview":"max-image-preview:large","max-video-preview":"max-video-preview:-1"},"canonical":"https:\/\/xpand.one\/at\/impressum\/","og_locale":"de_DE","og_type":"article","og_title":"Impressum | xpand AT","og_description":"Impressum Information gem. \u00a7 5 ECG und Offenlegung gem. \u00a7 25 MedienG xpand Austria GmbH Lieferinger Hauptstra\u00dfe 140\/4 5020 Salzburg \u00d6sterreichGesch\u00e4ftsf\u00fchrender Gesellschafter Helmut RothFirmenbuchnummer FN 399787 yLandesgericht Landesgericht Salzburg UID: ATU68132317 DVR-Nr.: 4011797Kontakt t: +43 (0) 662 \u2013 821914 f: +43 (0) 662 \u2013 841881 e: info@xpand.atHaftung Die Informationen auf dieser Homepage stellen die zum Zeitpunkt der Publikation neuesten Informationen&hellip;","og_url":"https:\/\/xpand.one\/at\/impressum\/","og_site_name":"xpand AT","article_modified_time":"2025-08-29T15:03:56+00:00","og_image":[{"url":"https:\/\/xpand.one\/at\/wp-content\/uploads\/xpand-pic-16-scaled.jpg","type":"","width":"","height":""}],"twitter_card":"summary_large_image","twitter_misc":{"Gesch\u00e4tzte Lesezeit":"1\u00a0Minute"},"schema":{"@context":"https:\/\/schema.org","@graph":[{"@type":"WebPage","@id":"https:\/\/xpand.one\/at\/impressum\/","url":"https:\/\/xpand.one\/at\/impressum\/","name":"Impressum | xpand AT","isPartOf":{"@id":"https:\/\/xpand.one\/at\/#website"},"primaryImageOfPage":{"@id":"https:\/\/xpand.one\/at\/impressum\/#primaryimage"},"image":{"@id":"https:\/\/xpand.one\/at\/impressum\/#primaryimage"},"thumbnailUrl":"https:\/\/xpand.one\/at\/wp-content\/uploads\/xpand-pic-16-scaled.jpg","datePublished":"2025-07-08T13:06:03+00:00","dateModified":"2025-08-29T15:03:56+00:00","breadcrumb":{"@id":"https:\/\/xpand.one\/at\/impressum\/#breadcrumb"},"inLanguage":"de","potentialAction":[{"@type":"ReadAction","target":["https:\/\/xpand.one\/at\/impressum\/"]}]},{"@type":"ImageObject","inLanguage":"de","@id":"https:\/\/xpand.one\/at\/impressum\/#primaryimage","url":"https:\/\/xpand.one\/at\/wp-content\/uploads\/xpand-pic-16-scaled.jpg","contentUrl":"https:\/\/xpand.one\/at\/wp-content\/uploads\/xpand-pic-16-scaled.jpg","width":2560,"height":1708,"caption":"Hills is on the light. Beautiful sunset in the Italian majestic Seceda dolomite mountains."},{"@type":"BreadcrumbList","@id":"https:\/\/xpand.one\/at\/impressum\/#breadcrumb","itemListElement":[{"@type":"ListItem","position":1,"name":"Home","item":"https:\/\/xpand.one\/at\/"},{"@type":"ListItem","position":2,"name":"Impressum"}]},{"@type":"WebSite","@id":"https:\/\/xpand.one\/at\/#website","url":"https:\/\/xpand.one\/at\/","name":"xpand AT","description":"Inspiration, Motivation, Vision","potentialAction":[{"@type":"SearchAction","target":{"@type":"EntryPoint","urlTemplate":"https:\/\/xpand.one\/at\/?s={search_term_string}"},"query-input":{"@type":"PropertyValueSpecification","valueRequired":true,"valueName":"search_term_string"}}],"inLanguage":"de"}]}},"_links":{"self":[{"href":"https:\/\/xpand.one\/at\/wp-json\/wp\/v2\/pages\/818","targetHints":{"allow":["GET"]}}],"collection":[{"href":"https:\/\/xpand.one\/at\/wp-json\/wp\/v2\/pages"}],"about":[{"href":"https:\/\/xpand.one\/at\/wp-json\/wp\/v2\/types\/page"}],"author":[{"embeddable":true,"href":"https:\/\/xpand.one\/at\/wp-json\/wp\/v2\/users\/1"}],"replies":[{"embeddable":true,"href":"https:\/\/xpand.one\/at\/wp-json\/wp\/v2\/comments?post=818"}],"version-history":[{"count":7,"href":"https:\/\/xpand.one\/at\/wp-json\/wp\/v2\/pages\/818\/revisions"}],"predecessor-version":[{"id":887,"href":"https:\/\/xpand.one\/at\/wp-json\/wp\/v2\/pages\/818\/revisions\/887"}],"wp:attachment":[{"href":"https:\/\/xpand.one\/at\/wp-json\/wp\/v2\/media?parent=818"}],"curies":[{"name":"wp","href":"https:\/\/api.w.org\/{rel}","templated":true}]}}