{"id":1039,"date":"2024-08-06T18:36:24","date_gmt":"2024-08-06T16:36:24","guid":{"rendered":"https:\/\/xpand.one\/ch\/accueil\/"},"modified":"2026-02-17T12:24:04","modified_gmt":"2026-02-17T11:24:04","slug":"accueil","status":"publish","type":"page","link":"https:\/\/xpand.one\/ch\/fr\/","title":{"rendered":"Accueil"},"content":{"rendered":"<div id=\"cs-content\" class=\"cs-content\"><div class=\"x-section e1039-e1-v0 msv-0 msv-2\" style=\"--tco-dcsv-1:transparent;\"><div class=\"x-div x-container max width e1039-e1-v1 msv-6 msv-7 msv-1 x-effect-exit\" style=\"--tco-dcsv-4:transparent;\" data-x-effect=\"{&quot;scroll&quot;:true,&quot;offsetTop&quot;:&quot;10%&quot;,&quot;offsetBottom&quot;:&quot;10%&quot;,&quot;behaviorScroll&quot;:&quot;fire-once&quot;}\"><div class=\"x-div e1039-e3-v0 msv-7 msv-8 msv-3\"><div style=\"--tco-dcsv-6:rgb(203,0,26);--tco-dcsv-9:rgb(203,0,26);--tco-dcsv-a:rgb(203,0,26);--tco-dcsv-d:rgb(203,0,26);\" class=\"x-text x-text-headline e1039-e3-v1 msv-9 msv-a is-type-headline\"><div class=\"x-text-content\"><div class=\"x-text-content-text\"><span class=\"x-text-content-text-primary\"><\/span>\n<\/div><\/div><\/div><div style=\"--tco-dcsv-e:rgb(203,0,26);--tco-dcsv-h:rgb(203,0,26);--tco-dcsv-i:rgb(203,0,26);--tco-dcsv-l:rgb(203,0,26);--tco-dcsv-m:rgb(203,0,26);--tco-dcsv-p:rgb(203,0,26);\" class=\"x-text x-text-headline e1039-e3-v2 msv-a msv-b is-type-headline\"><div class=\"x-text-content\"><div class=\"x-text-content-text\"><h3 class=\"x-text-content-text-primary\">Chers passionn\u00e9s de XPAND<\/h3>\n<\/div><\/div><\/div><\/div><div style=\"--tco-dcsv-q:rgb(28, 28, 28);--tco-dcsv-t:rgb(28, 28, 28);\" class=\"x-text x-content e1039-e4-v0 msv-c msv-d msv-4\"><p><strong>Mutanfall et xpand Schweiz GmbH forment d\u00e9sormais Valorage.<\/strong><\/p>\n<p>Nous collaborons depuis plus d'un an et avons r\u00e9alis\u00e9 que notre collaboration va bien au-del\u00e0 d'une simple coop\u00e9ration. Notre passion commune pour les personnes, les \u00e9quipes et les organisations s'est d\u00e9velopp\u00e9e. C'est pourquoi nous lui avons donn\u00e9 un nom.<\/p>\n<p>Valorage signifie Valeur et Courage : d\u00e9finir clairement ses valeurs et agir avec courage. C'est pr\u00e9cis\u00e9ment l\u00e0 que nous intervenons : dans les processus de transformation, le coaching, la m\u00e9diation, les ateliers strat\u00e9giques, le d\u00e9veloppement d'\u00e9quipe\u2026 bref, partout o\u00f9 les personnes et les organisations sont actives.<\/p>\n<p>Notre conviction : ce qui se passe en interne doit se refl\u00e9ter \u00e0 l'ext\u00e9rieur. Valeurs, attitude, culture : pas seulement des mots, mais une pratique v\u00e9cue. Et oui, cela demande parfois du courage.<\/p>\n<p>Ce qui demeure ? Notre passion pour la d\u00e9couverte. De nouvelles m\u00e9thodes, des outils optimis\u00e9s, des solutions sur mesure et le plaisir d'apprendre ensemble. Car pour nous, le conseil n'est pas une question de \u00ab nous savons mieux \u00bb, mais un processus de d\u00e9veloppement collaboratif.<\/p>\n<p>Nous nous r\u00e9jouissons de poursuivre cette aventure avec vous.<br \/>\nN'h\u00e9sitez pas \u00e0 nous contacter pour toute question.<\/p>\n<p><a href=\"mailto:michael.hein@valorage.ch\">michael.hein@valorage.ch<\/a> \/\/ <a href=\"https:\/\/valorage.ch\">valorage.ch<\/a><\/p><\/div><div style=\"--tco-dcsv-u:rgb(28, 28, 28);--tco-dcsv-x:rgb(28, 28, 28);\" class=\"x-text x-content e1039-e5-v0 msv-d msv-e msv-5\"><p><em><strong>Vous trouverez les autres filiales de xpand international \u00e0 l'adresse suivante<br \/>\n<a href=\"https:\/\/xpand.one\" target=\"_blank\" rel=\"noopener\">xpand.one<\/a><\/strong><\/em><\/p><\/div><\/div><\/div><\/div>","protected":false},"excerpt":{"rendered":"<p>Chers passionn\u00e9s de XPAND Mutanfall et xpand Schweiz GmbH forment d\u00e9sormais Valorage. Nous collaborons depuis plus d&rsquo;un an et avons r\u00e9alis\u00e9 que notre collaboration va bien au-del\u00e0 d&rsquo;une simple coop\u00e9ration. Notre passion commune pour les personnes, les \u00e9quipes et les organisations s&rsquo;est d\u00e9velopp\u00e9e. C&rsquo;est pourquoi nous lui avons donn\u00e9 un nom. Valorage signifie Valeur et Courage : d\u00e9finir clairement ses\u2026<\/p>\n","protected":false},"author":2,"featured_media":0,"parent":0,"menu_order":1,"comment_status":"closed","ping_status":"closed","template":"template-blank-4.php","meta":{"_acf_changed":false,"inline_featured_image":false,"footnotes":""},"class_list":["post-1039","page","type-page","status-publish","hentry","no-post-thumbnail"],"acf":[],"yoast_head":"<!-- This site is optimized with the Yoast SEO plugin v27.0 - https:\/\/yoast.com\/product\/yoast-seo-wordpress\/ -->\n<title>xpand CH | Inspiration, Motivation, Vision%<\/title>\n<meta name=\"robots\" content=\"index, follow, max-snippet:-1, max-image-preview:large, max-video-preview:-1\" \/>\n<link rel=\"canonical\" href=\"https:\/\/xpand.one\/ch\/fr\/\" \/>\n<meta property=\"og:locale\" content=\"fr_FR\" \/>\n<meta property=\"og:type\" content=\"article\" \/>\n<meta property=\"og:title\" content=\"xpand CH | Inspiration, Motivation, Vision%\" \/>\n<meta property=\"og:description\" content=\"Chers passionn\u00e9s de XPAND Mutanfall et xpand Schweiz GmbH forment d\u00e9sormais Valorage. Nous collaborons depuis plus d&#039;un an et avons r\u00e9alis\u00e9 que notre collaboration va bien au-del\u00e0 d&#039;une simple coop\u00e9ration. Notre passion commune pour les personnes, les \u00e9quipes et les organisations s&#039;est d\u00e9velopp\u00e9e. C&#039;est pourquoi nous lui avons donn\u00e9 un nom. Valorage signifie Valeur et Courage : d\u00e9finir clairement ses\u2026\" \/>\n<meta property=\"og:url\" content=\"https:\/\/xpand.one\/ch\/fr\/\" \/>\n<meta property=\"og:site_name\" content=\"xpand CH\" \/>\n<meta property=\"article:modified_time\" content=\"2026-02-17T11:24:04+00:00\" \/>\n<meta property=\"og:image\" content=\"https:\/\/xpand.one\/ch\/wp-content\/uploads\/2024\/11\/Featured-Image.jpg\" \/>\n\t<meta property=\"og:image:width\" content=\"1200\" \/>\n\t<meta property=\"og:image:height\" content=\"675\" \/>\n\t<meta property=\"og:image:type\" content=\"image\/jpeg\" \/>\n<meta name=\"twitter:card\" content=\"summary_large_image\" \/>\n<meta name=\"twitter:label1\" content=\"Dur\u00e9e de lecture estim\u00e9e\" \/>\n\t<meta name=\"twitter:data1\" content=\"1 minute\" \/>\n<script type=\"application\/ld+json\" class=\"yoast-schema-graph\">{\"@context\":\"https:\/\/schema.org\",\"@graph\":[{\"@type\":\"WebPage\",\"@id\":\"https:\/\/xpand.one\/ch\/fr\/\",\"url\":\"https:\/\/xpand.one\/ch\/fr\/\",\"name\":\"xpand CH | Inspiration, Motivation, Vision%\",\"isPartOf\":{\"@id\":\"https:\/\/xpand.one\/ch\/fr\/#website\"},\"datePublished\":\"2024-08-06T16:36:24+00:00\",\"dateModified\":\"2026-02-17T11:24:04+00:00\",\"breadcrumb\":{\"@id\":\"https:\/\/xpand.one\/ch\/fr\/#breadcrumb\"},\"inLanguage\":\"fr-FR\",\"potentialAction\":[{\"@type\":\"ReadAction\",\"target\":[\"https:\/\/xpand.one\/ch\/fr\/\"]}]},{\"@type\":\"BreadcrumbList\",\"@id\":\"https:\/\/xpand.one\/ch\/fr\/#breadcrumb\",\"itemListElement\":[{\"@type\":\"ListItem\",\"position\":1,\"name\":\"Home\",\"item\":\"https:\/\/xpand.one\/ch\/fr\/accueil\/\"},{\"@type\":\"ListItem\",\"position\":2,\"name\":\"Accueil\"}]},{\"@type\":\"WebSite\",\"@id\":\"https:\/\/xpand.one\/ch\/fr\/#website\",\"url\":\"https:\/\/xpand.one\/ch\/fr\/\",\"name\":\"xpand CH\",\"description\":\"Inspiration, Motivation, Vision\",\"publisher\":{\"@id\":\"https:\/\/xpand.one\/ch\/fr\/#organization\"},\"potentialAction\":[{\"@type\":\"SearchAction\",\"target\":{\"@type\":\"EntryPoint\",\"urlTemplate\":\"https:\/\/xpand.one\/ch\/fr\/?s={search_term_string}\"},\"query-input\":{\"@type\":\"PropertyValueSpecification\",\"valueRequired\":true,\"valueName\":\"search_term_string\"}}],\"inLanguage\":\"fr-FR\"},{\"@type\":\"Organization\",\"@id\":\"https:\/\/xpand.one\/ch\/fr\/#organization\",\"name\":\"xpand Schweiz GmbH\",\"url\":\"https:\/\/xpand.one\/ch\/fr\/\",\"logo\":{\"@type\":\"ImageObject\",\"inLanguage\":\"fr-FR\",\"@id\":\"https:\/\/xpand.one\/ch\/fr\/#\/schema\/logo\/image\/\",\"url\":\"https:\/\/xpand.one\/ch\/wp-content\/uploads\/2024\/11\/Organisation-Logo.jpg\",\"contentUrl\":\"https:\/\/xpand.one\/ch\/wp-content\/uploads\/2024\/11\/Organisation-Logo.jpg\",\"width\":696,\"height\":696,\"caption\":\"xpand Schweiz GmbH\"},\"image\":{\"@id\":\"https:\/\/xpand.one\/ch\/fr\/#\/schema\/logo\/image\/\"}}]}<\/script>\n<!-- \/ Yoast SEO plugin. -->","yoast_head_json":{"title":"xpand CH | Inspiration, Motivation, Vision%","robots":{"index":"index","follow":"follow","max-snippet":"max-snippet:-1","max-image-preview":"max-image-preview:large","max-video-preview":"max-video-preview:-1"},"canonical":"https:\/\/xpand.one\/ch\/fr\/","og_locale":"fr_FR","og_type":"article","og_title":"xpand CH | Inspiration, Motivation, Vision%","og_description":"Chers passionn\u00e9s de XPAND Mutanfall et xpand Schweiz GmbH forment d\u00e9sormais Valorage. Nous collaborons depuis plus d'un an et avons r\u00e9alis\u00e9 que notre collaboration va bien au-del\u00e0 d'une simple coop\u00e9ration. Notre passion commune pour les personnes, les \u00e9quipes et les organisations s'est d\u00e9velopp\u00e9e. C'est pourquoi nous lui avons donn\u00e9 un nom. Valorage signifie Valeur et Courage : d\u00e9finir clairement ses\u2026","og_url":"https:\/\/xpand.one\/ch\/fr\/","og_site_name":"xpand CH","article_modified_time":"2026-02-17T11:24:04+00:00","og_image":[{"width":1200,"height":675,"url":"https:\/\/xpand.one\/ch\/wp-content\/uploads\/2024\/11\/Featured-Image.jpg","type":"image\/jpeg"}],"twitter_card":"summary_large_image","twitter_misc":{"Dur\u00e9e de lecture estim\u00e9e":"1 minute"},"schema":{"@context":"https:\/\/schema.org","@graph":[{"@type":"WebPage","@id":"https:\/\/xpand.one\/ch\/fr\/","url":"https:\/\/xpand.one\/ch\/fr\/","name":"xpand CH | Inspiration, Motivation, Vision%","isPartOf":{"@id":"https:\/\/xpand.one\/ch\/fr\/#website"},"datePublished":"2024-08-06T16:36:24+00:00","dateModified":"2026-02-17T11:24:04+00:00","breadcrumb":{"@id":"https:\/\/xpand.one\/ch\/fr\/#breadcrumb"},"inLanguage":"fr-FR","potentialAction":[{"@type":"ReadAction","target":["https:\/\/xpand.one\/ch\/fr\/"]}]},{"@type":"BreadcrumbList","@id":"https:\/\/xpand.one\/ch\/fr\/#breadcrumb","itemListElement":[{"@type":"ListItem","position":1,"name":"Home","item":"https:\/\/xpand.one\/ch\/fr\/accueil\/"},{"@type":"ListItem","position":2,"name":"Accueil"}]},{"@type":"WebSite","@id":"https:\/\/xpand.one\/ch\/fr\/#website","url":"https:\/\/xpand.one\/ch\/fr\/","name":"xpand CH","description":"Inspiration, Motivation, Vision","publisher":{"@id":"https:\/\/xpand.one\/ch\/fr\/#organization"},"potentialAction":[{"@type":"SearchAction","target":{"@type":"EntryPoint","urlTemplate":"https:\/\/xpand.one\/ch\/fr\/?s={search_term_string}"},"query-input":{"@type":"PropertyValueSpecification","valueRequired":true,"valueName":"search_term_string"}}],"inLanguage":"fr-FR"},{"@type":"Organization","@id":"https:\/\/xpand.one\/ch\/fr\/#organization","name":"xpand Schweiz GmbH","url":"https:\/\/xpand.one\/ch\/fr\/","logo":{"@type":"ImageObject","inLanguage":"fr-FR","@id":"https:\/\/xpand.one\/ch\/fr\/#\/schema\/logo\/image\/","url":"https:\/\/xpand.one\/ch\/wp-content\/uploads\/2024\/11\/Organisation-Logo.jpg","contentUrl":"https:\/\/xpand.one\/ch\/wp-content\/uploads\/2024\/11\/Organisation-Logo.jpg","width":696,"height":696,"caption":"xpand Schweiz GmbH"},"image":{"@id":"https:\/\/xpand.one\/ch\/fr\/#\/schema\/logo\/image\/"}}]}},"_links":{"self":[{"href":"https:\/\/xpand.one\/ch\/fr\/wp-json\/wp\/v2\/pages\/1039","targetHints":{"allow":["GET"]}}],"collection":[{"href":"https:\/\/xpand.one\/ch\/fr\/wp-json\/wp\/v2\/pages"}],"about":[{"href":"https:\/\/xpand.one\/ch\/fr\/wp-json\/wp\/v2\/types\/page"}],"author":[{"embeddable":true,"href":"https:\/\/xpand.one\/ch\/fr\/wp-json\/wp\/v2\/users\/2"}],"replies":[{"embeddable":true,"href":"https:\/\/xpand.one\/ch\/fr\/wp-json\/wp\/v2\/comments?post=1039"}],"version-history":[{"count":12,"href":"https:\/\/xpand.one\/ch\/fr\/wp-json\/wp\/v2\/pages\/1039\/revisions"}],"predecessor-version":[{"id":1147,"href":"https:\/\/xpand.one\/ch\/fr\/wp-json\/wp\/v2\/pages\/1039\/revisions\/1147"}],"wp:attachment":[{"href":"https:\/\/xpand.one\/ch\/fr\/wp-json\/wp\/v2\/media?parent=1039"}],"curies":[{"name":"wp","href":"https:\/\/api.w.org\/{rel}","templated":true}]}}