{"id":1041,"date":"2024-11-22T10:41:37","date_gmt":"2024-11-22T09:41:37","guid":{"rendered":"https:\/\/xpand.one\/ch\/mentions-legales\/"},"modified":"2025-03-10T11:55:41","modified_gmt":"2025-03-10T10:55:41","slug":"mentions-legales","status":"publish","type":"page","link":"https:\/\/xpand.one\/ch\/fr\/mentions-legales\/","title":{"rendered":"Mentions l\u00e9gales"},"content":{"rendered":"<div id=\"cs-content\" class=\"cs-content\"><div class=\"x-section e1041-e1-v0 msx-0 msx-1\"><div class=\"x-grid e1041-e1-v1 msx-b msx-3 msx-4 x-effect-exit\" data-x-effect=\"{&quot;scroll&quot;:true,&quot;offsetTop&quot;:&quot;10%&quot;,&quot;offsetBottom&quot;:&quot;10%&quot;,&quot;behaviorScroll&quot;:&quot;fire-once&quot;}\"><div class=\"x-cell e1041-e1-v2 msx-c msx-d\"><span class=\"x-image e1041-e1-v3 msx-f msx-5\"><img decoding=\"async\" src=\"https:\/\/xpand.one\/ch\/wp-content\/uploads\/xpand-pic-41.jpg\" width=\"1000\" height=\"666\" alt=\"Image\" loading=\"lazy\"><\/span><\/div><div class=\"x-cell e1041-e1-v4 msx-d msx-e msx-4 msx-6 x-effect-exit\" data-x-effect=\"{&quot;scroll&quot;:true,&quot;offsetTop&quot;:&quot;10%&quot;,&quot;offsetBottom&quot;:&quot;10%&quot;,&quot;behaviorScroll&quot;:&quot;fire-once&quot;}\"><div class=\"x-text x-text-headline e1041-e1-v5 msx-g\"><div class=\"x-text-content\"><div class=\"x-text-content-text\"><h1 class=\"x-text-content-text-primary\">Mentions l\u00e9gales<\/h1>\n<\/div><\/div><\/div><hr class=\"x-line e1041-e1-v6-v0 msx-h msx-7\" style=\"--tco-dcsx-0:rgb(203,0,26);\"\/><\/div><\/div><\/div><div class=\"x-section e1041-e2-v0 msx-0 msx-2 msx-9\" style=\"--tco-dcsx-6:transparent;\"><div class=\"x-div x-container max width e1041-e2-v1 msx-i msx-k msx-3 msx-4 x-effect-exit\" style=\"--tco-dcsx-9:transparent;\" data-x-effect=\"{&quot;scroll&quot;:true,&quot;offsetTop&quot;:&quot;10%&quot;,&quot;offsetBottom&quot;:&quot;10%&quot;,&quot;behaviorScroll&quot;:&quot;fire-once&quot;}\"><div style=\"--tco-dcsx-b:rgb(28, 28, 28);--tco-dcsx-e:rgb(28, 28, 28);\" class=\"x-text x-content e1041-e4-v0 msx-m msx-n msx-a\"><h2>xpand Schweiz GmbH<\/h2>\n<p>M\u00fchleg\u00e4ssli 1<br \/>\nCH-3303 M\u00fcnchringen<\/p>\n<p>Tel: +41 31 762 03 25<br \/>\nMail: info@xpand.ch<\/p>\n\n<h2>Directeur ex\u00e9cutif<\/h2>\n<p>Michael Hein<\/p>\n\n<h2>Garantie<\/h2>\n<p>Nous traitons et v\u00e9rifions soigneusement le contenu de ce site. N\u00e9anmoins, nous ne pouvons pas exclure des contenus erron\u00e9s ou ambigus et d\u00e9clinons donc toute responsabilit\u00e9 pour les dommages r\u00e9sultant de l'utilisation de ces contenus. Les sites web externes sont sous l'enti\u00e8re responsabilit\u00e9 de leurs exploitants, raison pour laquelle nous n'assumons aucune responsabilit\u00e9 pour les contenus des sites externes li\u00e9s.<\/p><\/div><\/div><\/div><\/div>","protected":false},"excerpt":{"rendered":"<p>Mentions l\u00e9gales xpand Schweiz GmbH M\u00fchleg\u00e4ssli 1 CH-3303 M\u00fcnchringen Tel: +41 31 762 03 25 Mail: info@xpand.ch Directeur ex\u00e9cutif Michael Hein Garantie Nous traitons et v\u00e9rifions soigneusement le contenu de ce site. N\u00e9anmoins, nous ne pouvons pas exclure des contenus erron\u00e9s ou ambigus et d\u00e9clinons donc toute responsabilit\u00e9 pour les dommages r\u00e9sultant de l&rsquo;utilisation de ces contenus. Les sites web\u2026<\/p>\n","protected":false},"author":1,"featured_media":0,"parent":0,"menu_order":91,"comment_status":"closed","ping_status":"closed","template":"template-blank-4.php","meta":{"_acf_changed":false,"inline_featured_image":false,"footnotes":""},"class_list":["post-1041","page","type-page","status-publish","hentry","no-post-thumbnail"],"acf":[],"yoast_head":"<!-- This site is optimized with the Yoast SEO plugin v27.0 - https:\/\/yoast.com\/product\/yoast-seo-wordpress\/ -->\n<title>Mentions l\u00e9gales | xpand CH<\/title>\n<meta name=\"robots\" content=\"index, follow, max-snippet:-1, max-image-preview:large, max-video-preview:-1\" \/>\n<link rel=\"canonical\" href=\"https:\/\/xpand.one\/ch\/fr\/mentions-legales\/\" \/>\n<meta property=\"og:locale\" content=\"fr_FR\" \/>\n<meta property=\"og:type\" content=\"article\" \/>\n<meta property=\"og:title\" content=\"Mentions l\u00e9gales | xpand CH\" \/>\n<meta property=\"og:description\" content=\"Mentions l\u00e9gales xpand Schweiz GmbH M\u00fchleg\u00e4ssli 1 CH-3303 M\u00fcnchringen Tel: +41 31 762 03 25 Mail: info@xpand.ch Directeur ex\u00e9cutif Michael Hein Garantie Nous traitons et v\u00e9rifions soigneusement le contenu de ce site. N\u00e9anmoins, nous ne pouvons pas exclure des contenus erron\u00e9s ou ambigus et d\u00e9clinons donc toute responsabilit\u00e9 pour les dommages r\u00e9sultant de l&#039;utilisation de ces contenus. Les sites web\u2026\" \/>\n<meta property=\"og:url\" content=\"https:\/\/xpand.one\/ch\/fr\/mentions-legales\/\" \/>\n<meta property=\"og:site_name\" content=\"xpand CH\" \/>\n<meta property=\"article:modified_time\" content=\"2025-03-10T10:55:41+00:00\" \/>\n<meta property=\"og:image\" content=\"https:\/\/xpand.one\/ch\/wp-content\/uploads\/xpand-pic-41.jpg\" \/>\n<meta name=\"twitter:card\" content=\"summary_large_image\" \/>\n<script type=\"application\/ld+json\" class=\"yoast-schema-graph\">{\"@context\":\"https:\/\/schema.org\",\"@graph\":[{\"@type\":\"WebPage\",\"@id\":\"https:\/\/xpand.one\/ch\/fr\/mentions-legales\/\",\"url\":\"https:\/\/xpand.one\/ch\/fr\/mentions-legales\/\",\"name\":\"Mentions l\u00e9gales | xpand CH\",\"isPartOf\":{\"@id\":\"https:\/\/xpand.one\/ch\/fr\/#website\"},\"primaryImageOfPage\":{\"@id\":\"https:\/\/xpand.one\/ch\/fr\/mentions-legales\/#primaryimage\"},\"image\":{\"@id\":\"https:\/\/xpand.one\/ch\/fr\/mentions-legales\/#primaryimage\"},\"thumbnailUrl\":\"https:\/\/xpand.one\/ch\/wp-content\/uploads\/xpand-pic-41.jpg\",\"datePublished\":\"2024-11-22T09:41:37+00:00\",\"dateModified\":\"2025-03-10T10:55:41+00:00\",\"breadcrumb\":{\"@id\":\"https:\/\/xpand.one\/ch\/fr\/mentions-legales\/#breadcrumb\"},\"inLanguage\":\"fr-FR\",\"potentialAction\":[{\"@type\":\"ReadAction\",\"target\":[\"https:\/\/xpand.one\/ch\/fr\/mentions-legales\/\"]}]},{\"@type\":\"ImageObject\",\"inLanguage\":\"fr-FR\",\"@id\":\"https:\/\/xpand.one\/ch\/fr\/mentions-legales\/#primaryimage\",\"url\":\"https:\/\/xpand.one\/ch\/wp-content\/uploads\/xpand-pic-41.jpg\",\"contentUrl\":\"https:\/\/xpand.one\/ch\/wp-content\/uploads\/xpand-pic-41.jpg\"},{\"@type\":\"BreadcrumbList\",\"@id\":\"https:\/\/xpand.one\/ch\/fr\/mentions-legales\/#breadcrumb\",\"itemListElement\":[{\"@type\":\"ListItem\",\"position\":1,\"name\":\"Home\",\"item\":\"https:\/\/xpand.one\/ch\/fr\/accueil\/\"},{\"@type\":\"ListItem\",\"position\":2,\"name\":\"Mentions l\u00e9gales\"}]},{\"@type\":\"WebSite\",\"@id\":\"https:\/\/xpand.one\/ch\/fr\/#website\",\"url\":\"https:\/\/xpand.one\/ch\/fr\/\",\"name\":\"xpand CH\",\"description\":\"Inspiration, Motivation, Vision\",\"publisher\":{\"@id\":\"https:\/\/xpand.one\/ch\/fr\/#organization\"},\"potentialAction\":[{\"@type\":\"SearchAction\",\"target\":{\"@type\":\"EntryPoint\",\"urlTemplate\":\"https:\/\/xpand.one\/ch\/fr\/?s={search_term_string}\"},\"query-input\":{\"@type\":\"PropertyValueSpecification\",\"valueRequired\":true,\"valueName\":\"search_term_string\"}}],\"inLanguage\":\"fr-FR\"},{\"@type\":\"Organization\",\"@id\":\"https:\/\/xpand.one\/ch\/fr\/#organization\",\"name\":\"xpand Schweiz GmbH\",\"url\":\"https:\/\/xpand.one\/ch\/fr\/\",\"logo\":{\"@type\":\"ImageObject\",\"inLanguage\":\"fr-FR\",\"@id\":\"https:\/\/xpand.one\/ch\/fr\/#\/schema\/logo\/image\/\",\"url\":\"https:\/\/xpand.one\/ch\/wp-content\/uploads\/2024\/11\/Organisation-Logo.jpg\",\"contentUrl\":\"https:\/\/xpand.one\/ch\/wp-content\/uploads\/2024\/11\/Organisation-Logo.jpg\",\"width\":696,\"height\":696,\"caption\":\"xpand Schweiz GmbH\"},\"image\":{\"@id\":\"https:\/\/xpand.one\/ch\/fr\/#\/schema\/logo\/image\/\"}}]}<\/script>\n<!-- \/ Yoast SEO plugin. -->","yoast_head_json":{"title":"Mentions l\u00e9gales | xpand CH","robots":{"index":"index","follow":"follow","max-snippet":"max-snippet:-1","max-image-preview":"max-image-preview:large","max-video-preview":"max-video-preview:-1"},"canonical":"https:\/\/xpand.one\/ch\/fr\/mentions-legales\/","og_locale":"fr_FR","og_type":"article","og_title":"Mentions l\u00e9gales | xpand CH","og_description":"Mentions l\u00e9gales xpand Schweiz GmbH M\u00fchleg\u00e4ssli 1 CH-3303 M\u00fcnchringen Tel: +41 31 762 03 25 Mail: info@xpand.ch Directeur ex\u00e9cutif Michael Hein Garantie Nous traitons et v\u00e9rifions soigneusement le contenu de ce site. N\u00e9anmoins, nous ne pouvons pas exclure des contenus erron\u00e9s ou ambigus et d\u00e9clinons donc toute responsabilit\u00e9 pour les dommages r\u00e9sultant de l'utilisation de ces contenus. Les sites web\u2026","og_url":"https:\/\/xpand.one\/ch\/fr\/mentions-legales\/","og_site_name":"xpand CH","article_modified_time":"2025-03-10T10:55:41+00:00","og_image":[{"url":"https:\/\/xpand.one\/ch\/wp-content\/uploads\/xpand-pic-41.jpg","type":"","width":"","height":""}],"twitter_card":"summary_large_image","schema":{"@context":"https:\/\/schema.org","@graph":[{"@type":"WebPage","@id":"https:\/\/xpand.one\/ch\/fr\/mentions-legales\/","url":"https:\/\/xpand.one\/ch\/fr\/mentions-legales\/","name":"Mentions l\u00e9gales | xpand CH","isPartOf":{"@id":"https:\/\/xpand.one\/ch\/fr\/#website"},"primaryImageOfPage":{"@id":"https:\/\/xpand.one\/ch\/fr\/mentions-legales\/#primaryimage"},"image":{"@id":"https:\/\/xpand.one\/ch\/fr\/mentions-legales\/#primaryimage"},"thumbnailUrl":"https:\/\/xpand.one\/ch\/wp-content\/uploads\/xpand-pic-41.jpg","datePublished":"2024-11-22T09:41:37+00:00","dateModified":"2025-03-10T10:55:41+00:00","breadcrumb":{"@id":"https:\/\/xpand.one\/ch\/fr\/mentions-legales\/#breadcrumb"},"inLanguage":"fr-FR","potentialAction":[{"@type":"ReadAction","target":["https:\/\/xpand.one\/ch\/fr\/mentions-legales\/"]}]},{"@type":"ImageObject","inLanguage":"fr-FR","@id":"https:\/\/xpand.one\/ch\/fr\/mentions-legales\/#primaryimage","url":"https:\/\/xpand.one\/ch\/wp-content\/uploads\/xpand-pic-41.jpg","contentUrl":"https:\/\/xpand.one\/ch\/wp-content\/uploads\/xpand-pic-41.jpg"},{"@type":"BreadcrumbList","@id":"https:\/\/xpand.one\/ch\/fr\/mentions-legales\/#breadcrumb","itemListElement":[{"@type":"ListItem","position":1,"name":"Home","item":"https:\/\/xpand.one\/ch\/fr\/accueil\/"},{"@type":"ListItem","position":2,"name":"Mentions l\u00e9gales"}]},{"@type":"WebSite","@id":"https:\/\/xpand.one\/ch\/fr\/#website","url":"https:\/\/xpand.one\/ch\/fr\/","name":"xpand CH","description":"Inspiration, Motivation, Vision","publisher":{"@id":"https:\/\/xpand.one\/ch\/fr\/#organization"},"potentialAction":[{"@type":"SearchAction","target":{"@type":"EntryPoint","urlTemplate":"https:\/\/xpand.one\/ch\/fr\/?s={search_term_string}"},"query-input":{"@type":"PropertyValueSpecification","valueRequired":true,"valueName":"search_term_string"}}],"inLanguage":"fr-FR"},{"@type":"Organization","@id":"https:\/\/xpand.one\/ch\/fr\/#organization","name":"xpand Schweiz GmbH","url":"https:\/\/xpand.one\/ch\/fr\/","logo":{"@type":"ImageObject","inLanguage":"fr-FR","@id":"https:\/\/xpand.one\/ch\/fr\/#\/schema\/logo\/image\/","url":"https:\/\/xpand.one\/ch\/wp-content\/uploads\/2024\/11\/Organisation-Logo.jpg","contentUrl":"https:\/\/xpand.one\/ch\/wp-content\/uploads\/2024\/11\/Organisation-Logo.jpg","width":696,"height":696,"caption":"xpand Schweiz GmbH"},"image":{"@id":"https:\/\/xpand.one\/ch\/fr\/#\/schema\/logo\/image\/"}}]}},"_links":{"self":[{"href":"https:\/\/xpand.one\/ch\/fr\/wp-json\/wp\/v2\/pages\/1041","targetHints":{"allow":["GET"]}}],"collection":[{"href":"https:\/\/xpand.one\/ch\/fr\/wp-json\/wp\/v2\/pages"}],"about":[{"href":"https:\/\/xpand.one\/ch\/fr\/wp-json\/wp\/v2\/types\/page"}],"author":[{"embeddable":true,"href":"https:\/\/xpand.one\/ch\/fr\/wp-json\/wp\/v2\/users\/1"}],"replies":[{"embeddable":true,"href":"https:\/\/xpand.one\/ch\/fr\/wp-json\/wp\/v2\/comments?post=1041"}],"version-history":[{"count":3,"href":"https:\/\/xpand.one\/ch\/fr\/wp-json\/wp\/v2\/pages\/1041\/revisions"}],"predecessor-version":[{"id":1113,"href":"https:\/\/xpand.one\/ch\/fr\/wp-json\/wp\/v2\/pages\/1041\/revisions\/1113"}],"wp:attachment":[{"href":"https:\/\/xpand.one\/ch\/fr\/wp-json\/wp\/v2\/media?parent=1041"}],"curies":[{"name":"wp","href":"https:\/\/api.w.org\/{rel}","templated":true}]}}