{"id":789,"date":"2024-11-22T10:41:37","date_gmt":"2024-11-22T09:41:37","guid":{"rendered":"https:\/\/xpand.one\/ch\/?page_id=789"},"modified":"2025-03-10T11:55:30","modified_gmt":"2025-03-10T10:55:30","slug":"impressum","status":"publish","type":"page","link":"https:\/\/xpand.one\/ch\/impressum\/","title":{"rendered":"Impressum"},"content":{"rendered":"<div id=\"cs-content\" class=\"cs-content\"><div class=\"x-section e789-e1-v0 mlx-0 mlx-1\"><div class=\"x-grid e789-e1-v1 mlx-b mlx-3 mlx-4 x-effect-exit\" data-x-effect=\"{&quot;scroll&quot;:true,&quot;offsetTop&quot;:&quot;10%&quot;,&quot;offsetBottom&quot;:&quot;10%&quot;,&quot;behaviorScroll&quot;:&quot;fire-once&quot;}\"><div class=\"x-cell e789-e1-v2 mlx-c mlx-d\"><span class=\"x-image e789-e1-v3 mlx-f mlx-5\"><img decoding=\"async\" src=\"https:\/\/xpand.one\/ch\/wp-content\/uploads\/xpand-pic-41.jpg\" width=\"1000\" height=\"666\" alt=\"Image\" loading=\"lazy\"><\/span><\/div><div class=\"x-cell e789-e1-v4 mlx-d mlx-e mlx-4 mlx-6 x-effect-exit\" data-x-effect=\"{&quot;scroll&quot;:true,&quot;offsetTop&quot;:&quot;10%&quot;,&quot;offsetBottom&quot;:&quot;10%&quot;,&quot;behaviorScroll&quot;:&quot;fire-once&quot;}\"><div class=\"x-text x-text-headline e789-e1-v5 mlx-g\"><div class=\"x-text-content\"><div class=\"x-text-content-text\"><h1 class=\"x-text-content-text-primary\">Impressum<\/h1>\n<\/div><\/div><\/div><hr class=\"x-line e789-e1-v6-v0 mlx-h mlx-7\" style=\"--tco-dclx-0:rgb(203,0,26);\"\/><\/div><\/div><\/div><div class=\"x-section e789-e2-v0 mlx-0 mlx-2 mlx-9\" style=\"--tco-dclx-6:transparent;\"><div class=\"x-div x-container max width e789-e2-v1 mlx-i mlx-k mlx-3 mlx-4 x-effect-exit\" style=\"--tco-dclx-9:transparent;\" data-x-effect=\"{&quot;scroll&quot;:true,&quot;offsetTop&quot;:&quot;10%&quot;,&quot;offsetBottom&quot;:&quot;10%&quot;,&quot;behaviorScroll&quot;:&quot;fire-once&quot;}\"><div style=\"--tco-dclx-b:rgb(28, 28, 28);--tco-dclx-e:rgb(28, 28, 28);\" class=\"x-text x-content e789-e4-v0 mlx-m mlx-n mlx-a\"><h2>xpand Schweiz GmbH<\/h2>\n<p>M\u00fchleg\u00e4ssli 1<br \/>\nCH-3303 M\u00fcnchringen<\/p>\n<p>Tel: +41 31 762 03 25<br \/>\nMail: info@xpand.ch<\/p>\n\n<h2>Gesch\u00e4ftsf\u00fchrer<\/h2>\n<p>Michael Hein<\/p>\n\n<h2>Gew\u00e4hrleistung<\/h2>\n<p>Wir bearbeiten und pr\u00fcfen den Inhalt dieser Seite sorgf\u00e4ltig. Trotzdem k\u00f6nnen wir fehlerhafte oder missverst\u00e4ndliche Inhalte nicht ausschliessen und lehnen deshalb jede Haftung f\u00fcr Sch\u00e4den ab, welche sich aus der Anwendung dieser Inhalte ergeben. Externe Webseiten stehen in voller Verantwortung ihrer Betreiber, weshalb wir keine Haftung f\u00fcr die Inhalte von extern verlinkten Seiten \u00fcbernehmen.<\/p><\/div><\/div><\/div><\/div>","protected":false},"excerpt":{"rendered":"<p>Impressum xpand Schweiz GmbH M\u00fchleg\u00e4ssli 1 CH-3303 M\u00fcnchringen Tel: +41 31 762 03 25 Mail: info@xpand.ch Gesch\u00e4ftsf\u00fchrer Michael Hein Gew\u00e4hrleistung Wir bearbeiten und pr\u00fcfen den Inhalt dieser Seite sorgf\u00e4ltig. Trotzdem k\u00f6nnen wir fehlerhafte oder missverst\u00e4ndliche Inhalte nicht ausschliessen und lehnen deshalb jede Haftung f\u00fcr Sch\u00e4den ab, welche sich aus der Anwendung dieser Inhalte ergeben. Externe Webseiten stehen in voller Verantwortung&hellip;<\/p>\n","protected":false},"author":1,"featured_media":0,"parent":0,"menu_order":91,"comment_status":"closed","ping_status":"closed","template":"template-blank-4.php","meta":{"_acf_changed":false,"inline_featured_image":false,"footnotes":""},"class_list":["post-789","page","type-page","status-publish","hentry","no-post-thumbnail"],"acf":[],"yoast_head":"<!-- This site is optimized with the Yoast SEO plugin v27.0 - https:\/\/yoast.com\/product\/yoast-seo-wordpress\/ -->\n<title>Impressum | xpand CH<\/title>\n<meta name=\"robots\" content=\"index, follow, max-snippet:-1, max-image-preview:large, max-video-preview:-1\" \/>\n<link rel=\"canonical\" href=\"https:\/\/xpand.one\/ch\/impressum\/\" \/>\n<meta property=\"og:locale\" content=\"de_DE\" \/>\n<meta property=\"og:type\" content=\"article\" \/>\n<meta property=\"og:title\" content=\"Impressum | xpand CH\" \/>\n<meta property=\"og:description\" content=\"Impressum xpand Schweiz GmbH M\u00fchleg\u00e4ssli 1 CH-3303 M\u00fcnchringen Tel: +41 31 762 03 25 Mail: info@xpand.ch Gesch\u00e4ftsf\u00fchrer Michael Hein Gew\u00e4hrleistung Wir bearbeiten und pr\u00fcfen den Inhalt dieser Seite sorgf\u00e4ltig. Trotzdem k\u00f6nnen wir fehlerhafte oder missverst\u00e4ndliche Inhalte nicht ausschliessen und lehnen deshalb jede Haftung f\u00fcr Sch\u00e4den ab, welche sich aus der Anwendung dieser Inhalte ergeben. Externe Webseiten stehen in voller Verantwortung&hellip;\" \/>\n<meta property=\"og:url\" content=\"https:\/\/xpand.one\/ch\/impressum\/\" \/>\n<meta property=\"og:site_name\" content=\"xpand CH\" \/>\n<meta property=\"article:modified_time\" content=\"2025-03-10T10:55:30+00:00\" \/>\n<meta property=\"og:image\" content=\"https:\/\/xpand.one\/ch\/wp-content\/uploads\/xpand-pic-41.jpg\" \/>\n<meta name=\"twitter:card\" content=\"summary_large_image\" \/>\n<script type=\"application\/ld+json\" class=\"yoast-schema-graph\">{\"@context\":\"https:\/\/schema.org\",\"@graph\":[{\"@type\":\"WebPage\",\"@id\":\"https:\/\/xpand.one\/ch\/impressum\/\",\"url\":\"https:\/\/xpand.one\/ch\/impressum\/\",\"name\":\"Impressum | xpand CH\",\"isPartOf\":{\"@id\":\"https:\/\/xpand.one\/ch\/#website\"},\"primaryImageOfPage\":{\"@id\":\"https:\/\/xpand.one\/ch\/impressum\/#primaryimage\"},\"image\":{\"@id\":\"https:\/\/xpand.one\/ch\/impressum\/#primaryimage\"},\"thumbnailUrl\":\"https:\/\/xpand.one\/ch\/wp-content\/uploads\/xpand-pic-41.jpg\",\"datePublished\":\"2024-11-22T09:41:37+00:00\",\"dateModified\":\"2025-03-10T10:55:30+00:00\",\"breadcrumb\":{\"@id\":\"https:\/\/xpand.one\/ch\/impressum\/#breadcrumb\"},\"inLanguage\":\"de\",\"potentialAction\":[{\"@type\":\"ReadAction\",\"target\":[\"https:\/\/xpand.one\/ch\/impressum\/\"]}]},{\"@type\":\"ImageObject\",\"inLanguage\":\"de\",\"@id\":\"https:\/\/xpand.one\/ch\/impressum\/#primaryimage\",\"url\":\"https:\/\/xpand.one\/ch\/wp-content\/uploads\/xpand-pic-41.jpg\",\"contentUrl\":\"https:\/\/xpand.one\/ch\/wp-content\/uploads\/xpand-pic-41.jpg\",\"width\":2000,\"height\":1333},{\"@type\":\"BreadcrumbList\",\"@id\":\"https:\/\/xpand.one\/ch\/impressum\/#breadcrumb\",\"itemListElement\":[{\"@type\":\"ListItem\",\"position\":1,\"name\":\"Home\",\"item\":\"https:\/\/xpand.one\/ch\/\"},{\"@type\":\"ListItem\",\"position\":2,\"name\":\"Impressum\"}]},{\"@type\":\"WebSite\",\"@id\":\"https:\/\/xpand.one\/ch\/#website\",\"url\":\"https:\/\/xpand.one\/ch\/\",\"name\":\"xpand CH\",\"description\":\"Inspiration, Motivation, Vision\",\"publisher\":{\"@id\":\"https:\/\/xpand.one\/ch\/#organization\"},\"potentialAction\":[{\"@type\":\"SearchAction\",\"target\":{\"@type\":\"EntryPoint\",\"urlTemplate\":\"https:\/\/xpand.one\/ch\/?s={search_term_string}\"},\"query-input\":{\"@type\":\"PropertyValueSpecification\",\"valueRequired\":true,\"valueName\":\"search_term_string\"}}],\"inLanguage\":\"de\"},{\"@type\":\"Organization\",\"@id\":\"https:\/\/xpand.one\/ch\/#organization\",\"name\":\"xpand Schweiz GmbH\",\"url\":\"https:\/\/xpand.one\/ch\/\",\"logo\":{\"@type\":\"ImageObject\",\"inLanguage\":\"de\",\"@id\":\"https:\/\/xpand.one\/ch\/#\/schema\/logo\/image\/\",\"url\":\"https:\/\/xpand.one\/ch\/wp-content\/uploads\/2024\/11\/Organisation-Logo.jpg\",\"contentUrl\":\"https:\/\/xpand.one\/ch\/wp-content\/uploads\/2024\/11\/Organisation-Logo.jpg\",\"width\":696,\"height\":696,\"caption\":\"xpand Schweiz GmbH\"},\"image\":{\"@id\":\"https:\/\/xpand.one\/ch\/#\/schema\/logo\/image\/\"}}]}<\/script>\n<!-- \/ Yoast SEO plugin. -->","yoast_head_json":{"title":"Impressum | xpand CH","robots":{"index":"index","follow":"follow","max-snippet":"max-snippet:-1","max-image-preview":"max-image-preview:large","max-video-preview":"max-video-preview:-1"},"canonical":"https:\/\/xpand.one\/ch\/impressum\/","og_locale":"de_DE","og_type":"article","og_title":"Impressum | xpand CH","og_description":"Impressum xpand Schweiz GmbH M\u00fchleg\u00e4ssli 1 CH-3303 M\u00fcnchringen Tel: +41 31 762 03 25 Mail: info@xpand.ch Gesch\u00e4ftsf\u00fchrer Michael Hein Gew\u00e4hrleistung Wir bearbeiten und pr\u00fcfen den Inhalt dieser Seite sorgf\u00e4ltig. Trotzdem k\u00f6nnen wir fehlerhafte oder missverst\u00e4ndliche Inhalte nicht ausschliessen und lehnen deshalb jede Haftung f\u00fcr Sch\u00e4den ab, welche sich aus der Anwendung dieser Inhalte ergeben. Externe Webseiten stehen in voller Verantwortung&hellip;","og_url":"https:\/\/xpand.one\/ch\/impressum\/","og_site_name":"xpand CH","article_modified_time":"2025-03-10T10:55:30+00:00","og_image":[{"url":"https:\/\/xpand.one\/ch\/wp-content\/uploads\/xpand-pic-41.jpg","type":"","width":"","height":""}],"twitter_card":"summary_large_image","schema":{"@context":"https:\/\/schema.org","@graph":[{"@type":"WebPage","@id":"https:\/\/xpand.one\/ch\/impressum\/","url":"https:\/\/xpand.one\/ch\/impressum\/","name":"Impressum | xpand CH","isPartOf":{"@id":"https:\/\/xpand.one\/ch\/#website"},"primaryImageOfPage":{"@id":"https:\/\/xpand.one\/ch\/impressum\/#primaryimage"},"image":{"@id":"https:\/\/xpand.one\/ch\/impressum\/#primaryimage"},"thumbnailUrl":"https:\/\/xpand.one\/ch\/wp-content\/uploads\/xpand-pic-41.jpg","datePublished":"2024-11-22T09:41:37+00:00","dateModified":"2025-03-10T10:55:30+00:00","breadcrumb":{"@id":"https:\/\/xpand.one\/ch\/impressum\/#breadcrumb"},"inLanguage":"de","potentialAction":[{"@type":"ReadAction","target":["https:\/\/xpand.one\/ch\/impressum\/"]}]},{"@type":"ImageObject","inLanguage":"de","@id":"https:\/\/xpand.one\/ch\/impressum\/#primaryimage","url":"https:\/\/xpand.one\/ch\/wp-content\/uploads\/xpand-pic-41.jpg","contentUrl":"https:\/\/xpand.one\/ch\/wp-content\/uploads\/xpand-pic-41.jpg","width":2000,"height":1333},{"@type":"BreadcrumbList","@id":"https:\/\/xpand.one\/ch\/impressum\/#breadcrumb","itemListElement":[{"@type":"ListItem","position":1,"name":"Home","item":"https:\/\/xpand.one\/ch\/"},{"@type":"ListItem","position":2,"name":"Impressum"}]},{"@type":"WebSite","@id":"https:\/\/xpand.one\/ch\/#website","url":"https:\/\/xpand.one\/ch\/","name":"xpand CH","description":"Inspiration, Motivation, Vision","publisher":{"@id":"https:\/\/xpand.one\/ch\/#organization"},"potentialAction":[{"@type":"SearchAction","target":{"@type":"EntryPoint","urlTemplate":"https:\/\/xpand.one\/ch\/?s={search_term_string}"},"query-input":{"@type":"PropertyValueSpecification","valueRequired":true,"valueName":"search_term_string"}}],"inLanguage":"de"},{"@type":"Organization","@id":"https:\/\/xpand.one\/ch\/#organization","name":"xpand Schweiz GmbH","url":"https:\/\/xpand.one\/ch\/","logo":{"@type":"ImageObject","inLanguage":"de","@id":"https:\/\/xpand.one\/ch\/#\/schema\/logo\/image\/","url":"https:\/\/xpand.one\/ch\/wp-content\/uploads\/2024\/11\/Organisation-Logo.jpg","contentUrl":"https:\/\/xpand.one\/ch\/wp-content\/uploads\/2024\/11\/Organisation-Logo.jpg","width":696,"height":696,"caption":"xpand Schweiz GmbH"},"image":{"@id":"https:\/\/xpand.one\/ch\/#\/schema\/logo\/image\/"}}]}},"_links":{"self":[{"href":"https:\/\/xpand.one\/ch\/wp-json\/wp\/v2\/pages\/789","targetHints":{"allow":["GET"]}}],"collection":[{"href":"https:\/\/xpand.one\/ch\/wp-json\/wp\/v2\/pages"}],"about":[{"href":"https:\/\/xpand.one\/ch\/wp-json\/wp\/v2\/types\/page"}],"author":[{"embeddable":true,"href":"https:\/\/xpand.one\/ch\/wp-json\/wp\/v2\/users\/1"}],"replies":[{"embeddable":true,"href":"https:\/\/xpand.one\/ch\/wp-json\/wp\/v2\/comments?post=789"}],"version-history":[{"count":4,"href":"https:\/\/xpand.one\/ch\/wp-json\/wp\/v2\/pages\/789\/revisions"}],"predecessor-version":[{"id":1101,"href":"https:\/\/xpand.one\/ch\/wp-json\/wp\/v2\/pages\/789\/revisions\/1101"}],"wp:attachment":[{"href":"https:\/\/xpand.one\/ch\/wp-json\/wp\/v2\/media?parent=789"}],"curies":[{"name":"wp","href":"https:\/\/api.w.org\/{rel}","templated":true}]}}