{"id":992,"date":"2024-10-10T15:12:48","date_gmt":"2024-10-10T13:12:48","guid":{"rendered":"https:\/\/xpand.one\/de-gmbh\/?page_id=992"},"modified":"2025-07-03T16:48:46","modified_gmt":"2025-07-03T14:48:46","slug":"angebote","status":"publish","type":"page","link":"https:\/\/xpand.one\/de\/gmbh\/angebote\/","title":{"rendered":"Angebote"},"content":{"rendered":"<div id=\"cs-content\" class=\"cs-content\"><div class=\"x-section e992-e1-v0 mrk-0 mrk-1\"><div class=\"x-grid e992-e1-v1 mrk-d mrk-3 mrk-4 x-effect-exit\" data-x-effect=\"{&quot;scroll&quot;:true,&quot;offsetTop&quot;:&quot;10%&quot;,&quot;offsetBottom&quot;:&quot;10%&quot;,&quot;behaviorScroll&quot;:&quot;fire-once&quot;}\"><div class=\"x-cell e992-e1-v2 mrk-e mrk-f\"><span class=\"x-image e992-e1-v3 mrk-h mrk-i mrk-5\"><img decoding=\"async\" src=\"https:\/\/xpand.one\/de\/gmbh\/wp-content\/uploads\/Ladder-to-success-Ingv5PpX.jpg\" width=\"672\" height=\"384\" alt=\"Image\" loading=\"lazy\"><\/span><\/div><div class=\"x-cell e992-e1-v4 mrk-f mrk-g mrk-4 mrk-6 x-effect-exit\" data-x-effect=\"{&quot;scroll&quot;:true,&quot;offsetTop&quot;:&quot;10%&quot;,&quot;offsetBottom&quot;:&quot;10%&quot;,&quot;behaviorScroll&quot;:&quot;fire-once&quot;}\"><div class=\"x-text x-text-headline e992-e1-v5 mrk-k mrk-l mrk-m mrk-n\"><div class=\"x-text-content\"><div class=\"x-text-content-text\"><h1 class=\"x-text-content-text-primary\">Angebote<\/h1>\n<\/div><\/div><\/div><hr class=\"x-line e992-e1-v6-v0 mrk-q mrk-r mrk-a\" style=\"--tco-dcrk-0:rgb(203,0,26);\"\/><\/div><\/div><\/div><div class=\"x-section e992-e2 mrk-0 mrk-2\"><div class=\"x-row x-container max width e992-e3 mrk-x mrk-y mrk-10\"><div class=\"x-row-inner\"><div class=\"x-col e992-e4 mrk-12 mrk-13 mrk-14 mrk-15 filter\"><div class=\"x-text x-text-headline e992-e5 mrk-k mrk-l mrk-o\"><div class=\"x-text-content\"><div class=\"x-text-content-text\"><span class=\"x-text-content-text-primary\">Themenfelder<\/span>\n<\/div><\/div><\/div><hr class=\"x-line e992-e6-v0 mrk-q mrk-s mrk-c\" style=\"--tco-dcrk-5:rgb(203,0,26);\"\/><div class=\"x-div e992-e7 mrk-t mrk-v word-break\"><div  class=\"search-filter-base search-filter-field search-filter-field--id-4 search-filter-field--type-choice search-filter-field--input-type-checkbox search-filter-style--id-1 search-filter-style--choice-checkbox\"  data-search-filter-id=\"4\" ><\/div><\/div><div class=\"x-div e992-e9 mrk-t mrk-v word-break\"><div  class=\"search-filter-base search-filter-field search-filter-field--id-5 search-filter-field--type-control search-filter-field--control-type-reset search-filter-style--id-1 search-filter-style--control-reset\"  data-search-filter-id=\"5\" ><\/div><\/div><\/div><div class=\"x-col e992-e11 mrk-12 mrk-15 mrk-16 mrk-17 search-filter-query--id-2\"><div class=\"x-row e992-e12 mrk-x mrk-z mrk-11 wp-block-post-template\"><div class=\"x-row-inner\"><a class=\"x-col e992-e13 mrk-12 mrk-13 mrk-17 mrk-18 mrk-7 mrk-8\" href=\"https:\/\/xpand.one\/de\/gmbh\/angebot\/361-fuehrungskraefte-feedback-tool\/\" data-x-effect-provider=\"colors particles effects\" data-x-effect=\"{&quot;durationBase&quot;:&quot;300ms&quot;}\"><span class=\"x-image e992-e14 mrk-h mrk-j mrk-7 mrk-9\" data-x-effect=\"{&quot;durationBase&quot;:&quot;300ms&quot;}\"><img decoding=\"async\" src=\"https:\/\/xpand.one\/de\/gmbh\/wp-content\/uploads\/a-team-leader-gets-360\u00b0-feedback-NoKvJMvf.jpg\" alt=\"Image\" loading=\"lazy\"><\/span><div class=\"x-text x-text-headline e992-e15 mrk-l mrk-n mrk-p word-break\"><div class=\"x-text-content\"><div class=\"x-text-content-text\"><span class=\"x-text-content-text-primary\">361\u00b0 &#8211; Das Feedback tool f\u00fcr F\u00fchrungskr\u00e4fte<\/span>\n<\/div><\/div><\/div><\/a><a class=\"x-col e992-e13 mrk-12 mrk-13 mrk-17 mrk-18 mrk-7 mrk-8\" href=\"https:\/\/xpand.one\/de\/gmbh\/angebot\/career-center-an-hochschulen\/\" data-x-effect-provider=\"colors particles effects\" data-x-effect=\"{&quot;durationBase&quot;:&quot;300ms&quot;}\"><span class=\"x-image e992-e14 mrk-h mrk-j mrk-7 mrk-9\" data-x-effect=\"{&quot;durationBase&quot;:&quot;300ms&quot;}\"><img decoding=\"async\" src=\"https:\/\/xpand.one\/de\/gmbh\/wp-content\/uploads\/Puzzle-Teile-formen-das-ideale-Job-Match-ee8P4cdr.jpg\" alt=\"Image\" loading=\"lazy\"><\/span><div class=\"x-text x-text-headline e992-e15 mrk-l mrk-n mrk-p word-break\"><div class=\"x-text-content\"><div class=\"x-text-content-text\"><span class=\"x-text-content-text-primary\">Angebote f\u00fcr Career Center an Hochschulen<\/span>\n<\/div><\/div><\/div><\/a><a class=\"x-col e992-e13 mrk-12 mrk-13 mrk-17 mrk-18 mrk-7 mrk-8\" href=\"https:\/\/xpand.one\/de\/gmbh\/angebot\/ausrichtung-und-rollenklaerung-workshop\/\" data-x-effect-provider=\"colors particles effects\" data-x-effect=\"{&quot;durationBase&quot;:&quot;300ms&quot;}\"><span class=\"x-image e992-e14 mrk-h mrk-j mrk-7 mrk-9\" data-x-effect=\"{&quot;durationBase&quot;:&quot;300ms&quot;}\"><img decoding=\"async\" src=\"https:\/\/xpand.one\/de\/gmbh\/wp-content\/uploads\/a-business-man-who-puts-a-hat-on-his-head-8ZfrBh13.jpg\" alt=\"Image\" loading=\"lazy\"><\/span><div class=\"x-text x-text-headline e992-e15 mrk-l mrk-n mrk-p word-break\"><div class=\"x-text-content\"><div class=\"x-text-content-text\"><span class=\"x-text-content-text-primary\">Ausrichtung und Rollenkl\u00e4rung Workshop<\/span>\n<\/div><\/div><\/div><\/a><a class=\"x-col e992-e13 mrk-12 mrk-13 mrk-17 mrk-18 mrk-7 mrk-8\" href=\"https:\/\/xpand.one\/de\/gmbh\/angebot\/ceo-sparring\/\" data-x-effect-provider=\"colors particles effects\" data-x-effect=\"{&quot;durationBase&quot;:&quot;300ms&quot;}\"><span class=\"x-image e992-e14 mrk-h mrk-j mrk-7 mrk-9\" data-x-effect=\"{&quot;durationBase&quot;:&quot;300ms&quot;}\"><img decoding=\"async\" src=\"https:\/\/xpand.one\/de\/gmbh\/wp-content\/uploads\/ceo-conversations-e1776719983796.webp\" alt=\"Image\" loading=\"lazy\"><\/span><div class=\"x-text x-text-headline e992-e15 mrk-l mrk-n mrk-p word-break\"><div class=\"x-text-content\"><div class=\"x-text-content-text\"><span class=\"x-text-content-text-primary\">CEO Conversations<\/span>\n<\/div><\/div><\/div><\/a><a class=\"x-col e992-e13 mrk-12 mrk-13 mrk-17 mrk-18 mrk-7 mrk-8\" href=\"https:\/\/xpand.one\/de\/gmbh\/angebot\/culture-mapping\/\" data-x-effect-provider=\"colors particles effects\" data-x-effect=\"{&quot;durationBase&quot;:&quot;300ms&quot;}\"><span class=\"x-image e992-e14 mrk-h mrk-j mrk-7 mrk-9\" data-x-effect=\"{&quot;durationBase&quot;:&quot;300ms&quot;}\"><img decoding=\"async\" src=\"https:\/\/xpand.one\/de\/gmbh\/wp-content\/uploads\/Americas-Cup-75-yacht-flying-over-water-at-high-speed-crew-working-in-perfect-sync.-SVX6LQrt.jpg\" alt=\"Image\" loading=\"lazy\"><\/span><div class=\"x-text x-text-headline e992-e15 mrk-l mrk-n mrk-p word-break\"><div class=\"x-text-content\"><div class=\"x-text-content-text\"><span class=\"x-text-content-text-primary\">Culture Mapping<\/span>\n<\/div><\/div><\/div><\/a><a class=\"x-col e992-e13 mrk-12 mrk-13 mrk-17 mrk-18 mrk-7 mrk-8\" href=\"https:\/\/xpand.one\/de\/gmbh\/angebot\/effectuation\/\" data-x-effect-provider=\"colors particles effects\" data-x-effect=\"{&quot;durationBase&quot;:&quot;300ms&quot;}\"><span class=\"x-image e992-e14 mrk-h mrk-j mrk-7 mrk-9\" data-x-effect=\"{&quot;durationBase&quot;:&quot;300ms&quot;}\"><img decoding=\"async\" src=\"https:\/\/xpand.one\/de\/gmbh\/wp-content\/uploads\/Ein-modernes-Segelschiff-auf-hoher-wilder-See.-xM0RQ0mt.jpg\" alt=\"Image\" loading=\"lazy\"><\/span><div class=\"x-text x-text-headline e992-e15 mrk-l mrk-n mrk-p word-break\"><div class=\"x-text-content\"><div class=\"x-text-content-text\"><span class=\"x-text-content-text-primary\">Effectuation<\/span>\n<\/div><\/div><\/div><\/a><a class=\"x-col e992-e13 mrk-12 mrk-13 mrk-17 mrk-18 mrk-7 mrk-8\" href=\"https:\/\/xpand.one\/de\/gmbh\/angebot\/generationenuebergreifende-zusammenarbeit\/\" data-x-effect-provider=\"colors particles effects\" data-x-effect=\"{&quot;durationBase&quot;:&quot;300ms&quot;}\"><span class=\"x-image e992-e14 mrk-h mrk-j mrk-7 mrk-9\" data-x-effect=\"{&quot;durationBase&quot;:&quot;300ms&quot;}\"><img decoding=\"async\" src=\"https:\/\/xpand.one\/de\/gmbh\/wp-content\/uploads\/Menschen-unterschiedlicher-Generationen-arbeiten-gut-und-motiviert-im-Buero-zusammen.-FX9gvrHK.jpg\" alt=\"Image\" loading=\"lazy\"><\/span><div class=\"x-text x-text-headline e992-e15 mrk-l mrk-n mrk-p word-break\"><div class=\"x-text-content\"><div class=\"x-text-content-text\"><span class=\"x-text-content-text-primary\">Generationen\u00fcbergreifende Zusammenarbeit<\/span>\n<\/div><\/div><\/div><\/a><a class=\"x-col e992-e13 mrk-12 mrk-13 mrk-17 mrk-18 mrk-7 mrk-8\" href=\"https:\/\/xpand.one\/de\/gmbh\/angebot\/ielm\/\" data-x-effect-provider=\"colors particles effects\" data-x-effect=\"{&quot;durationBase&quot;:&quot;300ms&quot;}\"><span class=\"x-image e992-e14 mrk-h mrk-j mrk-7 mrk-9\" data-x-effect=\"{&quot;durationBase&quot;:&quot;300ms&quot;}\"><img decoding=\"async\" src=\"https:\/\/xpand.one\/de\/gmbh\/wp-content\/uploads\/group-of-Men-and-Women-in-INTERNATIONAL-EXECUTIVE-LEADERSHIP-MASTERCLASS.-vPo6nnuN.jpg\" alt=\"Image\" loading=\"lazy\"><\/span><div class=\"x-text x-text-headline e992-e15 mrk-l mrk-n mrk-p word-break\"><div class=\"x-text-content\"><div class=\"x-text-content-text\"><span class=\"x-text-content-text-primary\">I.E.L.M.  &#8211;  F\u00fchrungskr\u00e4ftetraining 4.0<\/span>\n<\/div><\/div><\/div><\/a><a class=\"x-col e992-e13 mrk-12 mrk-13 mrk-17 mrk-18 mrk-7 mrk-8\" href=\"https:\/\/xpand.one\/de\/gmbh\/angebot\/karriere-coaching-young\/\" data-x-effect-provider=\"colors particles effects\" data-x-effect=\"{&quot;durationBase&quot;:&quot;300ms&quot;}\"><span class=\"x-image e992-e14 mrk-h mrk-j mrk-7 mrk-9\" data-x-effect=\"{&quot;durationBase&quot;:&quot;300ms&quot;}\"><img decoding=\"async\" src=\"https:\/\/xpand.one\/de\/gmbh\/wp-content\/uploads\/career-coaching-of-a-young-ugly-woman.-.-5nkQGfbL.jpg\" alt=\"Image\" loading=\"lazy\"><\/span><div class=\"x-text x-text-headline e992-e15 mrk-l mrk-n mrk-p word-break\"><div class=\"x-text-content\"><div class=\"x-text-content-text\"><span class=\"x-text-content-text-primary\">Karriere Coaching &#8211; Young Generation<\/span>\n<\/div><\/div><\/div><\/a><a class=\"x-col e992-e13 mrk-12 mrk-13 mrk-17 mrk-18 mrk-7 mrk-8\" href=\"https:\/\/xpand.one\/de\/gmbh\/angebot\/karriere-coaching-fuer-fach-und-fuehrungskraefte\/\" data-x-effect-provider=\"colors particles effects\" data-x-effect=\"{&quot;durationBase&quot;:&quot;300ms&quot;}\"><span class=\"x-image e992-e14 mrk-h mrk-j mrk-7 mrk-9\" data-x-effect=\"{&quot;durationBase&quot;:&quot;300ms&quot;}\"><img decoding=\"async\" src=\"https:\/\/xpand.one\/de\/gmbh\/wp-content\/uploads\/carreer-coaching.-man-and-woman-in-professional-talk-gwRKkxUj.jpg\" alt=\"Image\" loading=\"lazy\"><\/span><div class=\"x-text x-text-headline e992-e15 mrk-l mrk-n mrk-p word-break\"><div class=\"x-text-content\"><div class=\"x-text-content-text\"><span class=\"x-text-content-text-primary\">Karriere Coaching f\u00fcr Fach- und F\u00fchrungskr\u00e4fte<\/span>\n<\/div><\/div><\/div><\/a><a class=\"x-col e992-e13 mrk-12 mrk-13 mrk-17 mrk-18 mrk-7 mrk-8\" href=\"https:\/\/xpand.one\/de\/gmbh\/angebot\/ki-fuer-unternehmen\/\" data-x-effect-provider=\"colors particles effects\" data-x-effect=\"{&quot;durationBase&quot;:&quot;300ms&quot;}\"><span class=\"x-image e992-e14 mrk-h mrk-j mrk-7 mrk-9\" data-x-effect=\"{&quot;durationBase&quot;:&quot;300ms&quot;}\"><img decoding=\"async\" src=\"https:\/\/xpand.one\/de\/gmbh\/wp-content\/uploads\/Autobahn-of-the-Artificial-Intelligence-Technology-HPwxZAVM.jpg\" alt=\"Image\" loading=\"lazy\"><\/span><div class=\"x-text x-text-headline e992-e15 mrk-l mrk-n mrk-p word-break\"><div class=\"x-text-content\"><div class=\"x-text-content-text\"><span class=\"x-text-content-text-primary\">KI f\u00fcr Unternehmen<\/span>\n<\/div><\/div><\/div><\/a><a class=\"x-col e992-e13 mrk-12 mrk-13 mrk-17 mrk-18 mrk-7 mrk-8\" href=\"https:\/\/xpand.one\/de\/gmbh\/angebot\/lego-serious-play\/\" data-x-effect-provider=\"colors particles effects\" data-x-effect=\"{&quot;durationBase&quot;:&quot;300ms&quot;}\"><span class=\"x-image e992-e14 mrk-h mrk-j mrk-7 mrk-9\" data-x-effect=\"{&quot;durationBase&quot;:&quot;300ms&quot;}\"><img decoding=\"async\" src=\"https:\/\/xpand.one\/de\/gmbh\/wp-content\/uploads\/men-and-women-building-with-lego-serious-play-in-business-context-WMzDEzWc.jpg\" alt=\"Image\" loading=\"lazy\"><\/span><div class=\"x-text x-text-headline e992-e15 mrk-l mrk-n mrk-p word-break\"><div class=\"x-text-content\"><div class=\"x-text-content-text\"><span class=\"x-text-content-text-primary\">LEGO\u00ae SERIOUS PLAY\u00ae<\/span>\n<\/div><\/div><\/div><\/a><a class=\"x-col e992-e13 mrk-12 mrk-13 mrk-17 mrk-18 mrk-7 mrk-8\" href=\"https:\/\/xpand.one\/de\/gmbh\/angebot\/massgeschneiderte-inhouse-seminare\/\" data-x-effect-provider=\"colors particles effects\" data-x-effect=\"{&quot;durationBase&quot;:&quot;300ms&quot;}\"><span class=\"x-image e992-e14 mrk-h mrk-j mrk-7 mrk-9\" data-x-effect=\"{&quot;durationBase&quot;:&quot;300ms&quot;}\"><img decoding=\"async\" src=\"https:\/\/xpand.one\/de\/gmbh\/wp-content\/uploads\/Gear-wheels-that-mesh-seamlessly-n97xt5xG.jpg\" alt=\"Image\" loading=\"lazy\"><\/span><div class=\"x-text x-text-headline e992-e15 mrk-l mrk-n mrk-p word-break\"><div class=\"x-text-content\"><div class=\"x-text-content-text\"><span class=\"x-text-content-text-primary\">Ma\u00dfgeschneiderte Seminare (Inhouse)<\/span>\n<\/div><\/div><\/div><\/a><a class=\"x-col e992-e13 mrk-12 mrk-13 mrk-17 mrk-18 mrk-7 mrk-8\" href=\"https:\/\/xpand.one\/de\/gmbh\/angebot\/mediation\/\" data-x-effect-provider=\"colors particles effects\" data-x-effect=\"{&quot;durationBase&quot;:&quot;300ms&quot;}\"><span class=\"x-image e992-e14 mrk-h mrk-j mrk-7 mrk-9\" data-x-effect=\"{&quot;durationBase&quot;:&quot;300ms&quot;}\"><img decoding=\"async\" src=\"https:\/\/xpand.one\/de\/gmbh\/wp-content\/uploads\/A-photo-of-two-people-at-nx7CxyIX.jpg\" alt=\"Image\" loading=\"lazy\"><\/span><div class=\"x-text x-text-headline e992-e15 mrk-l mrk-n mrk-p word-break\"><div class=\"x-text-content\"><div class=\"x-text-content-text\"><span class=\"x-text-content-text-primary\">Mediation und Kl\u00e4rungshilfe<\/span>\n<\/div><\/div><\/div><\/a><a class=\"x-col e992-e13 mrk-12 mrk-13 mrk-17 mrk-18 mrk-7 mrk-8\" href=\"https:\/\/xpand.one\/de\/gmbh\/angebot\/persoenlichkeitsentwicklung\/\" data-x-effect-provider=\"colors particles effects\" data-x-effect=\"{&quot;durationBase&quot;:&quot;300ms&quot;}\"><span class=\"x-image e992-e14 mrk-h mrk-j mrk-7 mrk-9\" data-x-effect=\"{&quot;durationBase&quot;:&quot;300ms&quot;}\"><img decoding=\"async\" src=\"https:\/\/xpand.one\/de\/gmbh\/wp-content\/uploads\/a-business-woman-looks-sceptically-in-the-mirror-SxsswIum.jpg\" alt=\"Image\" loading=\"lazy\"><\/span><div class=\"x-text x-text-headline e992-e15 mrk-l mrk-n mrk-p word-break\"><div class=\"x-text-content\"><div class=\"x-text-content-text\"><span class=\"x-text-content-text-primary\">Pers\u00f6nlichkeits\u00adentwicklung Coaching<\/span>\n<\/div><\/div><\/div><\/a><a class=\"x-col e992-e13 mrk-12 mrk-13 mrk-17 mrk-18 mrk-7 mrk-8\" href=\"https:\/\/xpand.one\/de\/gmbh\/angebot\/resilienz-training\/\" data-x-effect-provider=\"colors particles effects\" data-x-effect=\"{&quot;durationBase&quot;:&quot;300ms&quot;}\"><span class=\"x-image e992-e14 mrk-h mrk-j mrk-7 mrk-9\" data-x-effect=\"{&quot;durationBase&quot;:&quot;300ms&quot;}\"><img decoding=\"async\" src=\"https:\/\/xpand.one\/de\/gmbh\/wp-content\/uploads\/business-woman-walking-away-into-light.-one-can-see-her-from-back-far-away-qbeHBat5.jpg\" alt=\"Image\" loading=\"lazy\"><\/span><div class=\"x-text x-text-headline e992-e15 mrk-l mrk-n mrk-p word-break\"><div class=\"x-text-content\"><div class=\"x-text-content-text\"><span class=\"x-text-content-text-primary\">RESILIENZ Training<\/span>\n<\/div><\/div><\/div><\/a><a class=\"x-col e992-e13 mrk-12 mrk-13 mrk-17 mrk-18 mrk-7 mrk-8\" href=\"https:\/\/xpand.one\/de\/gmbh\/angebot\/marketing-und-kundenorientierung\/\" data-x-effect-provider=\"colors particles effects\" data-x-effect=\"{&quot;durationBase&quot;:&quot;300ms&quot;}\"><span class=\"x-image e992-e14 mrk-h mrk-j mrk-7 mrk-9\" data-x-effect=\"{&quot;durationBase&quot;:&quot;300ms&quot;}\"><img decoding=\"async\" src=\"https:\/\/xpand.one\/de\/gmbh\/wp-content\/uploads\/Hand-painting-sales-chart-with-upward-curve-symbolizing-business-growth.-VWOUtO83.jpg\" alt=\"Image\" loading=\"lazy\"><\/span><div class=\"x-text x-text-headline e992-e15 mrk-l mrk-n mrk-p word-break\"><div class=\"x-text-content\"><div class=\"x-text-content-text\"><span class=\"x-text-content-text-primary\">Strategisches Marketing und Kundenorientierung<\/span>\n<\/div><\/div><\/div><\/a><a class=\"x-col e992-e13 mrk-12 mrk-13 mrk-17 mrk-18 mrk-7 mrk-8\" href=\"https:\/\/xpand.one\/de\/gmbh\/angebot\/team-workshop-moderation\/\" data-x-effect-provider=\"colors particles effects\" data-x-effect=\"{&quot;durationBase&quot;:&quot;300ms&quot;}\"><span class=\"x-image e992-e14 mrk-h mrk-j mrk-7 mrk-9\" data-x-effect=\"{&quot;durationBase&quot;:&quot;300ms&quot;}\"><img decoding=\"async\" src=\"https:\/\/xpand.one\/de\/gmbh\/wp-content\/uploads\/German-casual-business-Team-working-Effective-together-in-a-meeting.-Different-ages-women-and-men-RAiTURpS.jpg\" alt=\"Image\" loading=\"lazy\"><\/span><div class=\"x-text x-text-headline e992-e15 mrk-l mrk-n mrk-p word-break\"><div class=\"x-text-content\"><div class=\"x-text-content-text\"><span class=\"x-text-content-text-primary\">Team Workshop Moderation<\/span>\n<\/div><\/div><\/div><\/a><a class=\"x-col e992-e13 mrk-12 mrk-13 mrk-17 mrk-18 mrk-7 mrk-8\" href=\"https:\/\/xpand.one\/de\/gmbh\/angebot\/teaming-essentials-workshop\/\" data-x-effect-provider=\"colors particles effects\" data-x-effect=\"{&quot;durationBase&quot;:&quot;300ms&quot;}\"><span class=\"x-image e992-e14 mrk-h mrk-j mrk-7 mrk-9\" data-x-effect=\"{&quot;durationBase&quot;:&quot;300ms&quot;}\"><img decoding=\"async\" src=\"https:\/\/xpand.one\/de\/gmbh\/wp-content\/uploads\/Teaming-in-new-work-business.-men-and-women-different-generations-bi9SeqOv.jpg\" alt=\"Image\" loading=\"lazy\"><\/span><div class=\"x-text x-text-headline e992-e15 mrk-l mrk-n mrk-p word-break\"><div class=\"x-text-content\"><div class=\"x-text-content-text\"><span class=\"x-text-content-text-primary\">Teaming Essentials Workshop<\/span>\n<\/div><\/div><\/div><\/a><a class=\"x-col e992-e13 mrk-12 mrk-13 mrk-17 mrk-18 mrk-7 mrk-8\" href=\"https:\/\/xpand.one\/de\/gmbh\/angebot\/tribes-xpand-learning-communities\/\" data-x-effect-provider=\"colors particles effects\" data-x-effect=\"{&quot;durationBase&quot;:&quot;300ms&quot;}\"><span class=\"x-image e992-e14 mrk-h mrk-j mrk-7 mrk-9\" data-x-effect=\"{&quot;durationBase&quot;:&quot;300ms&quot;}\"><img decoding=\"async\" src=\"https:\/\/xpand.one\/de\/gmbh\/wp-content\/uploads\/Four-casual-business-people-2-men-2-women-talking-around-a-camp-fire.-jNzl9kMe.jpg\" alt=\"Image\" loading=\"lazy\"><\/span><div class=\"x-text x-text-headline e992-e15 mrk-l mrk-n mrk-p word-break\"><div class=\"x-text-content\"><div class=\"x-text-content-text\"><span class=\"x-text-content-text-primary\">TRIBES \u2013 XPAND LEARNING COMMUNITIES<\/span>\n<\/div><\/div><\/div><\/a><a class=\"x-col e992-e13 mrk-12 mrk-13 mrk-17 mrk-18 mrk-7 mrk-8\" href=\"https:\/\/xpand.one\/de\/gmbh\/angebot\/xpand-consulting\/\" data-x-effect-provider=\"colors particles effects\" data-x-effect=\"{&quot;durationBase&quot;:&quot;300ms&quot;}\"><span class=\"x-image e992-e14 mrk-h mrk-j mrk-7 mrk-9\" data-x-effect=\"{&quot;durationBase&quot;:&quot;300ms&quot;}\"><img decoding=\"async\" src=\"https:\/\/xpand.one\/de\/gmbh\/wp-content\/uploads\/Meeting-zu-Strategie-und-Vision-3mqF2hPT.jpg\" alt=\"Image\" loading=\"lazy\"><\/span><div class=\"x-text x-text-headline e992-e15 mrk-l mrk-n mrk-p word-break\"><div class=\"x-text-content\"><div class=\"x-text-content-text\"><span class=\"x-text-content-text-primary\">xpand Consulting<\/span>\n<\/div><\/div><\/div><\/a><a class=\"x-col e992-e13 mrk-12 mrk-13 mrk-17 mrk-18 mrk-7 mrk-8\" href=\"https:\/\/xpand.one\/de\/gmbh\/angebot\/xpand-leadership-journey-inhouse\/\" data-x-effect-provider=\"colors particles effects\" data-x-effect=\"{&quot;durationBase&quot;:&quot;300ms&quot;}\"><span class=\"x-image e992-e14 mrk-h mrk-j mrk-7 mrk-9\" data-x-effect=\"{&quot;durationBase&quot;:&quot;300ms&quot;}\"><img decoding=\"async\" src=\"https:\/\/xpand.one\/de\/gmbh\/wp-content\/uploads\/tmp73vfiiku.jpg\" alt=\"Image\" loading=\"lazy\"><\/span><div class=\"x-text x-text-headline e992-e15 mrk-l mrk-n mrk-p word-break\"><div class=\"x-text-content\"><div class=\"x-text-content-text\"><span class=\"x-text-content-text-primary\">xpand Leadership Journey (Inhouse)<\/span>\n<\/div><\/div><\/div><\/a><a class=\"x-col e992-e13 mrk-12 mrk-13 mrk-17 mrk-18 mrk-7 mrk-8\" href=\"https:\/\/xpand.one\/de\/gmbh\/angebot\/xlm-xpand-leadership-masterclass\/\" data-x-effect-provider=\"colors particles effects\" data-x-effect=\"{&quot;durationBase&quot;:&quot;300ms&quot;}\"><span class=\"x-image e992-e14 mrk-h mrk-j mrk-7 mrk-9\" data-x-effect=\"{&quot;durationBase&quot;:&quot;300ms&quot;}\"><img decoding=\"async\" src=\"https:\/\/xpand.one\/de\/gmbh\/wp-content\/uploads\/team-leader-masterclass.-men-and-females-in-business-casual.-g9Vub62P.jpg\" alt=\"Image\" loading=\"lazy\"><\/span><div class=\"x-text x-text-headline e992-e15 mrk-l mrk-n mrk-p word-break\"><div class=\"x-text-content\"><div class=\"x-text-content-text\"><span class=\"x-text-content-text-primary\">xpand Leadership Masterclass (XLM)<\/span>\n<\/div><\/div><\/div><\/a><\/div><\/div><\/div><\/div><\/div><\/div><\/div>","protected":false},"excerpt":{"rendered":"<p>Angebote Themenfelder 361\u00b0 &#8211; Das Feedback tool f\u00fcr F\u00fchrungskr\u00e4fte Angebote f\u00fcr Career Center an Hochschulen Ausrichtung und Rollenkl\u00e4rung Workshop CEO Conversations Culture Mapping Effectuation Generationen\u00fcbergreifende Zusammenarbeit I.E.L.M. &#8211; F\u00fchrungskr\u00e4ftetraining 4.0 Karriere Coaching &#8211; Young Generation Karriere Coaching f\u00fcr Fach- und F\u00fchrungskr\u00e4fte KI f\u00fcr Unternehmen LEGO\u00ae SERIOUS PLAY\u00ae Ma\u00dfgeschneiderte Seminare (Inhouse) Mediation und Kl\u00e4rungshilfe Pers\u00f6nlichkeits\u00adentwicklung Coaching RESILIENZ Training Strategisches Marketing und&hellip;<\/p>\n","protected":false},"author":1,"featured_media":0,"parent":0,"menu_order":0,"comment_status":"closed","ping_status":"closed","template":"template-blank-4.php","meta":{"_acf_changed":false,"inline_featured_image":false,"_uag_custom_page_level_css":"","footnotes":""},"class_list":["post-992","page","type-page","status-publish","hentry","no-post-thumbnail"],"acf":[],"uagb_featured_image_src":{"full":false,"thumbnail":false,"medium":false,"medium_large":false,"large":false,"1536x1536":false,"2048x2048":false,"gform-image-choice-sm":false,"gform-image-choice-md":false,"gform-image-choice-lg":false},"uagb_author_info":{"display_name":"8ideen","author_link":"https:\/\/xpand.one\/de\/gmbh\/author\/8ideen\/"},"uagb_comment_info":0,"uagb_excerpt":"Angebote Themenfelder 361\u00b0 &#8211; Das Feedback tool f\u00fcr F\u00fchrungskr\u00e4fte Angebote f\u00fcr Career Center an Hochschulen Ausrichtung und Rollenkl\u00e4rung Workshop CEO Conversations Culture Mapping Effectuation Generationen\u00fcbergreifende Zusammenarbeit I.E.L.M. &#8211; F\u00fchrungskr\u00e4ftetraining 4.0 Karriere Coaching &#8211; Young Generation Karriere Coaching f\u00fcr Fach- und F\u00fchrungskr\u00e4fte KI f\u00fcr Unternehmen LEGO\u00ae SERIOUS PLAY\u00ae Ma\u00dfgeschneiderte Seminare (Inhouse) Mediation und Kl\u00e4rungshilfe Pers\u00f6nlichkeits\u00adentwicklung Coaching&hellip;","_links":{"self":[{"href":"https:\/\/xpand.one\/de\/gmbh\/wp-json\/wp\/v2\/pages\/992","targetHints":{"allow":["GET"]}}],"collection":[{"href":"https:\/\/xpand.one\/de\/gmbh\/wp-json\/wp\/v2\/pages"}],"about":[{"href":"https:\/\/xpand.one\/de\/gmbh\/wp-json\/wp\/v2\/types\/page"}],"author":[{"embeddable":true,"href":"https:\/\/xpand.one\/de\/gmbh\/wp-json\/wp\/v2\/users\/1"}],"replies":[{"embeddable":true,"href":"https:\/\/xpand.one\/de\/gmbh\/wp-json\/wp\/v2\/comments?post=992"}],"version-history":[{"count":5,"href":"https:\/\/xpand.one\/de\/gmbh\/wp-json\/wp\/v2\/pages\/992\/revisions"}],"predecessor-version":[{"id":2714,"href":"https:\/\/xpand.one\/de\/gmbh\/wp-json\/wp\/v2\/pages\/992\/revisions\/2714"}],"wp:attachment":[{"href":"https:\/\/xpand.one\/de\/gmbh\/wp-json\/wp\/v2\/media?parent=992"}],"curies":[{"name":"wp","href":"https:\/\/api.w.org\/{rel}","templated":true}]}}