{"id":1095,"date":"2024-10-14T10:43:23","date_gmt":"2024-10-14T08:43:23","guid":{"rendered":"https:\/\/xpand.one\/de-stiftung\/?page_id=1095"},"modified":"2026-02-18T09:11:17","modified_gmt":"2026-02-18T08:11:17","slug":"networking","status":"publish","type":"page","link":"https:\/\/xpand.one\/de\/stiftung\/networking\/","title":{"rendered":"Networking"},"content":{"rendered":"<div id=\"cs-content\" class=\"cs-content\"><div class=\"x-section e1095-e1-v0 muf-0 muf-1 muf-2 muf-m\"><div class=\"x-grid e1095-e1-v1 muf-10 muf-9 muf-a x-effect-exit\" style=\"--tco-dcuf-0:1.3fr;--tco-dcuf-1:0.7fr;--tco-dcuf-2:1.3fr;--tco-dcuf-3:0.7fr;--tco-dcuf-4:1.3fr;--tco-dcuf-5:0.7fr;\" data-x-effect=\"{&quot;scroll&quot;:true,&quot;offsetTop&quot;:&quot;10%&quot;,&quot;offsetBottom&quot;:&quot;10%&quot;,&quot;behaviorScroll&quot;:&quot;fire-once&quot;}\"><div class=\"x-cell e1095-e1-v2 muf-11 muf-12\"><span class=\"x-image e1095-e1-v3 muf-14 muf-15 muf-b\"><img decoding=\"async\" src=\"https:\/\/xpand.one\/de\/stiftung\/wp-content\/uploads\/nicole-baster-OJcEMZHoY80-unsplash-scaled.jpg\" width=\"1280\" height=\"853\" alt=\"Image\" loading=\"lazy\"><\/span><\/div><div class=\"x-cell e1095-e1-v4 muf-12 muf-13 muf-a muf-c x-effect-exit\" data-x-effect=\"{&quot;scroll&quot;:true,&quot;offsetTop&quot;:&quot;10%&quot;,&quot;offsetBottom&quot;:&quot;10%&quot;,&quot;behaviorScroll&quot;:&quot;fire-once&quot;}\"><div class=\"x-text x-text-headline e1095-e1-v5 muf-18 muf-19 muf-1a muf-1b muf-1c\"><div class=\"x-text-content\"><div class=\"x-text-content-text\"><h1 class=\"x-text-content-text-primary\">xpand Networking<\/h1>\n<\/div><\/div><\/div><hr class=\"x-line e1095-e1-v6-v0 muf-1s muf-1t muf-n\" style=\"--tco-dcuf-6:rgb(203,0,26);\"\/><div class=\"x-div e1095-e1-v7 muf-1v muf-1w muf-1x muf-1y muf-1z muf-20 muf-21 muf-22\"><div style=\"--tco-dcuf-7:rgb(28, 28, 28);--tco-dcuf-a:rgb(28, 28, 28);\" class=\"x-text x-content e1095-e1-v8-v0 muf-2w muf-2x muf-2y muf-2z muf-o\">Die xpand Stiftung engagiert sich aktiv mit anderen Organisationen und in verschiedenen Netzwerken, weil wir davon \u00fcberzeugt sind, dass wir nur gemeinsam wirklich wachsen k\u00f6nnen.<\/div><\/div><\/div><\/div><\/div><div class=\"x-section e1095-e2-v0 muf-0 muf-2 muf-3 muf-4 muf-p\" style=\"--tco-dcuf-c:transparent;\"><div class=\"x-div x-container max width e1095-e2-v1 muf-1v muf-1w muf-1y muf-21 muf-22 muf-23 muf-24 muf-25 muf-26 muf-27 muf-28 muf-29 muf-2a muf-9 muf-a x-effect-exit\" style=\"--tco-dcuf-f:transparent;\" data-x-effect=\"{&quot;scroll&quot;:true,&quot;offsetTop&quot;:&quot;10%&quot;,&quot;offsetBottom&quot;:&quot;10%&quot;,&quot;behaviorScroll&quot;:&quot;fire-once&quot;}\"><div class=\"x-row e1095-e4 muf-34 muf-35 muf-36 muf-37 muf-3b muf-3c\"><div class=\"x-row-inner\"><div class=\"x-col e1095-e5 muf-3h muf-3i\"><a class=\"x-div e1095-e6-v0 muf-1v muf-1w muf-1y muf-1z muf-20 muf-22 muf-23 muf-24 muf-2b muf-2c muf-2d muf-2e muf-2f muf-q\" style=\"--tco-dcuf-h:1.4em;\" href=\"xpand-forum-coaching\" data-x-effect-provider=\"colors particles effects\"><span class=\"x-icon e1095-e6-v1 muf-3l muf-3m muf-3n muf-3o\" aria-hidden=\"true\" style=\"--tco-dcuf-j:rgb(203,0,26);--tco-dcuf-k:rgb(203,0,26);\"><svg xmlns=\"http:\/\/www.w3.org\/2000\/svg\" viewBox=\"0 0 512 512\"><!--! Font Awesome Pro 6.7.2 by @fontawesome - https:\/\/fontawesome.com License - https:\/\/fontawesome.com\/license (Commercial License) Copyright 2024 Fonticons, Inc. --><path d=\"M0 256a256 256 0 1 0 512 0A256 256 0 1 0 0 256zM297 385c-9.4 9.4-24.6 9.4-33.9 0s-9.4-24.6 0-33.9l71-71L120 280c-13.3 0-24-10.7-24-24s10.7-24 24-24l214.1 0-71-71c-9.4-9.4-9.4-24.6 0-33.9s24.6-9.4 33.9 0L409 239c9.4 9.4 9.4 24.6 0 33.9L297 385z\"\/><\/svg><\/span><div style=\"--tco-dcuf-l:rgb(14,23,86);--tco-dcuf-o:rgb(14,23,86);\" class=\"x-text x-text-headline e1095-e6-v2 muf-19 muf-1d muf-1e muf-1f muf-1g muf-1h\"><div class=\"x-text-content\"><div class=\"x-text-content-text\"><span class=\"x-text-content-text-primary\">xpand Netzwerk f\u00fcr Coachs<\/span>\n<\/div><\/div><\/div><\/a><\/div><div class=\"x-col e1095-e7 muf-3h muf-3i\"><a class=\"x-div e1095-e8-v0 muf-1v muf-1w muf-1y muf-1z muf-20 muf-22 muf-23 muf-24 muf-2b muf-2c muf-2d muf-2e muf-2g muf-r\" style=\"--tco-dcuf-p:1.4em;\" href=\"xpand-persolog-community\/\" data-x-effect-provider=\"colors particles effects\"><span class=\"x-icon e1095-e8-v1 muf-3l muf-3m muf-3n muf-3p\" aria-hidden=\"true\" style=\"--tco-dcuf-r:rgb(203,0,26);--tco-dcuf-s:rgb(203,0,26);\"><svg xmlns=\"http:\/\/www.w3.org\/2000\/svg\" viewBox=\"0 0 512 512\"><!--! Font Awesome Pro 6.7.2 by @fontawesome - https:\/\/fontawesome.com License - https:\/\/fontawesome.com\/license (Commercial License) Copyright 2024 Fonticons, Inc. --><path d=\"M0 256a256 256 0 1 0 512 0A256 256 0 1 0 0 256zM297 385c-9.4 9.4-24.6 9.4-33.9 0s-9.4-24.6 0-33.9l71-71L120 280c-13.3 0-24-10.7-24-24s10.7-24 24-24l214.1 0-71-71c-9.4-9.4-9.4-24.6 0-33.9s24.6-9.4 33.9 0L409 239c9.4 9.4 9.4 24.6 0 33.9L297 385z\"\/><\/svg><\/span><div style=\"--tco-dcuf-t:rgb(14,23,86);--tco-dcuf-w:rgb(14,23,86);\" class=\"x-text x-text-headline e1095-e8-v2 muf-19 muf-1d muf-1e muf-1f muf-1g muf-1i\"><div class=\"x-text-content\"><div class=\"x-text-content-text\"><span class=\"x-text-content-text-primary\">Netzwerk f\u00fcr Persolog\u00a9-zertifizierte Trainer<\/span>\n<\/div><\/div><\/div><\/a><\/div><\/div><\/div><blockquote class=\"x-quote e1095-e9 muf-3u\"><div class=\"x-quote-content\"><div class=\"x-quote-text\"><p>In einem starken Netzwerk entstehen R\u00e4ume, in denen Menschen und Organisationen voneinander lernen, neue Perspektiven entdecken und sich gegenseitig inspirieren.<\/p>\n<p>Unsere Arbeit basiert auf Werten wie Vertrauen und Respekt, die die Grundlage f\u00fcr echte, nachhaltige Partnerschaften bilden. Durch den aktiven Austausch innerhalb unseres Netzwerks f\u00f6rdern wir Innovationen und unterst\u00fctzen Organisationen dabei, konzeptionell, menschlich und wirtschaftlich voranzukommen.<\/p>\n<p>Lassen Sie uns gemeinsam wachsen und die Zukunft gestalten!<\/p><\/div><\/div><\/blockquote><\/div><\/div><div class=\"x-section e1095-e10-v0 muf-0 muf-2 muf-4 muf-5\" style=\"--tco-dcuf-y:#e1e1ee;--tco-dcuf-11:#e1e1ee;--tco-dcuf-14:#e1e1ee;\"><div class=\"x-row x-container max width e1095-e10-v1 muf-34 muf-37 muf-38 muf-39 muf-3b muf-3d\"><div class=\"x-row-inner\"><div class=\"x-col e1095-e10-v2 muf-3h muf-3i\"><div style=\"--tco-dcuf-16:rgb(203,0,26);--tco-dcuf-19:rgb(203,0,26);--tco-dcuf-1a:rgb(203,0,26);--tco-dcuf-1d:rgb(203,0,26);\" class=\"x-text x-text-headline e1095-e10-v3-v0 muf-19 muf-1f muf-1g muf-1j muf-1k muf-s is-type-headline\"><div class=\"x-text-content\"><div class=\"x-text-content-text\"><h2 class=\"x-text-content-text-primary\">Hier laden wir zur Vernetzung ein<\/h2>\n<\/div><\/div><\/div><\/div><\/div><\/div><div class=\"x-row x-container max width e1095-e10-v4 muf-34 muf-35 muf-39 muf-3a muf-3b muf-3e\"><div class=\"x-row-inner\"><a class=\"x-col e1095-e10-v5 muf-3h muf-3j muf-3k muf-d muf-e\" href=\"https:\/\/xpand.one\/de\/stiftung\/angebot\/xpand-persolog-community\/\" data-x-effect-provider=\"colors particles effects\" data-x-effect=\"{&quot;durationBase&quot;:&quot;300ms&quot;}\"><span class=\"x-image e1095-e10-v6 muf-14 muf-16\"><img decoding=\"async\" src=\"https:\/\/xpand.one\/de\/stiftung\/wp-content\/uploads\/priscilla-du-preez-nF8xhLMmg0c-unsplash-scaled.jpg\" alt=\"Image\" loading=\"lazy\"><\/span><div class=\"x-div e1095-e10-v7 muf-1w muf-1x muf-1y muf-1z muf-21 muf-22 muf-24 muf-25 muf-26 muf-28 muf-2d muf-2h muf-2i muf-2j\"><div style=\"--tco-dcuf-1e:rgb(203,0,26);--tco-dcuf-1h:rgb(203,0,26);\" class=\"x-text x-text-headline e1095-e10-v8-v0 muf-19 muf-1f muf-1g muf-1k muf-1l muf-t is-type-headline\"><div class=\"x-text-content\"><div class=\"x-text-content-text\"><h5 class=\"x-text-content-text-primary\">xpand persolog\u00ae community<\/h5>\n<\/div><\/div><\/div><span class=\"x-div e1095-e10-v9-v0 muf-1v muf-1w muf-22 muf-23 muf-24 muf-2b muf-2c muf-2d muf-2e muf-2k muf-2l muf-u\" style=\"--tco-dcuf-1i:rgb(14,23,86);--tco-dcuf-1k:1em;--tco-dcuf-1m:rgb(14,23,86);\" data-x-effect-provider=\"colors particles effects\"><div class=\"x-div has-particle e1095-e10-v9-v1 muf-1v muf-1w muf-1x muf-1y muf-1z muf-20 muf-21 muf-22 muf-2j muf-2m muf-2n muf-j muf-k\" style=\"--tco-dcuf-1o:rgb(14,23,86);\"><span class=\"x-particle is-primary\" data-x-particle=\"scale-x inside-b_c\" aria-hidden=\"true\"><span style=\"\"><\/span><\/span><\/div><span class=\"x-icon e1095-e10-v9-v2 muf-3l muf-3n muf-3q muf-3r\" aria-hidden=\"true\" style=\"--tco-dcuf-1q:#9392ba;--tco-dcuf-1r:#9392ba;\"><svg xmlns=\"http:\/\/www.w3.org\/2000\/svg\" viewBox=\"0 0 512 512\"><!--! Font Awesome Pro 6.7.2 by @fontawesome - https:\/\/fontawesome.com License - https:\/\/fontawesome.com\/license (Commercial License) Copyright 2024 Fonticons, Inc. --><path d=\"M0 256a256 256 0 1 0 512 0A256 256 0 1 0 0 256zM297 385c-9.4 9.4-24.6 9.4-33.9 0s-9.4-24.6 0-33.9l71-71L120 280c-13.3 0-24-10.7-24-24s10.7-24 24-24l214.1 0-71-71c-9.4-9.4-9.4-24.6 0-33.9s24.6-9.4 33.9 0L409 239c9.4 9.4 9.4 24.6 0 33.9L297 385z\"\/><\/svg><\/span><div style=\"--tco-dcuf-1s:rgb(14,23,86);--tco-dcuf-1v:#fff;\" class=\"x-text x-text-headline e1095-e10-v9-v3 muf-19 muf-1b muf-1d muf-1e muf-1f muf-1m muf-1n\"><div class=\"x-text-content\"><div class=\"x-text-content-text\"><span class=\"x-text-content-text-primary\">Mehr <\/span>\n<\/div><\/div><\/div><\/span><\/div><\/a><a class=\"x-col e1095-e10-v5 muf-3h muf-3j muf-3k muf-d muf-e\" href=\"https:\/\/xpand.one\/de\/stiftung\/angebot\/xpand-forum-coaching\/\" data-x-effect-provider=\"colors particles effects\" data-x-effect=\"{&quot;durationBase&quot;:&quot;300ms&quot;}\"><span class=\"x-image e1095-e10-v6 muf-14 muf-16\"><img decoding=\"async\" src=\"https:\/\/xpand.one\/de\/stiftung\/wp-content\/uploads\/Header_neu.jpg\" alt=\"Image\" loading=\"lazy\"><\/span><div class=\"x-div e1095-e10-v7 muf-1w muf-1x muf-1y muf-1z muf-21 muf-22 muf-24 muf-25 muf-26 muf-28 muf-2d muf-2h muf-2i muf-2j\"><div style=\"--tco-dcuf-1e:rgb(203,0,26);--tco-dcuf-1h:rgb(203,0,26);\" class=\"x-text x-text-headline e1095-e10-v8-v0 muf-19 muf-1f muf-1g muf-1k muf-1l muf-t is-type-headline\"><div class=\"x-text-content\"><div class=\"x-text-content-text\"><h5 class=\"x-text-content-text-primary\">xpand forum coaching<\/h5>\n<\/div><\/div><\/div><span class=\"x-div e1095-e10-v9-v0 muf-1v muf-1w muf-22 muf-23 muf-24 muf-2b muf-2c muf-2d muf-2e muf-2k muf-2l muf-u\" style=\"--tco-dcuf-1i:rgb(14,23,86);--tco-dcuf-1k:1em;--tco-dcuf-1m:rgb(14,23,86);\" data-x-effect-provider=\"colors particles effects\"><div class=\"x-div has-particle e1095-e10-v9-v1 muf-1v muf-1w muf-1x muf-1y muf-1z muf-20 muf-21 muf-22 muf-2j muf-2m muf-2n muf-j muf-k\" style=\"--tco-dcuf-1o:rgb(14,23,86);\"><span class=\"x-particle is-primary\" data-x-particle=\"scale-x inside-b_c\" aria-hidden=\"true\"><span style=\"\"><\/span><\/span><\/div><span class=\"x-icon e1095-e10-v9-v2 muf-3l muf-3n muf-3q muf-3r\" aria-hidden=\"true\" style=\"--tco-dcuf-1q:#9392ba;--tco-dcuf-1r:#9392ba;\"><svg xmlns=\"http:\/\/www.w3.org\/2000\/svg\" viewBox=\"0 0 512 512\"><!--! Font Awesome Pro 6.7.2 by @fontawesome - https:\/\/fontawesome.com License - https:\/\/fontawesome.com\/license (Commercial License) Copyright 2024 Fonticons, Inc. --><path d=\"M0 256a256 256 0 1 0 512 0A256 256 0 1 0 0 256zM297 385c-9.4 9.4-24.6 9.4-33.9 0s-9.4-24.6 0-33.9l71-71L120 280c-13.3 0-24-10.7-24-24s10.7-24 24-24l214.1 0-71-71c-9.4-9.4-9.4-24.6 0-33.9s24.6-9.4 33.9 0L409 239c9.4 9.4 9.4 24.6 0 33.9L297 385z\"\/><\/svg><\/span><div style=\"--tco-dcuf-1s:rgb(14,23,86);--tco-dcuf-1v:#fff;\" class=\"x-text x-text-headline e1095-e10-v9-v3 muf-19 muf-1b muf-1d muf-1e muf-1f muf-1m muf-1n\"><div class=\"x-text-content\"><div class=\"x-text-content-text\"><span class=\"x-text-content-text-primary\">Mehr <\/span>\n<\/div><\/div><\/div><\/span><\/div><\/a><\/div><\/div><\/div><div class=\"x-section e1095-e11-v0 muf-0 muf-2 muf-4 muf-6 muf-v\" style=\"--tco-dcuf-1x:transparent;\"><div class=\"x-div x-container max width e1095-e11-v1 muf-1v muf-1w muf-1y muf-21 muf-22 muf-23 muf-24 muf-25 muf-26 muf-28 muf-29 muf-2a muf-2o muf-9 muf-a x-effect-exit\" style=\"--tco-dcuf-20:transparent;\" data-x-effect=\"{&quot;scroll&quot;:true,&quot;offsetTop&quot;:&quot;10%&quot;,&quot;offsetBottom&quot;:&quot;10%&quot;,&quot;behaviorScroll&quot;:&quot;fire-once&quot;}\"><div style=\"--tco-dcuf-22:rgb(203,0,26);--tco-dcuf-25:rgb(203,0,26);--tco-dcuf-26:rgb(203,0,26);--tco-dcuf-29:rgb(203,0,26);\" class=\"x-text x-text-headline e1095-e13-v0 muf-19 muf-1f muf-1g muf-1k muf-1o muf-1p muf-w is-type-headline\"><div class=\"x-text-content\"><div class=\"x-text-content-text\"><h3 class=\"x-text-content-text-primary\"><strong>Gemeinsam mehr erreichen...<\/strong><\/h3>\n<\/div><\/div><\/div><div style=\"--tco-dcuf-2a:rgb(28, 28, 28);--tco-dcuf-2d:rgb(28, 28, 28);\" class=\"x-text x-content e1095-e14-v0 muf-2x muf-2y muf-2z muf-30 muf-x\"><p>Vernetzung und co-kreatives Lernen geh\u00f6rt schon immer zu xpand. Wir sind als Stiftung mit unserem Stand, oder im Sponsoring, <br \/>\nund mit gemeinsamen Angeboten &amp; Aktionen in verschiedenen Netzwerken aktiv.<\/p><\/div><\/div><\/div><div class=\"x-section e1095-e15-v0 muf-0 muf-4 muf-7 muf-y\"><div class=\"x-row x-container max width e1095-e15-v1 muf-34 muf-35 muf-37 muf-39 muf-3b muf-3f muf-9 muf-a x-effect-exit\" data-x-effect=\"{&quot;scroll&quot;:true,&quot;offsetTop&quot;:&quot;10%&quot;,&quot;offsetBottom&quot;:&quot;10%&quot;,&quot;behaviorScroll&quot;:&quot;fire-once&quot;}\"><div class=\"x-row-inner\"><div class=\"x-col e1095-e15-v2 muf-3h muf-3i\"><div class=\"x-div e1095-e15-v3 muf-1v muf-1w muf-1x muf-1y muf-1z muf-20 muf-21 muf-22\"><div class=\"x-slide-container-viewport is-loading e1095-e15-v4 muf-3v\" data-x-slide-container=\"{&quot;keyboardNavigation&quot;:true,&quot;justify&quot;:&quot;center&quot;,&quot;snap&quot;:true,&quot;scrollBySlide&quot;:true,&quot;wrapAround&quot;:true,&quot;direction&quot;:&quot;forward&quot;,&quot;startingSlide&quot;:1}\"><div class=\"x-slide-container-content\"><div class=\"x-slide-container is-inline is-paged\"><a class=\"x-slide e1095-e15-v5 muf-3w muf-f\" data-x-slide=\"\" href=\"https:\/\/www.talerundtalar.de\/\" data-x-effect-provider=\"colors particles effects\" data-x-effect=\"{&quot;durationBase&quot;:&quot;300ms&quot;}\" target=\"_blank\" rel=\"noopener\"><span class=\"x-image e1095-e15-v6 muf-14 muf-17\"><img decoding=\"async\" src=\"https:\/\/xpand.one\/de\/stiftung\/wp-content\/uploads\/TalerundTalar-Konferenz2024-e1728895653527.webp\" width=\"768\" height=\"468\" alt=\"Image\" loading=\"lazy\"><\/span><div class=\"x-div e1095-e15-v7 muf-1v muf-1w muf-1x muf-1y muf-1z muf-21 muf-22 muf-24 muf-25 muf-26 muf-28 muf-2d muf-2i muf-2p\"><div class=\"x-text x-text-headline e1095-e15-v8 muf-19 muf-1a muf-1c muf-1d muf-1k muf-1p muf-1q\"><div class=\"x-text-content\"><div class=\"x-text-content-text\"><h4 class=\"x-text-content-text-primary\">Taler & Talar<\/h4>\n<\/div><\/div><\/div><hr class=\"x-line e1095-e15-v9 muf-1s muf-1u\"\/><div class=\"x-text x-content e1095-e15-v10 muf-2x muf-2z muf-31 muf-32\"><\/div><span class=\"x-anchor x-anchor-button has-graphic e1095-e15-v11 muf-3x\" tabindex=\"0\"><div class=\"x-anchor-content\"><span class=\"x-graphic\" aria-hidden=\"true\"><span class=\"x-icon x-graphic-child x-graphic-icon x-graphic-primary\" aria-hidden=\"true\"><svg xmlns=\"http:\/\/www.w3.org\/2000\/svg\" viewBox=\"0 0 320 512\"><!--! Font Awesome Pro 6.7.2 by @fontawesome - https:\/\/fontawesome.com License - https:\/\/fontawesome.com\/license (Commercial License) Copyright 2024 Fonticons, Inc. --><path d=\"M278.6 233.4c12.5 12.5 12.5 32.8 0 45.3l-160 160c-12.5 12.5-32.8 12.5-45.3 0s-12.5-32.8 0-45.3L210.7 256 73.4 118.6c-12.5-12.5-12.5-32.8 0-45.3s32.8-12.5 45.3 0l160 160z\"\/><\/svg><\/span><\/span><div class=\"x-anchor-text\"><span class=\"x-anchor-text-primary\">zur Website<\/span><\/div><\/div><\/span><\/div><\/a><a class=\"x-slide e1095-e15-v5 muf-3w muf-f\" data-x-slide=\"\" href=\"https:\/\/raise-leaders.eu\/\" data-x-effect-provider=\"colors particles effects\" data-x-effect=\"{&quot;durationBase&quot;:&quot;300ms&quot;}\" target=\"_blank\" rel=\"noopener\"><span class=\"x-image e1095-e15-v6 muf-14 muf-17\"><img decoding=\"async\" src=\"https:\/\/xpand.one\/de\/stiftung\/wp-content\/uploads\/raise-logo.jpg.png\" width=\"1054\" height=\"390\" alt=\"Image\" loading=\"lazy\"><\/span><div class=\"x-div e1095-e15-v7 muf-1v muf-1w muf-1x muf-1y muf-1z muf-21 muf-22 muf-24 muf-25 muf-26 muf-28 muf-2d muf-2i muf-2p\"><div class=\"x-text x-text-headline e1095-e15-v8 muf-19 muf-1a muf-1c muf-1d muf-1k muf-1p muf-1q\"><div class=\"x-text-content\"><div class=\"x-text-content-text\"><h4 class=\"x-text-content-text-primary\">Raise Leaders<\/h4>\n<\/div><\/div><\/div><hr class=\"x-line e1095-e15-v9 muf-1s muf-1u\"\/><div class=\"x-text x-content e1095-e15-v10 muf-2x muf-2z muf-31 muf-32\"><\/div><span class=\"x-anchor x-anchor-button has-graphic e1095-e15-v11 muf-3x\" tabindex=\"0\"><div class=\"x-anchor-content\"><span class=\"x-graphic\" aria-hidden=\"true\"><span class=\"x-icon x-graphic-child x-graphic-icon x-graphic-primary\" aria-hidden=\"true\"><svg xmlns=\"http:\/\/www.w3.org\/2000\/svg\" viewBox=\"0 0 320 512\"><!--! Font Awesome Pro 6.7.2 by @fontawesome - https:\/\/fontawesome.com License - https:\/\/fontawesome.com\/license (Commercial License) Copyright 2024 Fonticons, Inc. --><path d=\"M278.6 233.4c12.5 12.5 12.5 32.8 0 45.3l-160 160c-12.5 12.5-32.8 12.5-45.3 0s-12.5-32.8 0-45.3L210.7 256 73.4 118.6c-12.5-12.5-12.5-32.8 0-45.3s32.8-12.5 45.3 0l160 160z\"\/><\/svg><\/span><\/span><div class=\"x-anchor-text\"><span class=\"x-anchor-text-primary\">zur Website<\/span><\/div><\/div><\/span><\/div><\/a><a class=\"x-slide e1095-e15-v5 muf-3w muf-f\" data-x-slide=\"\" href=\"https:\/\/www.willowcreek.de\" data-x-effect-provider=\"colors particles effects\" data-x-effect=\"{&quot;durationBase&quot;:&quot;300ms&quot;}\" target=\"_blank\" rel=\"noopener\"><span class=\"x-image e1095-e15-v6 muf-14 muf-17\"><img decoding=\"async\" src=\"https:\/\/xpand.one\/de\/stiftung\/wp-content\/uploads\/WCD-LOGO-weiss.png\" width=\"4167\" height=\"1209\" alt=\"Image\" loading=\"lazy\"><\/span><div class=\"x-div e1095-e15-v7 muf-1v muf-1w muf-1x muf-1y muf-1z muf-21 muf-22 muf-24 muf-25 muf-26 muf-28 muf-2d muf-2i muf-2p\"><div class=\"x-text x-text-headline e1095-e15-v8 muf-19 muf-1a muf-1c muf-1d muf-1k muf-1p muf-1q\"><div class=\"x-text-content\"><div class=\"x-text-content-text\"><h4 class=\"x-text-content-text-primary\">Willow Creek Deutschland<\/h4>\n<\/div><\/div><\/div><hr class=\"x-line e1095-e15-v9 muf-1s muf-1u\"\/><div class=\"x-text x-content e1095-e15-v10 muf-2x muf-2z muf-31 muf-32\"><\/div><span class=\"x-anchor x-anchor-button has-graphic e1095-e15-v11 muf-3x\" tabindex=\"0\"><div class=\"x-anchor-content\"><span class=\"x-graphic\" aria-hidden=\"true\"><span class=\"x-icon x-graphic-child x-graphic-icon x-graphic-primary\" aria-hidden=\"true\"><svg xmlns=\"http:\/\/www.w3.org\/2000\/svg\" viewBox=\"0 0 320 512\"><!--! Font Awesome Pro 6.7.2 by @fontawesome - https:\/\/fontawesome.com License - https:\/\/fontawesome.com\/license (Commercial License) Copyright 2024 Fonticons, Inc. --><path d=\"M278.6 233.4c12.5 12.5 12.5 32.8 0 45.3l-160 160c-12.5 12.5-32.8 12.5-45.3 0s-12.5-32.8 0-45.3L210.7 256 73.4 118.6c-12.5-12.5-12.5-32.8 0-45.3s32.8-12.5 45.3 0l160 160z\"\/><\/svg><\/span><\/span><div class=\"x-anchor-text\"><span class=\"x-anchor-text-primary\">zur Website<\/span><\/div><\/div><\/span><\/div><\/a><a class=\"x-slide e1095-e15-v5 muf-3w muf-f\" data-x-slide=\"\" href=\"https:\/\/www.kcf.de\/l\/\" data-x-effect-provider=\"colors particles effects\" data-x-effect=\"{&quot;durationBase&quot;:&quot;300ms&quot;}\" target=\"_blank\" rel=\"noopener\"><span class=\"x-image e1095-e15-v6 muf-14 muf-17\"><img decoding=\"async\" src=\"https:\/\/xpand.one\/de\/stiftung\/wp-content\/uploads\/KCF_Subline-size-edit.png\" width=\"600\" height=\"250\" alt=\"Image\" loading=\"lazy\"><\/span><div class=\"x-div e1095-e15-v7 muf-1v muf-1w muf-1x muf-1y muf-1z muf-21 muf-22 muf-24 muf-25 muf-26 muf-28 muf-2d muf-2i muf-2p\"><div class=\"x-text x-text-headline e1095-e15-v8 muf-19 muf-1a muf-1c muf-1d muf-1k muf-1p muf-1q\"><div class=\"x-text-content\"><div class=\"x-text-content-text\"><h4 class=\"x-text-content-text-primary\">Kongress christlicher F\u00fchrungskr\u00e4fte<\/h4>\n<\/div><\/div><\/div><hr class=\"x-line e1095-e15-v9 muf-1s muf-1u\"\/><div class=\"x-text x-content e1095-e15-v10 muf-2x muf-2z muf-31 muf-32\"><\/div><span class=\"x-anchor x-anchor-button has-graphic e1095-e15-v11 muf-3x\" tabindex=\"0\"><div class=\"x-anchor-content\"><span class=\"x-graphic\" aria-hidden=\"true\"><span class=\"x-icon x-graphic-child x-graphic-icon x-graphic-primary\" aria-hidden=\"true\"><svg xmlns=\"http:\/\/www.w3.org\/2000\/svg\" viewBox=\"0 0 320 512\"><!--! Font Awesome Pro 6.7.2 by @fontawesome - https:\/\/fontawesome.com License - https:\/\/fontawesome.com\/license (Commercial License) Copyright 2024 Fonticons, Inc. --><path d=\"M278.6 233.4c12.5 12.5 12.5 32.8 0 45.3l-160 160c-12.5 12.5-32.8 12.5-45.3 0s-12.5-32.8 0-45.3L210.7 256 73.4 118.6c-12.5-12.5-12.5-32.8 0-45.3s32.8-12.5 45.3 0l160 160z\"\/><\/svg><\/span><\/span><div class=\"x-anchor-text\"><span class=\"x-anchor-text-primary\">zur Website<\/span><\/div><\/div><\/span><\/div><\/a><\/div><\/div><\/div><div class=\"x-div e1095-e15-v12 muf-1v muf-1w muf-1y muf-1z muf-20 muf-22 muf-24 muf-28 muf-2a muf-2b muf-2d muf-2i muf-2m muf-2q muf-2r muf-g\"><a class=\"x-div e1095-e15-v13 muf-1v muf-1w muf-1x muf-1y muf-20 muf-21 muf-24 muf-25 muf-28 muf-2c muf-2d muf-2i muf-2s muf-d muf-h muf-i\" href=\"#prev\" data-x-effect-provider=\"colors particles effects\" data-x-effect=\"{&quot;durationBase&quot;:&quot;222ms&quot;}\" data-x-slide-prev=\"\"><span class=\"x-icon e1095-e15-v14 muf-3n muf-3s muf-h\" aria-hidden=\"true\"><svg xmlns=\"http:\/\/www.w3.org\/2000\/svg\" viewBox=\"0 0 448 512\"><!--! Font Awesome Pro 6.7.2 by @fontawesome - https:\/\/fontawesome.com License - https:\/\/fontawesome.com\/license (Commercial License) Copyright 2024 Fonticons, Inc. --><path d=\"M7.4 273.4C2.7 268.8 0 262.6 0 256s2.7-12.8 7.4-17.4l176-168c9.6-9.2 24.8-8.8 33.9 .8s8.8 24.8-.8 33.9L83.9 232 424 232c13.3 0 24 10.7 24 24s-10.7 24-24 24L83.9 280 216.6 406.6c9.6 9.2 9.9 24.3 .8 33.9s-24.3 9.9-33.9 .8l-176-168z\"\/><\/svg><\/span><\/a><a class=\"x-div e1095-e15-v15 muf-1v muf-1w muf-1y muf-20 muf-21 muf-24 muf-25 muf-28 muf-2c muf-2d muf-2i muf-2r muf-2s muf-2t muf-d muf-h muf-i\" href=\"#next\" data-x-effect-provider=\"colors particles effects\" data-x-effect=\"{&quot;durationBase&quot;:&quot;222ms&quot;}\" data-x-slide-next=\"\"><span class=\"x-icon e1095-e15-v16 muf-3n muf-3s muf-h\" aria-hidden=\"true\"><svg xmlns=\"http:\/\/www.w3.org\/2000\/svg\" viewBox=\"0 0 448 512\"><!--! Font Awesome Pro 6.7.2 by @fontawesome - https:\/\/fontawesome.com License - https:\/\/fontawesome.com\/license (Commercial License) Copyright 2024 Fonticons, Inc. --><path d=\"M440.6 273.4c4.7-4.5 7.4-10.8 7.4-17.4s-2.7-12.8-7.4-17.4l-176-168c-9.6-9.2-24.8-8.8-33.9 .8s-8.8 24.8 .8 33.9L364.1 232 24 232c-13.3 0-24 10.7-24 24s10.7 24 24 24l340.1 0L231.4 406.6c-9.6 9.2-9.9 24.3-.8 33.9s24.3 9.9 33.9 .8l176-168z\"\/><\/svg><\/span><\/a><\/div><ul class=\"x-slide-pagination is-row e1095-e15-v17 muf-3y\" data-x-slide-pagination=\"\"><\/ul><\/div><\/div><\/div><\/div><\/div><div class=\"x-section e1095-e16-v0 muf-0 muf-2 muf-4 muf-8 muf-z\"><div class=\"x-row x-container max width e1095-e16-v1 muf-34 muf-35 muf-37 muf-39 muf-3b muf-3g muf-9 muf-a x-effect-exit\" data-x-effect=\"{&quot;scroll&quot;:true,&quot;offsetTop&quot;:&quot;10%&quot;,&quot;offsetBottom&quot;:&quot;10%&quot;,&quot;behaviorScroll&quot;:&quot;fire-once&quot;}\"><div class=\"x-row-inner\"><div class=\"x-col e1095-e16-v2 muf-3h muf-3i muf-3k\"><div style=\"--tco-dcuf-2g:none;\" class=\"x-text x-content e1095-e16-v3 muf-2x muf-2y muf-31 muf-33\"><p><strong>M\u00f6chten Sie sich mit uns vernetzen? <\/strong><br \/>\n<strong>Sie sind am Onboarding interessiert?<\/strong><\/p>\n<p>Wir freuen uns darauf, von Ihnen zu h\u00f6ren.<\/p><\/div><a class=\"x-div e1095-e16-v4 muf-1v muf-1w muf-1x muf-1y muf-22 muf-23 muf-24 muf-2b muf-2c muf-2d muf-2e muf-2l muf-2u\" href=\"\/de\/stiftung\/kontakt\/\" data-x-effect-provider=\"colors particles effects\"><div class=\"x-div has-particle e1095-e16-v5 muf-1v muf-1w muf-1x muf-1y muf-1z muf-20 muf-21 muf-22 muf-2j muf-2m muf-2n muf-2v muf-j muf-l\"><span class=\"x-particle is-primary\" data-x-particle=\"scale-x inside-b_c\" aria-hidden=\"true\"><span style=\"\"><\/span><\/span><\/div><span class=\"x-icon e1095-e16-v6 muf-3l muf-3n muf-3q muf-3t\" aria-hidden=\"true\"><svg xmlns=\"http:\/\/www.w3.org\/2000\/svg\" viewBox=\"0 0 512 512\"><!--! Font Awesome Pro 6.7.2 by @fontawesome - https:\/\/fontawesome.com License - https:\/\/fontawesome.com\/license (Commercial License) Copyright 2024 Fonticons, Inc. --><path d=\"M0 256a256 256 0 1 0 512 0A256 256 0 1 0 0 256zM297 385c-9.4 9.4-24.6 9.4-33.9 0s-9.4-24.6 0-33.9l71-71L120 280c-13.3 0-24-10.7-24-24s10.7-24 24-24l214.1 0-71-71c-9.4-9.4-9.4-24.6 0-33.9s24.6-9.4 33.9 0L409 239c9.4 9.4 9.4 24.6 0 33.9L297 385z\"\/><\/svg><\/span><div class=\"x-text x-text-headline e1095-e16-v7 muf-19 muf-1b muf-1c muf-1d muf-1e muf-1f muf-1m muf-1r\"><div class=\"x-text-content\"><div class=\"x-text-content-text\"><span class=\"x-text-content-text-primary\">Schreiben Sie uns!<\/span>\n<\/div><\/div><\/div><\/a><\/div><\/div><\/div><\/div><\/div>","protected":false},"excerpt":{"rendered":"<p>xpand Networking Die xpand Stiftung engagiert sich aktiv mit anderen Organisationen und in verschiedenen Netzwerken, weil wir davon \u00fcberzeugt sind, dass wir nur gemeinsam wirklich wachsen k\u00f6nnen.xpand Netzwerk f\u00fcr Coachs Netzwerk f\u00fcr Persolog\u00a9-zertifizierte Trainer In einem starken Netzwerk entstehen R\u00e4ume, in denen Menschen und Organisationen voneinander lernen, neue Perspektiven entdecken und sich gegenseitig inspirieren. Unsere Arbeit basiert auf Werten wie&hellip;<\/p>\n","protected":false},"author":2,"featured_media":0,"parent":0,"menu_order":0,"comment_status":"closed","ping_status":"closed","template":"template-blank-4.php","meta":{"_acf_changed":false,"inline_featured_image":false,"footnotes":""},"class_list":["post-1095","page","type-page","status-publish","hentry","no-post-thumbnail"],"acf":[],"_links":{"self":[{"href":"https:\/\/xpand.one\/de\/stiftung\/wp-json\/wp\/v2\/pages\/1095","targetHints":{"allow":["GET"]}}],"collection":[{"href":"https:\/\/xpand.one\/de\/stiftung\/wp-json\/wp\/v2\/pages"}],"about":[{"href":"https:\/\/xpand.one\/de\/stiftung\/wp-json\/wp\/v2\/types\/page"}],"author":[{"embeddable":true,"href":"https:\/\/xpand.one\/de\/stiftung\/wp-json\/wp\/v2\/users\/2"}],"replies":[{"embeddable":true,"href":"https:\/\/xpand.one\/de\/stiftung\/wp-json\/wp\/v2\/comments?post=1095"}],"version-history":[{"count":6,"href":"https:\/\/xpand.one\/de\/stiftung\/wp-json\/wp\/v2\/pages\/1095\/revisions"}],"predecessor-version":[{"id":2041,"href":"https:\/\/xpand.one\/de\/stiftung\/wp-json\/wp\/v2\/pages\/1095\/revisions\/2041"}],"wp:attachment":[{"href":"https:\/\/xpand.one\/de\/stiftung\/wp-json\/wp\/v2\/media?parent=1095"}],"curies":[{"name":"wp","href":"https:\/\/api.w.org\/{rel}","templated":true}]}}