{"id":1145,"date":"2024-10-14T10:21:13","date_gmt":"2024-10-14T08:21:13","guid":{"rendered":"https:\/\/xpand.one\/de-stiftung\/?page_id=1145"},"modified":"2026-02-18T09:11:20","modified_gmt":"2026-02-18T08:11:20","slug":"training","status":"publish","type":"page","link":"https:\/\/xpand.one\/de\/stiftung\/training\/","title":{"rendered":"Training"},"content":{"rendered":"<div id=\"cs-content\" class=\"cs-content\"><div class=\"x-section e1145-e1-v0 mvt-0 mvt-1 mvt-d\"><div class=\"x-grid e1145-e1-v1 mvt-p mvt-q mvt-4 mvt-5 x-effect-exit\" style=\"--tco-dcvt-0:1fr;--tco-dcvt-1:1fr;--tco-dcvt-2:1fr;--tco-dcvt-3:1fr;--tco-dcvt-4:1fr;--tco-dcvt-5:1fr;\" data-x-effect=\"{&quot;scroll&quot;:true,&quot;offsetTop&quot;:&quot;10%&quot;,&quot;offsetBottom&quot;:&quot;10%&quot;,&quot;behaviorScroll&quot;:&quot;fire-once&quot;}\"><div class=\"x-cell e1145-e1-v2 mvt-s mvt-t mvt-u mvt-v mvt-w mvt-x mvt-y\"><span class=\"x-image e1145-e1-v3 mvt-18 mvt-19 mvt-6\"><img decoding=\"async\" src=\"https:\/\/xpand.one\/de\/stiftung\/wp-content\/uploads\/quino-al-dhGFLj3rI0Q-unsplash-scaled.jpg\" width=\"1280\" height=\"853\" alt=\"Image\" loading=\"lazy\"><\/span><\/div><div class=\"x-cell e1145-e1-v4 mvt-u mvt-v mvt-w mvt-x mvt-z mvt-10 mvt-11 mvt-12 mvt-5 mvt-7 x-effect-exit\" data-x-effect=\"{&quot;scroll&quot;:true,&quot;offsetTop&quot;:&quot;10%&quot;,&quot;offsetBottom&quot;:&quot;10%&quot;,&quot;behaviorScroll&quot;:&quot;fire-once&quot;}\"><div class=\"x-text x-text-headline e1145-e1-v5 mvt-1b mvt-1c mvt-1d\"><div class=\"x-text-content\"><div class=\"x-text-content-text\"><h1 class=\"x-text-content-text-primary\">Training<\/h1>\n<\/div><\/div><\/div><hr class=\"x-line e1145-e1-v6-v0 mvt-1q mvt-e\" style=\"--tco-dcvt-6:rgb(203,0,26);\"\/><div class=\"x-div e1145-e1-v7 mvt-1r mvt-1s mvt-1t mvt-1u mvt-1v mvt-1w mvt-1x\"><div style=\"--tco-dcvt-7:rgb(28, 28, 28);--tco-dcvt-a:rgb(28, 28, 28);\" class=\"x-text x-content e1145-e1-v8-v0 mvt-29 mvt-2a mvt-f\">\u201eDer beste Weg, die Zukunft vorherzusagen, ist, sie zu gestalten.\u201c \n(Peter Drucker) <\/div><\/div><\/div><\/div><\/div><div class=\"x-section e1145-e2 mvt-0 mvt-2\"><div class=\"x-row x-container max width e1145-e3 mvt-2d mvt-2e mvt-2f mvt-2i mvt-2j\"><div class=\"x-row-inner\"><div class=\"x-col e1145-e4 mvt-2n mvt-2o\"><a class=\"x-div e1145-e5-v0 mvt-1r mvt-1s mvt-1u mvt-1v mvt-1w mvt-1x mvt-1y mvt-1z mvt-20 mvt-g\" style=\"--tco-dcvt-b:1.2em;\" href=\"#\" data-x-effect-provider=\"colors particles effects\"><span class=\"x-icon e1145-e5-v1 mvt-2r mvt-2s mvt-2t\" aria-hidden=\"true\" style=\"--tco-dcvt-d:rgb(203,0,26);--tco-dcvt-e:rgb(203,0,26);\"><svg xmlns=\"http:\/\/www.w3.org\/2000\/svg\" viewBox=\"0 0 512 512\"><!--! Font Awesome Pro 6.7.2 by @fontawesome - https:\/\/fontawesome.com License - https:\/\/fontawesome.com\/license (Commercial License) Copyright 2024 Fonticons, Inc. --><path d=\"M0 256a256 256 0 1 0 512 0A256 256 0 1 0 0 256zM297 385c-9.4 9.4-24.6 9.4-33.9 0s-9.4-24.6 0-33.9l71-71L120 280c-13.3 0-24-10.7-24-24s10.7-24 24-24l214.1 0-71-71c-9.4-9.4-9.4-24.6 0-33.9s24.6-9.4 33.9 0L409 239c9.4 9.4 9.4 24.6 0 33.9L297 385z\"\/><\/svg><\/span><div style=\"--tco-dcvt-f:rgb(14,23,86);--tco-dcvt-i:rgb(14,23,86);\" class=\"x-text x-text-headline e1145-e5-v2 mvt-1c mvt-1e mvt-1f mvt-1g mvt-1h\"><div class=\"x-text-content\"><div class=\"x-text-content-text\"><span class=\"x-text-content-text-primary\">Trainings f\u00fcr F\u00fchrungskr\u00e4fte & Leitende<\/span>\n<\/div><\/div><\/div><\/a><\/div><div class=\"x-col e1145-e6 mvt-2n mvt-2o mvt-2p\"><a class=\"x-div e1145-e7-v0 mvt-1r mvt-1s mvt-1u mvt-1v mvt-1w mvt-1x mvt-1y mvt-1z mvt-21 mvt-h\" style=\"--tco-dcvt-j:1.2em;\" href=\"#\" data-x-effect-provider=\"colors particles effects\"><span class=\"x-icon e1145-e7-v1 mvt-2r mvt-2s mvt-2u\" aria-hidden=\"true\" style=\"--tco-dcvt-l:rgb(203,0,26);--tco-dcvt-m:rgb(203,0,26);\"><svg xmlns=\"http:\/\/www.w3.org\/2000\/svg\" viewBox=\"0 0 512 512\"><!--! Font Awesome Pro 6.7.2 by @fontawesome - https:\/\/fontawesome.com License - https:\/\/fontawesome.com\/license (Commercial License) Copyright 2024 Fonticons, Inc. --><path d=\"M0 256a256 256 0 1 0 512 0A256 256 0 1 0 0 256zM297 385c-9.4 9.4-24.6 9.4-33.9 0s-9.4-24.6 0-33.9l71-71L120 280c-13.3 0-24-10.7-24-24s10.7-24 24-24l214.1 0-71-71c-9.4-9.4-9.4-24.6 0-33.9s24.6-9.4 33.9 0L409 239c9.4 9.4 9.4 24.6 0 33.9L297 385z\"\/><\/svg><\/span><div style=\"--tco-dcvt-n:rgb(14,23,86);--tco-dcvt-q:rgb(14,23,86);\" class=\"x-text x-text-headline e1145-e7-v2 mvt-1c mvt-1e mvt-1f mvt-1g mvt-1i\"><div class=\"x-text-content\"><div class=\"x-text-content-text\"><span class=\"x-text-content-text-primary\">Zertifizierungen f\u00fcr Coachs<\/span>\n<\/div><\/div><\/div><\/a><\/div><\/div><\/div><div class=\"x-row x-container max width e1145-e8 mvt-2d mvt-2e mvt-2f mvt-2i mvt-2k\"><div class=\"x-row-inner\"><div class=\"x-col e1145-e9 mvt-2n mvt-2o\"><div style=\"--tco-dcvt-r:rgb(28, 28, 28);--tco-dcvt-u:rgb(28, 28, 28);\" class=\"x-text x-content e1145-e10-v0 mvt-2a mvt-2b mvt-i\"><p>Das Leiterschafts-Intensiv-Training der xpand Stiftung ist seit vielen Jahren ein gesch\u00e4tztes Trainingsprogramm f\u00fcr Leitende in gemeinn\u00fctzgen Organisationen, insbesondere f\u00fcr christliche Verantwortungstr\u00e4ger:innen in Kirchgemeinden und anderen Lebensbereichen.<\/p>\n<p>Das LIT ist eine berufsbegleitende Ausbildung.<\/p><\/div><\/div><div class=\"x-col e1145-e11 mvt-2n mvt-2o\"><div style=\"--tco-dcvt-v:rgb(28, 28, 28);--tco-dcvt-y:rgb(28, 28, 28);\" class=\"x-text x-content e1145-e12-v0 mvt-2a mvt-2c mvt-j\"><p>LEBENSTEPPICH<strong>\u00a9<\/strong>-Zertifizierung:<br \/>\ne<span>in innovatives Tool f\u00fcr ganzheitliche Lebensplanung<\/span><\/p>\n<p>PERSOLOG<strong>\u00a9<\/strong>-Zertifizierung (non-profit): <br \/>\nals exklusive Vertriebspartner von Persolog, bilden wir seit \u00fcber 20 Jahren Persolog-Trainer im non-profit Bereich aus.<\/p><\/div><\/div><\/div><\/div><\/div><div class=\"x-section e1145-e13-v0 mvt-0 mvt-2 mvt-3\" style=\"--tco-dcvt-10:#e1e1ee;--tco-dcvt-13:#e1e1ee;--tco-dcvt-16:#e1e1ee;\"><div class=\"x-row x-container max width e1145-e13-v1 mvt-2d mvt-2f mvt-2g mvt-2i mvt-2l\"><div class=\"x-row-inner\"><div class=\"x-col e1145-e13-v2 mvt-2n mvt-2o\"><div style=\"--tco-dcvt-18:rgb(203,0,26);--tco-dcvt-1b:rgb(203,0,26);--tco-dcvt-1c:rgb(203,0,26);--tco-dcvt-1f:rgb(203,0,26);\" class=\"x-text x-text-headline e1145-e13-v3-v0 mvt-1c mvt-1f mvt-1g mvt-1j mvt-1k mvt-k is-type-headline\"><div class=\"x-text-content\"><div class=\"x-text-content-text\"><h2 class=\"x-text-content-text-primary\">Unsere Trainings-Angebote<\/h2>\n<\/div><\/div><\/div><\/div><\/div><\/div><div class=\"x-row x-container max width e1145-e13-v4 mvt-2d mvt-2e mvt-2h mvt-2i mvt-2m\"><div class=\"x-row-inner\"><a class=\"x-col e1145-e13-v5 mvt-2n mvt-2q mvt-8\" href=\"https:\/\/xpand.one\/de\/stiftung\/angebot\/marketing\/\" data-x-effect-provider=\"colors particles effects\" data-x-effect=\"{&quot;durationBase&quot;:&quot;300ms&quot;}\"><span class=\"x-image e1145-e13-v6 mvt-18 mvt-1a\"><img decoding=\"async\" src=\"https:\/\/xpand.one\/de\/stiftung\/wp-content\/uploads\/Titelbild-1-scaled.jpg\" alt=\"Image\" loading=\"lazy\"><\/span><div class=\"x-div e1145-e13-v7 mvt-1s mvt-1t mvt-1u mvt-1v mvt-1x mvt-1z mvt-22 mvt-23\"><div style=\"--tco-dcvt-1g:rgb(203,0,26);--tco-dcvt-1j:rgb(203,0,26);\" class=\"x-text x-text-headline e1145-e13-v8-v0 mvt-1c mvt-1f mvt-1g mvt-1k mvt-1l mvt-l is-type-headline\"><div class=\"x-text-content\"><div class=\"x-text-content-text\"><h5 class=\"x-text-content-text-primary\">Marketing f\u00fcr Solo-Selbst\u00e4ndige<\/h5>\n<\/div><\/div><\/div><span class=\"x-div e1145-e13-v9-v0 mvt-1r mvt-1s mvt-1x mvt-1y mvt-1z mvt-24 mvt-25 mvt-m\" style=\"--tco-dcvt-1k:rgb(14,23,86);--tco-dcvt-1m:1em;--tco-dcvt-1o:rgb(14,23,86);\" data-x-effect-provider=\"colors particles effects\"><div class=\"x-div has-particle e1145-e13-v9-v1 mvt-1r mvt-1s mvt-1t mvt-1u mvt-1v mvt-1w mvt-1x mvt-23 mvt-26 mvt-a mvt-b\" style=\"--tco-dcvt-1q:rgb(14,23,86);\"><span class=\"x-particle is-primary\" data-x-particle=\"scale-x inside-b_c\" aria-hidden=\"true\"><span style=\"\"><\/span><\/span><\/div><span class=\"x-icon e1145-e13-v9-v2 mvt-2r mvt-2v mvt-2w\" aria-hidden=\"true\" style=\"--tco-dcvt-1s:#9392ba;--tco-dcvt-1t:#9392ba;\"><svg xmlns=\"http:\/\/www.w3.org\/2000\/svg\" viewBox=\"0 0 512 512\"><!--! Font Awesome Pro 6.7.2 by @fontawesome - https:\/\/fontawesome.com License - https:\/\/fontawesome.com\/license (Commercial License) Copyright 2024 Fonticons, Inc. --><path d=\"M0 256a256 256 0 1 0 512 0A256 256 0 1 0 0 256zM297 385c-9.4 9.4-24.6 9.4-33.9 0s-9.4-24.6 0-33.9l71-71L120 280c-13.3 0-24-10.7-24-24s10.7-24 24-24l214.1 0-71-71c-9.4-9.4-9.4-24.6 0-33.9s24.6-9.4 33.9 0L409 239c9.4 9.4 9.4 24.6 0 33.9L297 385z\"\/><\/svg><\/span><div style=\"--tco-dcvt-1u:rgb(14,23,86);--tco-dcvt-1x:#fff;\" class=\"x-text x-text-headline e1145-e13-v9-v3 mvt-1c mvt-1d mvt-1e mvt-1f mvt-1m mvt-1n\"><div class=\"x-text-content\"><div class=\"x-text-content-text\"><span class=\"x-text-content-text-primary\">Mehr <\/span>\n<\/div><\/div><\/div><\/span><\/div><\/a><a class=\"x-col e1145-e13-v5 mvt-2n mvt-2q mvt-8\" href=\"https:\/\/xpand.one\/de\/stiftung\/angebot\/kreative-lebensplanung\/\" data-x-effect-provider=\"colors particles effects\" data-x-effect=\"{&quot;durationBase&quot;:&quot;300ms&quot;}\"><span class=\"x-image e1145-e13-v6 mvt-18 mvt-1a\"><img decoding=\"async\" src=\"https:\/\/xpand.one\/de\/stiftung\/wp-content\/uploads\/IMG_3495-scaled-e1722939991352.jpg\" alt=\"Image\" loading=\"lazy\"><\/span><div class=\"x-div e1145-e13-v7 mvt-1s mvt-1t mvt-1u mvt-1v mvt-1x mvt-1z mvt-22 mvt-23\"><div style=\"--tco-dcvt-1g:rgb(203,0,26);--tco-dcvt-1j:rgb(203,0,26);\" class=\"x-text x-text-headline e1145-e13-v8-v0 mvt-1c mvt-1f mvt-1g mvt-1k mvt-1l mvt-l is-type-headline\"><div class=\"x-text-content\"><div class=\"x-text-content-text\"><h5 class=\"x-text-content-text-primary\">Kreative Lebensplanung<\/h5>\n<\/div><\/div><\/div><span class=\"x-div e1145-e13-v9-v0 mvt-1r mvt-1s mvt-1x mvt-1y mvt-1z mvt-24 mvt-25 mvt-m\" style=\"--tco-dcvt-1k:rgb(14,23,86);--tco-dcvt-1m:1em;--tco-dcvt-1o:rgb(14,23,86);\" data-x-effect-provider=\"colors particles effects\"><div class=\"x-div has-particle e1145-e13-v9-v1 mvt-1r mvt-1s mvt-1t mvt-1u mvt-1v mvt-1w mvt-1x mvt-23 mvt-26 mvt-a mvt-b\" style=\"--tco-dcvt-1q:rgb(14,23,86);\"><span class=\"x-particle is-primary\" data-x-particle=\"scale-x inside-b_c\" aria-hidden=\"true\"><span style=\"\"><\/span><\/span><\/div><span class=\"x-icon e1145-e13-v9-v2 mvt-2r mvt-2v mvt-2w\" aria-hidden=\"true\" style=\"--tco-dcvt-1s:#9392ba;--tco-dcvt-1t:#9392ba;\"><svg xmlns=\"http:\/\/www.w3.org\/2000\/svg\" viewBox=\"0 0 512 512\"><!--! Font Awesome Pro 6.7.2 by @fontawesome - https:\/\/fontawesome.com License - https:\/\/fontawesome.com\/license (Commercial License) Copyright 2024 Fonticons, Inc. --><path d=\"M0 256a256 256 0 1 0 512 0A256 256 0 1 0 0 256zM297 385c-9.4 9.4-24.6 9.4-33.9 0s-9.4-24.6 0-33.9l71-71L120 280c-13.3 0-24-10.7-24-24s10.7-24 24-24l214.1 0-71-71c-9.4-9.4-9.4-24.6 0-33.9s24.6-9.4 33.9 0L409 239c9.4 9.4 9.4 24.6 0 33.9L297 385z\"\/><\/svg><\/span><div style=\"--tco-dcvt-1u:rgb(14,23,86);--tco-dcvt-1x:#fff;\" class=\"x-text x-text-headline e1145-e13-v9-v3 mvt-1c mvt-1d mvt-1e mvt-1f mvt-1m mvt-1n\"><div class=\"x-text-content\"><div class=\"x-text-content-text\"><span class=\"x-text-content-text-primary\">Mehr <\/span>\n<\/div><\/div><\/div><\/span><\/div><\/a><a class=\"x-col e1145-e13-v5 mvt-2n mvt-2q mvt-8\" href=\"https:\/\/xpand.one\/de\/stiftung\/angebot\/persolog\/\" data-x-effect-provider=\"colors particles effects\" data-x-effect=\"{&quot;durationBase&quot;:&quot;300ms&quot;}\"><span class=\"x-image e1145-e13-v6 mvt-18 mvt-1a\"><img decoding=\"async\" src=\"https:\/\/xpand.one\/de\/stiftung\/wp-content\/uploads\/team-vlad-hilitanu-1FI2QAYPa-Y-unsplash-scaled.jpg\" alt=\"Image\" loading=\"lazy\"><\/span><div class=\"x-div e1145-e13-v7 mvt-1s mvt-1t mvt-1u mvt-1v mvt-1x mvt-1z mvt-22 mvt-23\"><div style=\"--tco-dcvt-1g:rgb(203,0,26);--tco-dcvt-1j:rgb(203,0,26);\" class=\"x-text x-text-headline e1145-e13-v8-v0 mvt-1c mvt-1f mvt-1g mvt-1k mvt-1l mvt-l is-type-headline\"><div class=\"x-text-content\"><div class=\"x-text-content-text\"><h5 class=\"x-text-content-text-primary\">persolog\u00ae Pers\u00f6nlichkeitsmodell<\/h5>\n<\/div><\/div><\/div><span class=\"x-div e1145-e13-v9-v0 mvt-1r mvt-1s mvt-1x mvt-1y mvt-1z mvt-24 mvt-25 mvt-m\" style=\"--tco-dcvt-1k:rgb(14,23,86);--tco-dcvt-1m:1em;--tco-dcvt-1o:rgb(14,23,86);\" data-x-effect-provider=\"colors particles effects\"><div class=\"x-div has-particle e1145-e13-v9-v1 mvt-1r mvt-1s mvt-1t mvt-1u mvt-1v mvt-1w mvt-1x mvt-23 mvt-26 mvt-a mvt-b\" style=\"--tco-dcvt-1q:rgb(14,23,86);\"><span class=\"x-particle is-primary\" data-x-particle=\"scale-x inside-b_c\" aria-hidden=\"true\"><span style=\"\"><\/span><\/span><\/div><span class=\"x-icon e1145-e13-v9-v2 mvt-2r mvt-2v mvt-2w\" aria-hidden=\"true\" style=\"--tco-dcvt-1s:#9392ba;--tco-dcvt-1t:#9392ba;\"><svg xmlns=\"http:\/\/www.w3.org\/2000\/svg\" viewBox=\"0 0 512 512\"><!--! Font Awesome Pro 6.7.2 by @fontawesome - https:\/\/fontawesome.com License - https:\/\/fontawesome.com\/license (Commercial License) Copyright 2024 Fonticons, Inc. --><path d=\"M0 256a256 256 0 1 0 512 0A256 256 0 1 0 0 256zM297 385c-9.4 9.4-24.6 9.4-33.9 0s-9.4-24.6 0-33.9l71-71L120 280c-13.3 0-24-10.7-24-24s10.7-24 24-24l214.1 0-71-71c-9.4-9.4-9.4-24.6 0-33.9s24.6-9.4 33.9 0L409 239c9.4 9.4 9.4 24.6 0 33.9L297 385z\"\/><\/svg><\/span><div style=\"--tco-dcvt-1u:rgb(14,23,86);--tco-dcvt-1x:#fff;\" class=\"x-text x-text-headline e1145-e13-v9-v3 mvt-1c mvt-1d mvt-1e mvt-1f mvt-1m mvt-1n\"><div class=\"x-text-content\"><div class=\"x-text-content-text\"><span class=\"x-text-content-text-primary\">Mehr <\/span>\n<\/div><\/div><\/div><\/span><\/div><\/a><a class=\"x-col e1145-e13-v5 mvt-2n mvt-2q mvt-8\" href=\"https:\/\/xpand.one\/de\/stiftung\/angebot\/lebensteppich\/\" data-x-effect-provider=\"colors particles effects\" data-x-effect=\"{&quot;durationBase&quot;:&quot;300ms&quot;}\"><span class=\"x-image e1145-e13-v6 mvt-18 mvt-1a\"><img decoding=\"async\" src=\"https:\/\/xpand.one\/de\/stiftung\/wp-content\/uploads\/nhi-dam-zwRR7RSTuJc-unsplash-scaled.jpg\" alt=\"Image\" loading=\"lazy\"><\/span><div class=\"x-div e1145-e13-v7 mvt-1s mvt-1t mvt-1u mvt-1v mvt-1x mvt-1z mvt-22 mvt-23\"><div style=\"--tco-dcvt-1g:rgb(203,0,26);--tco-dcvt-1j:rgb(203,0,26);\" class=\"x-text x-text-headline e1145-e13-v8-v0 mvt-1c mvt-1f mvt-1g mvt-1k mvt-1l mvt-l is-type-headline\"><div class=\"x-text-content\"><div class=\"x-text-content-text\"><h5 class=\"x-text-content-text-primary\">LEBENSTEPPICH\u00a9 &#8211; Zertifizierung f\u00fcr Coachs<\/h5>\n<\/div><\/div><\/div><span class=\"x-div e1145-e13-v9-v0 mvt-1r mvt-1s mvt-1x mvt-1y mvt-1z mvt-24 mvt-25 mvt-m\" style=\"--tco-dcvt-1k:rgb(14,23,86);--tco-dcvt-1m:1em;--tco-dcvt-1o:rgb(14,23,86);\" data-x-effect-provider=\"colors particles effects\"><div class=\"x-div has-particle e1145-e13-v9-v1 mvt-1r mvt-1s mvt-1t mvt-1u mvt-1v mvt-1w mvt-1x mvt-23 mvt-26 mvt-a mvt-b\" style=\"--tco-dcvt-1q:rgb(14,23,86);\"><span class=\"x-particle is-primary\" data-x-particle=\"scale-x inside-b_c\" aria-hidden=\"true\"><span style=\"\"><\/span><\/span><\/div><span class=\"x-icon e1145-e13-v9-v2 mvt-2r mvt-2v mvt-2w\" aria-hidden=\"true\" style=\"--tco-dcvt-1s:#9392ba;--tco-dcvt-1t:#9392ba;\"><svg xmlns=\"http:\/\/www.w3.org\/2000\/svg\" viewBox=\"0 0 512 512\"><!--! Font Awesome Pro 6.7.2 by @fontawesome - https:\/\/fontawesome.com License - https:\/\/fontawesome.com\/license (Commercial License) Copyright 2024 Fonticons, Inc. --><path d=\"M0 256a256 256 0 1 0 512 0A256 256 0 1 0 0 256zM297 385c-9.4 9.4-24.6 9.4-33.9 0s-9.4-24.6 0-33.9l71-71L120 280c-13.3 0-24-10.7-24-24s10.7-24 24-24l214.1 0-71-71c-9.4-9.4-9.4-24.6 0-33.9s24.6-9.4 33.9 0L409 239c9.4 9.4 9.4 24.6 0 33.9L297 385z\"\/><\/svg><\/span><div style=\"--tco-dcvt-1u:rgb(14,23,86);--tco-dcvt-1x:#fff;\" class=\"x-text x-text-headline e1145-e13-v9-v3 mvt-1c mvt-1d mvt-1e mvt-1f mvt-1m mvt-1n\"><div class=\"x-text-content\"><div class=\"x-text-content-text\"><span class=\"x-text-content-text-primary\">Mehr <\/span>\n<\/div><\/div><\/div><\/span><\/div><\/a><a class=\"x-col e1145-e13-v5 mvt-2n mvt-2q mvt-8\" href=\"https:\/\/xpand.one\/de\/stiftung\/angebot\/lit\/\" data-x-effect-provider=\"colors particles effects\" data-x-effect=\"{&quot;durationBase&quot;:&quot;300ms&quot;}\"><span class=\"x-image e1145-e13-v6 mvt-18 mvt-1a\"><img decoding=\"async\" src=\"https:\/\/xpand.one\/de\/stiftung\/wp-content\/uploads\/IMG_3480-scaled.jpg\" alt=\"Image\" loading=\"lazy\"><\/span><div class=\"x-div e1145-e13-v7 mvt-1s mvt-1t mvt-1u mvt-1v mvt-1x mvt-1z mvt-22 mvt-23\"><div style=\"--tco-dcvt-1g:rgb(203,0,26);--tco-dcvt-1j:rgb(203,0,26);\" class=\"x-text x-text-headline e1145-e13-v8-v0 mvt-1c mvt-1f mvt-1g mvt-1k mvt-1l mvt-l is-type-headline\"><div class=\"x-text-content\"><div class=\"x-text-content-text\"><h5 class=\"x-text-content-text-primary\">Leiterschafts-Intensiv-Training<\/h5>\n<\/div><\/div><\/div><span class=\"x-div e1145-e13-v9-v0 mvt-1r mvt-1s mvt-1x mvt-1y mvt-1z mvt-24 mvt-25 mvt-m\" style=\"--tco-dcvt-1k:rgb(14,23,86);--tco-dcvt-1m:1em;--tco-dcvt-1o:rgb(14,23,86);\" data-x-effect-provider=\"colors particles effects\"><div class=\"x-div has-particle e1145-e13-v9-v1 mvt-1r mvt-1s mvt-1t mvt-1u mvt-1v mvt-1w mvt-1x mvt-23 mvt-26 mvt-a mvt-b\" style=\"--tco-dcvt-1q:rgb(14,23,86);\"><span class=\"x-particle is-primary\" data-x-particle=\"scale-x inside-b_c\" aria-hidden=\"true\"><span style=\"\"><\/span><\/span><\/div><span class=\"x-icon e1145-e13-v9-v2 mvt-2r mvt-2v mvt-2w\" aria-hidden=\"true\" style=\"--tco-dcvt-1s:#9392ba;--tco-dcvt-1t:#9392ba;\"><svg xmlns=\"http:\/\/www.w3.org\/2000\/svg\" viewBox=\"0 0 512 512\"><!--! Font Awesome Pro 6.7.2 by @fontawesome - https:\/\/fontawesome.com License - https:\/\/fontawesome.com\/license (Commercial License) Copyright 2024 Fonticons, Inc. --><path d=\"M0 256a256 256 0 1 0 512 0A256 256 0 1 0 0 256zM297 385c-9.4 9.4-24.6 9.4-33.9 0s-9.4-24.6 0-33.9l71-71L120 280c-13.3 0-24-10.7-24-24s10.7-24 24-24l214.1 0-71-71c-9.4-9.4-9.4-24.6 0-33.9s24.6-9.4 33.9 0L409 239c9.4 9.4 9.4 24.6 0 33.9L297 385z\"\/><\/svg><\/span><div style=\"--tco-dcvt-1u:rgb(14,23,86);--tco-dcvt-1x:#fff;\" class=\"x-text x-text-headline e1145-e13-v9-v3 mvt-1c mvt-1d mvt-1e mvt-1f mvt-1m mvt-1n\"><div class=\"x-text-content\"><div class=\"x-text-content-text\"><span class=\"x-text-content-text-primary\">Mehr <\/span>\n<\/div><\/div><\/div><\/span><\/div><\/a><a class=\"x-col e1145-e13-v5 mvt-2n mvt-2q mvt-8\" href=\"https:\/\/xpand.one\/de\/stiftung\/angebot\/persolog-zertifizierung\/\" data-x-effect-provider=\"colors particles effects\" data-x-effect=\"{&quot;durationBase&quot;:&quot;300ms&quot;}\"><span class=\"x-image e1145-e13-v6 mvt-18 mvt-1a\"><img decoding=\"async\" src=\"https:\/\/xpand.one\/de\/stiftung\/wp-content\/uploads\/persolog-logo-refreshed-quadrat-e1732878084578.jpg\" alt=\"Image\" loading=\"lazy\"><\/span><div class=\"x-div e1145-e13-v7 mvt-1s mvt-1t mvt-1u mvt-1v mvt-1x mvt-1z mvt-22 mvt-23\"><div style=\"--tco-dcvt-1g:rgb(203,0,26);--tco-dcvt-1j:rgb(203,0,26);\" class=\"x-text x-text-headline e1145-e13-v8-v0 mvt-1c mvt-1f mvt-1g mvt-1k mvt-1l mvt-l is-type-headline\"><div class=\"x-text-content\"><div class=\"x-text-content-text\"><h5 class=\"x-text-content-text-primary\">Persolog\u00ae Trainer-Zertifizierung<\/h5>\n<\/div><\/div><\/div><span class=\"x-div e1145-e13-v9-v0 mvt-1r mvt-1s mvt-1x mvt-1y mvt-1z mvt-24 mvt-25 mvt-m\" style=\"--tco-dcvt-1k:rgb(14,23,86);--tco-dcvt-1m:1em;--tco-dcvt-1o:rgb(14,23,86);\" data-x-effect-provider=\"colors particles effects\"><div class=\"x-div has-particle e1145-e13-v9-v1 mvt-1r mvt-1s mvt-1t mvt-1u mvt-1v mvt-1w mvt-1x mvt-23 mvt-26 mvt-a mvt-b\" style=\"--tco-dcvt-1q:rgb(14,23,86);\"><span class=\"x-particle is-primary\" data-x-particle=\"scale-x inside-b_c\" aria-hidden=\"true\"><span style=\"\"><\/span><\/span><\/div><span class=\"x-icon e1145-e13-v9-v2 mvt-2r mvt-2v mvt-2w\" aria-hidden=\"true\" style=\"--tco-dcvt-1s:#9392ba;--tco-dcvt-1t:#9392ba;\"><svg xmlns=\"http:\/\/www.w3.org\/2000\/svg\" viewBox=\"0 0 512 512\"><!--! Font Awesome Pro 6.7.2 by @fontawesome - https:\/\/fontawesome.com License - https:\/\/fontawesome.com\/license (Commercial License) Copyright 2024 Fonticons, Inc. --><path d=\"M0 256a256 256 0 1 0 512 0A256 256 0 1 0 0 256zM297 385c-9.4 9.4-24.6 9.4-33.9 0s-9.4-24.6 0-33.9l71-71L120 280c-13.3 0-24-10.7-24-24s10.7-24 24-24l214.1 0-71-71c-9.4-9.4-9.4-24.6 0-33.9s24.6-9.4 33.9 0L409 239c9.4 9.4 9.4 24.6 0 33.9L297 385z\"\/><\/svg><\/span><div style=\"--tco-dcvt-1u:rgb(14,23,86);--tco-dcvt-1x:#fff;\" class=\"x-text x-text-headline e1145-e13-v9-v3 mvt-1c mvt-1d mvt-1e mvt-1f mvt-1m mvt-1n\"><div class=\"x-text-content\"><div class=\"x-text-content-text\"><span class=\"x-text-content-text-primary\">Mehr <\/span>\n<\/div><\/div><\/div><\/span><\/div><\/a><\/div><\/div><\/div><div class=\"x-grid e1145-e14-v0 mvt-q mvt-r\" style=\"--tco-dcvt-1z:#e1e1ee;\"><div class=\"x-cell e1145-e14-v1 mvt-s mvt-u mvt-w mvt-y mvt-11 mvt-13 mvt-14 mvt-4 mvt-5 x-effect-exit\" style=\"--tco-dcvt-21:url(https:\/\/xpand.one\/de\/stiftung\/wp-content\/uploads\/17_Fotolia.jpg);\" data-x-effect=\"{&quot;scroll&quot;:true,&quot;offsetTop&quot;:&quot;10%&quot;,&quot;offsetBottom&quot;:&quot;10%&quot;,&quot;behaviorScroll&quot;:&quot;fire-once&quot;,&quot;animationEnter&quot;:&quot;slideInLeft&quot;,&quot;animationExit&quot;:&quot;slideOutLeft&quot;}\"><div class=\"x-bg\" aria-hidden=\"true\"><div class=\"x-bg-layer-lower-image\"><\/div><\/div><\/div><div class=\"x-cell e1145-e14-v2 mvt-w mvt-y mvt-z mvt-14 mvt-15 mvt-16 mvt-5 mvt-7 x-effect-exit\" style=\"--tco-dcvt-23:rgba(255, 255, 255, 0.95);--tco-dcvt-26:rgba(255, 255, 255, 0.95);\" data-x-effect=\"{&quot;scroll&quot;:true,&quot;offsetTop&quot;:&quot;10%&quot;,&quot;offsetBottom&quot;:&quot;10%&quot;,&quot;behaviorScroll&quot;:&quot;fire-once&quot;,&quot;animationEnter&quot;:&quot;slideInRight&quot;,&quot;animationExit&quot;:&quot;slideOutRight&quot;}\"><\/div><div class=\"x-cell e1145-e14-v3 mvt-w mvt-x mvt-z mvt-12 mvt-15 mvt-17 mvt-5 mvt-9 x-effect-exit\" data-x-effect=\"{&quot;scroll&quot;:true,&quot;offsetTop&quot;:&quot;10%&quot;,&quot;offsetBottom&quot;:&quot;10%&quot;,&quot;behaviorScroll&quot;:&quot;fire-once&quot;}\"><div style=\"--tco-dcvt-28:rgb(203,0,26);--tco-dcvt-2b:rgb(203,0,26);--tco-dcvt-2c:rgb(203,0,26);--tco-dcvt-2f:rgb(203,0,26);\" class=\"x-text x-text-headline e1145-e16-v0 mvt-1c mvt-1f mvt-1g mvt-1k mvt-1o mvt-n is-type-headline\"><div class=\"x-text-content\"><div class=\"x-text-content-text\"><h3 class=\"x-text-content-text-primary\"><p>Schreiben Sie uns!<\/p>\n<p><\/p><\/h3>\n<\/div><\/div><\/div><a class=\"x-div e1145-e17-v0 mvt-1r mvt-1s mvt-1u mvt-1x mvt-1y mvt-1z mvt-25 mvt-27 mvt-o\" href=\"https:\/\/xpand.one\/de\/stiftung\/kontakt\" data-x-effect-provider=\"colors particles effects\"><div class=\"x-div has-particle e1145-e17-v1 mvt-1r mvt-1s mvt-1t mvt-1u mvt-1v mvt-1w mvt-23 mvt-26 mvt-28 mvt-a mvt-c\" style=\"--tco-dcvt-2l:rgb(203,0,26);--tco-dcvt-2o:rgb(14,23,86);--tco-dcvt-2q:rgb(14,23,86);\"><span class=\"x-particle is-primary\" data-x-particle=\"scale-x inside-b_c\" aria-hidden=\"true\"><span style=\"\"><\/span><\/span><\/div><span class=\"x-icon e1145-e17-v2 mvt-2r mvt-2v mvt-2x\" aria-hidden=\"true\" style=\"--tco-dcvt-2s:#eeaa90;--tco-dcvt-2t:#9392ba;\"><svg xmlns=\"http:\/\/www.w3.org\/2000\/svg\" viewBox=\"0 0 512 512\"><!--! Font Awesome Pro 6.7.2 by @fontawesome - https:\/\/fontawesome.com License - https:\/\/fontawesome.com\/license (Commercial License) Copyright 2024 Fonticons, Inc. --><path d=\"M0 256a256 256 0 1 0 512 0A256 256 0 1 0 0 256zM297 385c-9.4 9.4-24.6 9.4-33.9 0s-9.4-24.6 0-33.9l71-71L120 280c-13.3 0-24-10.7-24-24s10.7-24 24-24l214.1 0-71-71c-9.4-9.4-9.4-24.6 0-33.9s24.6-9.4 33.9 0L409 239c9.4 9.4 9.4 24.6 0 33.9L297 385z\"\/><\/svg><\/span><div style=\"--tco-dcvt-2u:#ffffff;--tco-dcvt-2x:#ffffff;\" class=\"x-text x-text-headline e1145-e17-v3 mvt-1c mvt-1d mvt-1e mvt-1f mvt-1m mvt-1p\"><div class=\"x-text-content\"><div class=\"x-text-content-text\"><span class=\"x-text-content-text-primary\">Kontaktformular<\/span>\n<\/div><\/div><\/div><\/a><\/div><\/div><\/div>","protected":false},"excerpt":{"rendered":"<p>Training \u201eDer beste Weg, die Zukunft vorherzusagen, ist, sie zu gestalten.\u201c (Peter Drucker) Trainings f\u00fcr F\u00fchrungskr\u00e4fte &#038; Leitende Zertifizierungen f\u00fcr Coachs Das Leiterschafts-Intensiv-Training der xpand Stiftung ist seit vielen Jahren ein gesch\u00e4tztes Trainingsprogramm f\u00fcr Leitende in gemeinn\u00fctzgen Organisationen, insbesondere f\u00fcr christliche Verantwortungstr\u00e4ger:innen in Kirchgemeinden und anderen Lebensbereichen. Das LIT ist eine berufsbegleitende Ausbildung.LEBENSTEPPICH\u00a9-Zertifizierung: ein innovatives Tool f\u00fcr ganzheitliche Lebensplanung PERSOLOG\u00a9-Zertifizierung&hellip;<\/p>\n","protected":false},"author":2,"featured_media":0,"parent":0,"menu_order":0,"comment_status":"closed","ping_status":"closed","template":"template-blank-4.php","meta":{"_acf_changed":false,"inline_featured_image":false,"footnotes":""},"class_list":["post-1145","page","type-page","status-publish","hentry","no-post-thumbnail"],"acf":[],"_links":{"self":[{"href":"https:\/\/xpand.one\/de\/stiftung\/wp-json\/wp\/v2\/pages\/1145","targetHints":{"allow":["GET"]}}],"collection":[{"href":"https:\/\/xpand.one\/de\/stiftung\/wp-json\/wp\/v2\/pages"}],"about":[{"href":"https:\/\/xpand.one\/de\/stiftung\/wp-json\/wp\/v2\/types\/page"}],"author":[{"embeddable":true,"href":"https:\/\/xpand.one\/de\/stiftung\/wp-json\/wp\/v2\/users\/2"}],"replies":[{"embeddable":true,"href":"https:\/\/xpand.one\/de\/stiftung\/wp-json\/wp\/v2\/comments?post=1145"}],"version-history":[{"count":8,"href":"https:\/\/xpand.one\/de\/stiftung\/wp-json\/wp\/v2\/pages\/1145\/revisions"}],"predecessor-version":[{"id":2044,"href":"https:\/\/xpand.one\/de\/stiftung\/wp-json\/wp\/v2\/pages\/1145\/revisions\/2044"}],"wp:attachment":[{"href":"https:\/\/xpand.one\/de\/stiftung\/wp-json\/wp\/v2\/media?parent=1145"}],"curies":[{"name":"wp","href":"https:\/\/api.w.org\/{rel}","templated":true}]}}