{"id":1242,"date":"2024-11-13T10:22:20","date_gmt":"2024-11-13T09:22:20","guid":{"rendered":"https:\/\/xpand.one\/de\/stiftung\/impressum-2\/"},"modified":"2026-02-18T09:11:22","modified_gmt":"2026-02-18T08:11:22","slug":"datenschutz","status":"publish","type":"page","link":"https:\/\/xpand.one\/de\/stiftung\/datenschutz\/","title":{"rendered":"Datenschutzhinweise"},"content":{"rendered":"<div id=\"cs-content\" class=\"cs-content\"><div class=\"x-section e1242-e1 myi-0\"><div class=\"x-row x-container max width e1242-e2 myi-5 myi-6\"><div class=\"x-row-inner\"><div class=\"x-col e1242-e3 myi-7\"><div style=\"--tco-dcyi-0:rgb(203,0,26);--tco-dcyi-3:rgb(203,0,26);--tco-dcyi-4:rgb(203,0,26);--tco-dcyi-7:rgb(203,0,26);\" class=\"x-text x-text-headline e1242-e4-v0 myi-8 myi-9 myi-1 is-type-headline\"><div class=\"x-text-content\"><div class=\"x-text-content-text\"><h1 class=\"x-text-content-text-primary\">Datenschutzhinweise<\/h1>\n<\/div><\/div><\/div><div style=\"--tco-dcyi-8:rgb(28, 28, 28);--tco-dcyi-b:rgb(28, 28, 28);\" class=\"x-text x-content e1242-e5-v0 myi-b myi-c myi-2\"><p><\/p>\n<p><span data-contrast=\"auto\">Mit den nachfolgenden Datenschutzhinweisen m\u00f6chten wir Ihnen einen \u00dcberblick \u00fcber die Erhebung und Verarbeitung Ihrer Daten bei der xpand Stiftung geben. Ferner m\u00f6chten wir Ihnen darlegen, warum wir welche Daten erheben und welche Rechte Ihnen in diesem Zusammenhang zustehen.<\/span><\/p>\n<p><strong>1. Wer ist verantwortlich f\u00fcr die Datenverarbeitung und wer ist mein Ansprechpartner bei datenschutzrechtlichen Anliegen?<\/strong><\/p>\n<p><strong>Verantwortliche Stelle:\u00a0<br \/>\n<\/strong>xpand Stiftung\u00a0<br \/>\nGutenbergstr. 36\u00a0\u00a0<br \/>\n44139 Dortmund<\/p>\n<p><span data-contrast=\"auto\"><strong>Ansprechpartner:<\/strong><\/span><span data-ccp-props=\"{&quot;201341983&quot;:0,&quot;335559685&quot;:57,&quot;335559737&quot;:57,&quot;335559739&quot;:0,&quot;335559740&quot;:240}\">\u00a0<br \/>\n<\/span><span data-contrast=\"auto\">Herr Hendrik Weiand: Datenschutzbeauftragter (T\u00dcV)<\/span><span data-ccp-props=\"{&quot;201341983&quot;:0,&quot;335559685&quot;:57,&quot;335559737&quot;:57,&quot;335559739&quot;:0,&quot;335559740&quot;:240}\">\u00a0<br \/>\n<\/span><span data-contrast=\"auto\">info@safe-datenschutz.de<\/span><span data-ccp-props=\"{&quot;201341983&quot;:0,&quot;335559685&quot;:57,&quot;335559737&quot;:57,&quot;335559739&quot;:0,&quot;335559740&quot;:240}\"> <\/span><\/p>\n<p><strong>2. Welche Daten erheben und verarbeiten wir und aus welchen Quellen erhalten wir diese?<\/strong><\/p>\n<p><span data-contrast=\"auto\">Wir erheben und verarbeiten ausschlie\u00dflich folgende, f\u00fcr unsere Dienstleistung relevante personenbezogene Daten:<\/span><span data-ccp-props=\"{&quot;201341983&quot;:0,&quot;335559685&quot;:57,&quot;335559737&quot;:57,&quot;335559740&quot;:240}\">\u00a0<\/span><\/p>\n\n<ul>\n \t<li data-leveltext=\"\uf0b7\" data-font=\"Symbol\" data-listid=\"14\" data-list-defn-props=\"{&quot;335552541&quot;:1,&quot;335559685&quot;:720,&quot;335559991&quot;:360,&quot;469769226&quot;:&quot;Symbol&quot;,&quot;469769242&quot;:[8226],&quot;469777803&quot;:&quot;left&quot;,&quot;469777804&quot;:&quot;\uf0b7&quot;,&quot;469777815&quot;:&quot;hybridMultilevel&quot;}\" aria-setsize=\"-1\" data-aria-posinset=\"1\" data-aria-level=\"1\"><span data-contrast=\"auto\">Personalien (Name, Adresse, Geburtstag und \u2013ort, Familienstand, Beruf, Staatsangeh\u00f6rigkeit, zugeh\u00f6rige Kirchengemeinde oder Organisation)<\/span><\/li>\n \t<li data-leveltext=\"\uf0b7\" data-font=\"Symbol\" data-listid=\"14\" data-list-defn-props=\"{&quot;335552541&quot;:1,&quot;335559685&quot;:720,&quot;335559991&quot;:360,&quot;469769226&quot;:&quot;Symbol&quot;,&quot;469769242&quot;:[8226],&quot;469777803&quot;:&quot;left&quot;,&quot;469777804&quot;:&quot;\uf0b7&quot;,&quot;469777815&quot;:&quot;hybridMultilevel&quot;}\" aria-setsize=\"-1\" data-aria-posinset=\"1\" data-aria-level=\"1\"><span data-contrast=\"auto\">weitere Kontaktdaten wie Telefon und E-Mail<\/span><span data-ccp-props=\"{&quot;201341983&quot;:0,&quot;335559737&quot;:57,&quot;335559740&quot;:240}\">\u00a0<\/span><\/li>\n<\/ul>\n<ul><\/ul>\n<p><span data-contrast=\"auto\">Diese Daten erhalten wir im Rahmen unserer Gesch\u00e4ftsbeziehung und deren Anbahnung von Ihnen.<\/span><span data-ccp-props=\"{&quot;201341983&quot;:0,&quot;335559685&quot;:57,&quot;335559737&quot;:57,&quot;335559740&quot;:240}\"> <\/span><\/p>\n<p><strong>3. Zu welchem Zweck und auf welcher Rechtsgrundlage verarbeiten wir Ihre Daten?<\/strong><\/p>\n<p><span data-contrast=\"auto\">Wir verarbeiten Ihre Daten entsprechend den Vorgaben der Europ\u00e4ischen Datenschutzgrundverordnung (DSGVO) und dem Bundesdatenschutzgesetz (BDSG).<\/span><span data-ccp-props=\"{&quot;201341983&quot;:0,&quot;335559685&quot;:57,&quot;335559737&quot;:57,&quot;335559740&quot;:240}\">\u00a0<\/span><\/p>\n<p><span data-contrast=\"auto\">Die Verarbeitung personenbezogener Daten erfolgt unter anderem aufgrund der von Ihnen erteilten Einwilligung. Umfang und Zweck der diesbez\u00fcglichen Datenverarbeitung ergibt sich aus der Einwilligungserkl\u00e4rung. Rechtsgrundlage hierf\u00fcr ist Art. 6 Abs. 1 lit. a EU-Datenschutzgrundverordnung (DSGVO). Weiterhin erfolgt die Erhebung und Verarbeitung personenbezogener Daten zur Begr\u00fcndung eigener vertraglicher Verh\u00e4ltnisse zwischen Ihnen und uns. Wir ben\u00f6tigen die entsprechenden Daten ebenfalls zur Durchf\u00fchrung vorvertraglicher Ma\u00dfnahmen im Rahmen der Vermittlung von Vertr\u00e4gen zwischen Ihnen und dem jeweiligen Produktgeber. Die Erhebung und Verarbeitung Ihrer personenbezogenen Daten erfolgt ebenfalls, um Sie bei der Schadensabwicklung betreuen zu k\u00f6nnen sowie zur \u00c4nderung und\/oder Beendigung bestehender Vertr\u00e4ge. Als Rechtsgrundlage hierf\u00fcr dient Art. 6 Abs. 1 lit. b DSGVO.<\/span><span data-ccp-props=\"{&quot;201341983&quot;:0,&quot;335559685&quot;:57,&quot;335559737&quot;:57,&quot;335559740&quot;:240}\">\u00a0<\/span><\/p>\n<p><span data-contrast=\"auto\">Soweit eine Verarbeitung personenbezogener Daten zur Erf\u00fcllung einer rechtlichen, insbesondere gesetzlichen Verpflichtung erforderlich ist, der unser Unternehmen unterliegt, dient Art. 6 Abs. 1 lit. c DSGVO als Rechtsgrundlage.<\/span><span data-ccp-props=\"{&quot;201341983&quot;:0,&quot;335559685&quot;:57,&quot;335559737&quot;:57,&quot;335559740&quot;:240}\">\u00a0<\/span><\/p>\n<p><span data-contrast=\"auto\">F\u00fcr den Fall, dass lebenswichtige Interessen der betroffenen Person oder einer anderen nat\u00fcrlichen Person eine Verarbeitung personenbezogener Daten erforderlich machen, dient Art. 6 Abs. 1 lit. d DSGVO als Rechtsgrundlage.<\/span><span data-ccp-props=\"{&quot;201341983&quot;:0,&quot;335559685&quot;:57,&quot;335559737&quot;:57,&quot;335559740&quot;:240}\">\u00a0<\/span><\/p>\n<p><span data-contrast=\"auto\">Ist die Verarbeitung zur Wahrung eines berechtigten Interesses unseres Unternehmens oder eines Dritten erforderlich und \u00fcberwiegen die Interessen, Grundrechte und Grundfreiheiten des Betroffenen das erstgenannte Interesse nicht, so dient Art. 6 Abs. 1 lit. f DSGVO als Rechtsgrundlage f\u00fcr die Verarbeitung (z.B. Verteidigung bei rechtlichen Streitigkeiten, Anspruchsdurchsetzung etc.).<\/span><span data-ccp-props=\"{&quot;201341983&quot;:0,&quot;335559685&quot;:57,&quot;335559737&quot;:57,&quot;335559740&quot;:240}\">\u00a0<\/span><\/p>\n<p><strong>4. W<\/strong><strong>er erh\u00e4lt Zugriff auf Ihre Daten?<\/strong><\/p>\n<p><span data-contrast=\"auto\">Innerhalb unseres Unternehmens erhalten diejenigen Mitarbeiter Zugriff auf Ihre Daten, die diese zur Erf\u00fcllung unserer vertraglichen und\/oder gesetzlichen Pflichten ben\u00f6tigen, also mit der vertraglichen Abwicklung betraut sind. In diesem Zusammenhang k\u00f6nnen das auch von uns eingesetzte Dienstleister und Erf\u00fcllungsgehilfen sein.<\/span><span data-ccp-props=\"{&quot;201341983&quot;:0,&quot;335559685&quot;:57,&quot;335559737&quot;:57,&quot;335559740&quot;:240}\">\u00a0<\/span><\/p>\n<p><span data-contrast=\"auto\">Soweit wir Ihre Daten an Empf\u00e4nger au\u00dferhalb unseres Unternehmens weitergeben, erfolgt dies ausschlie\u00dflich zur Erf\u00fcllung unserer Vertragspflichten im Rahmen unseres Gesch\u00e4ftszweckes, aufgrund gesetzlicher Bestimmungen oder Ihrer ausdr\u00fccklich erteilten Einwilligung. Zur Erf\u00fcllung unserer Vertragspflichten arbeiten wir u.a. mit folgenden Stellen zusammen:<\/span><span data-ccp-props=\"{&quot;201341983&quot;:0,&quot;335559685&quot;:57,&quot;335559737&quot;:57,&quot;335559740&quot;:240}\">\u00a0<\/span><\/p>\n\n<ul>\n \t<li data-leveltext=\"\uf0b7\" data-font=\"Symbol\" data-listid=\"13\" data-list-defn-props=\"{&quot;335552541&quot;:1,&quot;335559685&quot;:720,&quot;335559991&quot;:360,&quot;469769226&quot;:&quot;Symbol&quot;,&quot;469769242&quot;:[8226],&quot;469777803&quot;:&quot;left&quot;,&quot;469777804&quot;:&quot;\uf0b7&quot;,&quot;469777815&quot;:&quot;hybridMultilevel&quot;}\" aria-setsize=\"-1\" data-aria-posinset=\"1\" data-aria-level=\"1\"><span data-contrast=\"auto\">Kooperationspartner<\/span><span data-ccp-props=\"{&quot;201341983&quot;:0,&quot;335559737&quot;:57,&quot;335559740&quot;:240}\">\u00a0<\/span><\/li>\n \t<li data-leveltext=\"\uf0b7\" data-font=\"Symbol\" data-listid=\"13\" data-list-defn-props=\"{&quot;335552541&quot;:1,&quot;335559685&quot;:720,&quot;335559991&quot;:360,&quot;469769226&quot;:&quot;Symbol&quot;,&quot;469769242&quot;:[8226],&quot;469777803&quot;:&quot;left&quot;,&quot;469777804&quot;:&quot;\uf0b7&quot;,&quot;469777815&quot;:&quot;hybridMultilevel&quot;}\" aria-setsize=\"-1\" data-aria-posinset=\"1\" data-aria-level=\"1\"><span data-contrast=\"auto\">Lieferanten<\/span><span data-ccp-props=\"{&quot;201341983&quot;:0,&quot;335559737&quot;:57,&quot;335559740&quot;:240}\">\u00a0<\/span><\/li>\n \t<li data-leveltext=\"\uf0b7\" data-font=\"Symbol\" data-listid=\"13\" data-list-defn-props=\"{&quot;335552541&quot;:1,&quot;335559685&quot;:720,&quot;335559991&quot;:360,&quot;469769226&quot;:&quot;Symbol&quot;,&quot;469769242&quot;:[8226],&quot;469777803&quot;:&quot;left&quot;,&quot;469777804&quot;:&quot;\uf0b7&quot;,&quot;469777815&quot;:&quot;hybridMultilevel&quot;}\" aria-setsize=\"-1\" data-aria-posinset=\"1\" data-aria-level=\"1\"><span data-contrast=\"auto\">Technische und sonstige Dienstleister, die f\u00fcr uns t\u00e4tig sind<\/span><span data-ccp-props=\"{&quot;201341983&quot;:0,&quot;335559737&quot;:57,&quot;335559740&quot;:240}\">\u00a0<\/span><\/li>\n \t<li data-leveltext=\"\uf0b7\" data-font=\"Symbol\" data-listid=\"13\" data-list-defn-props=\"{&quot;335552541&quot;:1,&quot;335559685&quot;:720,&quot;335559991&quot;:360,&quot;469769226&quot;:&quot;Symbol&quot;,&quot;469769242&quot;:[8226],&quot;469777803&quot;:&quot;left&quot;,&quot;469777804&quot;:&quot;\uf0b7&quot;,&quot;469777815&quot;:&quot;hybridMultilevel&quot;}\" aria-setsize=\"-1\" data-aria-posinset=\"1\" data-aria-level=\"1\"><span data-contrast=\"auto\">Rechtsanw\u00e4lte, Steuerberater, Wirtschaftspr\u00fcfer<\/span><span data-ccp-props=\"{&quot;201341983&quot;:0,&quot;335559737&quot;:57,&quot;335559740&quot;:240}\">\u00a0<br \/>\n<\/span><\/li>\n<\/ul>\n<ul><\/ul>\n<ul><\/ul>\n<ul><\/ul>\n<p><strong>5. <\/strong><strong>\u00dcber welchen Zeitraum werden Ihre Daten gespeichert?<\/strong><\/p>\n<p><span data-contrast=\"auto\">Die Verarbeitung und Speicherung Ihrer Daten erfolgt grunds\u00e4tzlich nur so lange, wie dies f\u00fcr die Erf\u00fcllung unserer vertraglichen Pflichten erforderlich ist. Soweit gesetzlich Vorgaben bestehen, wie z.B. gesetzliche Aufbewahrungspflichten oder eine Aufbewahrung im berechtigten Interesse liegt, z.B. zur Erhaltung von Beweismitteln im Rahmen der gesetzlichen Verj\u00e4hrungsvorschriften, kann eine dar\u00fcber hinausgehende Verarbeitung erforderlich sein.<\/span><span data-ccp-props=\"{&quot;201341983&quot;:0,&quot;335559685&quot;:57,&quot;335559737&quot;:57,&quot;335559740&quot;:240}\">\u00a0<\/span><span data-ccp-props=\"{&quot;201341983&quot;:0,&quot;335559685&quot;:57,&quot;335559737&quot;:57,&quot;335559740&quot;:240}\">\u00a0<\/span><\/p>\n<p><b><span data-contrast=\"auto\">6. Welche Datenschutzrechte stehen Ihnen zu?<\/span><\/b><span data-ccp-props=\"{&quot;201341983&quot;:0,&quot;335559685&quot;:57,&quot;335559737&quot;:57,&quot;335559740&quot;:240}\"><\/span><\/p>\n<p><span data-contrast=\"auto\">Jeder betroffenen Person steht ein Auskunftsrecht (Art. 15 DSGVO), das Recht auf Berichtigung (Art. 16 DSGVO), das Recht auf eine eingeschr\u00e4nkte Verarbeitung (Art. 18 DSGVO), ein Recht auf L\u00f6schung (Art. 17 DSGVO), ein Widerspruchsrecht (Art. 21 DSGVO) sowie ein Recht auf Daten\u00fcbertragbarkeit (Art. 20 DSGVO) zu.<\/span><span data-ccp-props=\"{&quot;201341983&quot;:0,&quot;335559685&quot;:57,&quot;335559737&quot;:57,&quot;335559740&quot;:240}\">\u00a0<\/span><\/p>\n<p><span data-contrast=\"auto\">Erfolgt die Datenverarbeitung auf Grundlage einer Einwilligung, k\u00f6nnen Sie diese Einwilligung jederzeit mit Wirkung f\u00fcr die Zukunft widerrufen. Die bis zum Zeitpunkt des Widerrufs erfolgte Datenverarbeitung bleibt rechtm\u00e4\u00dfig.<\/span><span data-ccp-props=\"{&quot;201341983&quot;:0,&quot;335559685&quot;:57,&quot;335559737&quot;:57,&quot;335559740&quot;:240}\">\u00a0<\/span><\/p>\n<p><span data-contrast=\"auto\">Des Weiteren steht Ihnen ein Beschwerderecht bei der zust\u00e4ndigen Aufsichtsbeh\u00f6rde zu.<\/span><span style=\"font-weight: 400;\" aria-hidden=\"true\"><span aria-hidden=\"true\">\u00a0<\/span><\/span><span data-ccp-props=\"{&quot;201341983&quot;:0,&quot;335559685&quot;:57,&quot;335559737&quot;:57,&quot;335559740&quot;:240}\">\u00a0<\/span><\/p>\n<p><b><span data-contrast=\"auto\">7. Bin ich verpflichtet, meine Daten bereitzustellen?<\/span><\/b><span data-ccp-props=\"{&quot;201341983&quot;:0,&quot;335559685&quot;:57,&quot;335559737&quot;:57,&quot;335559740&quot;:240}\"><\/span><\/p>\n<p><span data-contrast=\"auto\">F\u00fcr die Aufnahme der Gesch\u00e4ftsbeziehung sowie die Durchf\u00fchrung und Erf\u00fcllung der vertraglichen Pflichten ist es erforderlich, dass Sie uns die daf\u00fcr notwendigen personenbezogenen Daten zur Verf\u00fcgung stellen. Ferner kann die Verpflichtung zur Datenerhebung gesetzlich vorgeschrieben sein. Stellen Sie diese Daten nicht zur Verf\u00fcgung ist ein Vertragsschluss oder die Durchf\u00fchrung desselben nicht m\u00f6glich.<\/span><span data-ccp-props=\"{&quot;201341983&quot;:0,&quot;335559685&quot;:57,&quot;335559737&quot;:57,&quot;335559740&quot;:240}\">\u00a0<\/span><\/p><\/div><\/div><div class=\"x-col e1242-e6 myi-7\"><div style=\"--tco-dcyi-c:rgb(203,0,26);--tco-dcyi-f:rgb(203,0,26);--tco-dcyi-g:rgb(203,0,26);--tco-dcyi-j:rgb(203,0,26);\" class=\"x-text x-text-headline e1242-e7-v0 myi-9 myi-a myi-3 is-type-headline\"><div class=\"x-text-content\"><div class=\"x-text-content-text\"><h2 class=\"x-text-content-text-primary\">Widerspruchsrecht<\/h2>\n<\/div><\/div><\/div><div style=\"--tco-dcyi-k:rgb(28, 28, 28);--tco-dcyi-n:rgb(28, 28, 28);\" class=\"x-text x-content e1242-e8-v0 myi-c myi-d myi-4\"><p data-ccp-border-top=\"0.6666666666666666px solid #000000\" data-ccp-padding-top=\"1.3333333333333333px\" data-ccp-border-bottom=\"0.6666666666666666px solid #000000\" data-ccp-padding-bottom=\"1.3333333333333333px\"><\/p>\n<p data-ccp-border-top=\"0.6666666666666666px solid #000000\" data-ccp-padding-top=\"1.3333333333333333px\" data-ccp-border-bottom=\"0.6666666666666666px solid #000000\" data-ccp-padding-bottom=\"1.3333333333333333px\">Hinweis zum Widerspruchsrecht gem\u00e4\u00df Art. 21 DSGVO<\/p>\n<p data-ccp-border-top=\"0.6666666666666666px solid #000000\" data-ccp-padding-top=\"1.3333333333333333px\" data-ccp-border-bottom=\"0.6666666666666666px solid #000000\" data-ccp-padding-bottom=\"1.3333333333333333px\"><span style=\"color: #000080;\"><strong>1. Widerspruch im Einzelfall<\/strong><\/span><\/p>\n<p data-ccp-border-top=\"0.6666666666666666px solid #000000\" data-ccp-padding-top=\"1.3333333333333333px\" data-ccp-border-bottom=\"0.6666666666666666px solid #000000\" data-ccp-padding-bottom=\"1.3333333333333333px\"><span data-contrast=\"auto\">Aus Gr\u00fcnden, die sich aus Ihrer besonderen Situation ergeben k\u00f6nnen, haben Sie das Recht, jederzeit gegen die Verarbeitung Sie betreffender personenbezogener Daten aufgrund von Art. 6 Abs. 1 e) DSGVO (Datenverarbeitung im \u00f6ff. Interesse) und Art. 6 Abs. 1 f) DSGVO (Datenverarbeitung aufgrund berechtigter Interessen) Widerspruch einzulegen.<\/span><span data-ccp-props=\"{&quot;201341983&quot;:0,&quot;335559685&quot;:57,&quot;335559737&quot;:57,&quot;335559740&quot;:240,&quot;335572071&quot;:4,&quot;335572072&quot;:1,&quot;335572073&quot;:4278190080,&quot;335572075&quot;:4,&quot;335572076&quot;:4,&quot;335572077&quot;:4278190080,&quot;335572079&quot;:4,&quot;335572080&quot;:1,&quot;335572081&quot;:4278190080,&quot;335572083&quot;:4,&quot;335572084&quot;:4,&quot;335572085&quot;:4278190080,&quot;469789798&quot;:&quot;single&quot;,&quot;469789802&quot;:&quot;single&quot;,&quot;469789806&quot;:&quot;single&quot;,&quot;469789810&quot;:&quot;single&quot;}\">\u00a0<\/span><\/p>\n<p data-ccp-border-top=\"0.6666666666666666px solid #000000\" data-ccp-padding-top=\"1.3333333333333333px\" data-ccp-border-bottom=\"0.6666666666666666px solid #000000\" data-ccp-padding-bottom=\"1.3333333333333333px\"><span data-contrast=\"auto\">Ist Widerspruch eingelegt worden, erfolgt eine Verarbeitung Ihrer personenbezogenen Daten nicht mehr, es sei denn es liegen nachweislich zwingende Gr\u00fcnde vor, die Ihre Interessen, Rechte und Freiheiten \u00fcberwiegen. Eine weitere Verarbeitung ist auch dann m\u00f6glich, wenn die Verarbeitung der Geltendmachung, Aus\u00fcbung oder Verteidigung von Rechtsanspr\u00fcchen dient.<\/span><span data-ccp-props=\"{&quot;201341983&quot;:0,&quot;335559685&quot;:57,&quot;335559737&quot;:57,&quot;335559740&quot;:240,&quot;335572071&quot;:4,&quot;335572072&quot;:1,&quot;335572073&quot;:4278190080,&quot;335572075&quot;:4,&quot;335572076&quot;:4,&quot;335572077&quot;:4278190080,&quot;335572079&quot;:4,&quot;335572080&quot;:1,&quot;335572081&quot;:4278190080,&quot;335572083&quot;:4,&quot;335572084&quot;:4,&quot;335572085&quot;:4278190080,&quot;469789798&quot;:&quot;single&quot;,&quot;469789802&quot;:&quot;single&quot;,&quot;469789806&quot;:&quot;single&quot;,&quot;469789810&quot;:&quot;single&quot;}\"> <\/span><\/p>\n<p data-ccp-border-top=\"0.6666666666666666px solid #000000\" data-ccp-padding-top=\"1.3333333333333333px\" data-ccp-border-bottom=\"0.6666666666666666px solid #000000\" data-ccp-padding-bottom=\"1.3333333333333333px\"><strong><span style=\"color: #000080;\">2. Widerspruch gegen Direktwerbung<\/span><\/strong><\/p>\n<p data-ccp-border-top=\"0.6666666666666666px solid #000000\" data-ccp-padding-top=\"1.3333333333333333px\" data-ccp-border-bottom=\"0.6666666666666666px solid #000000\" data-ccp-padding-bottom=\"1.3333333333333333px\"><span data-contrast=\"auto\">Unter Umst\u00e4nden werden Ihre personenbezogenen Daten verarbeitet um Direktwerbung zu betreiben. Gegen eine solche Verarbeitung haben Sie das Recht jederzeit Widerspruch einzulegen. Dies gilt ebenfalls f\u00fcr das Profiling, soweit es mit der Direktwerbung in Verbindung steht.<\/span><span data-ccp-props=\"{&quot;201341983&quot;:0,&quot;335559685&quot;:57,&quot;335559737&quot;:57,&quot;335559740&quot;:240,&quot;335572071&quot;:4,&quot;335572072&quot;:1,&quot;335572073&quot;:4278190080,&quot;335572075&quot;:4,&quot;335572076&quot;:4,&quot;335572077&quot;:4278190080,&quot;335572079&quot;:4,&quot;335572080&quot;:1,&quot;335572081&quot;:4278190080,&quot;335572083&quot;:4,&quot;335572084&quot;:4,&quot;335572085&quot;:4278190080,&quot;469789798&quot;:&quot;single&quot;,&quot;469789802&quot;:&quot;single&quot;,&quot;469789806&quot;:&quot;single&quot;,&quot;469789810&quot;:&quot;single&quot;}\">\u00a0<\/span><\/p>\n<p data-ccp-border-top=\"0.6666666666666666px solid #000000\" data-ccp-padding-top=\"1.3333333333333333px\" data-ccp-border-bottom=\"0.6666666666666666px solid #000000\" data-ccp-padding-bottom=\"1.3333333333333333px\"><span data-contrast=\"auto\">Der Widerspruch kann formfrei erfolgen und ist zu richten an:<\/span><span data-ccp-props=\"{&quot;201341983&quot;:0,&quot;335559685&quot;:57,&quot;335559737&quot;:57,&quot;335559740&quot;:240,&quot;335572071&quot;:4,&quot;335572072&quot;:1,&quot;335572073&quot;:4278190080,&quot;335572075&quot;:4,&quot;335572076&quot;:4,&quot;335572077&quot;:4278190080,&quot;335572079&quot;:4,&quot;335572080&quot;:1,&quot;335572081&quot;:4278190080,&quot;335572083&quot;:4,&quot;335572084&quot;:4,&quot;335572085&quot;:4278190080,&quot;469789798&quot;:&quot;single&quot;,&quot;469789802&quot;:&quot;single&quot;,&quot;469789806&quot;:&quot;single&quot;,&quot;469789810&quot;:&quot;single&quot;}\">\u00a0<\/span><\/p>\n<p data-ccp-border-top=\"0.6666666666666666px solid #000000\" data-ccp-padding-top=\"1.3333333333333333px\"><span data-contrast=\"auto\">xpand Stiftung<\/span><span>\u00a0<br \/>\n<\/span><span data-contrast=\"auto\">Gutenbergstr. 36 <\/span><span>\u00a0<br \/>\n<\/span><span data-contrast=\"auto\">44139 Dortmund<\/span><span data-ccp-props=\"{&quot;201341983&quot;:0,&quot;335559685&quot;:57,&quot;335559737&quot;:57,&quot;335559740&quot;:240,&quot;335572071&quot;:4,&quot;335572072&quot;:1,&quot;335572073&quot;:4278190080,&quot;335572075&quot;:4,&quot;335572076&quot;:4,&quot;335572077&quot;:4278190080,&quot;335572079&quot;:4,&quot;335572080&quot;:1,&quot;335572081&quot;:4278190080,&quot;335572083&quot;:4,&quot;335572084&quot;:4,&quot;335572085&quot;:4278190080,&quot;469789798&quot;:&quot;single&quot;,&quot;469789802&quot;:&quot;single&quot;,&quot;469789806&quot;:&quot;single&quot;,&quot;469789810&quot;:&quot;single&quot;}\">\u00a0<\/span><\/p><\/div><\/div><\/div><\/div><\/div><\/div>","protected":false},"excerpt":{"rendered":"<p>Datenschutzhinweise Mit den nachfolgenden Datenschutzhinweisen m\u00f6chten wir Ihnen einen \u00dcberblick \u00fcber die Erhebung und Verarbeitung Ihrer Daten bei der xpand Stiftung geben. Ferner m\u00f6chten wir Ihnen darlegen, warum wir welche Daten erheben und welche Rechte Ihnen in diesem Zusammenhang zustehen. 1. Wer ist verantwortlich f\u00fcr die Datenverarbeitung und wer ist mein Ansprechpartner bei datenschutzrechtlichen Anliegen? Verantwortliche Stelle:\u00a0 xpand Stiftung\u00a0 Gutenbergstr.&hellip;<\/p>\n","protected":false},"author":3,"featured_media":0,"parent":0,"menu_order":0,"comment_status":"closed","ping_status":"closed","template":"template-blank-4.php","meta":{"_acf_changed":false,"inline_featured_image":false,"footnotes":""},"class_list":["post-1242","page","type-page","status-publish","hentry","no-post-thumbnail"],"acf":[],"_links":{"self":[{"href":"https:\/\/xpand.one\/de\/stiftung\/wp-json\/wp\/v2\/pages\/1242","targetHints":{"allow":["GET"]}}],"collection":[{"href":"https:\/\/xpand.one\/de\/stiftung\/wp-json\/wp\/v2\/pages"}],"about":[{"href":"https:\/\/xpand.one\/de\/stiftung\/wp-json\/wp\/v2\/types\/page"}],"author":[{"embeddable":true,"href":"https:\/\/xpand.one\/de\/stiftung\/wp-json\/wp\/v2\/users\/3"}],"replies":[{"embeddable":true,"href":"https:\/\/xpand.one\/de\/stiftung\/wp-json\/wp\/v2\/comments?post=1242"}],"version-history":[{"count":2,"href":"https:\/\/xpand.one\/de\/stiftung\/wp-json\/wp\/v2\/pages\/1242\/revisions"}],"predecessor-version":[{"id":2046,"href":"https:\/\/xpand.one\/de\/stiftung\/wp-json\/wp\/v2\/pages\/1242\/revisions\/2046"}],"wp:attachment":[{"href":"https:\/\/xpand.one\/de\/stiftung\/wp-json\/wp\/v2\/media?parent=1242"}],"curies":[{"name":"wp","href":"https:\/\/api.w.org\/{rel}","templated":true}]}}