{"id":966,"date":"2024-09-26T21:56:55","date_gmt":"2024-09-26T19:56:55","guid":{"rendered":"https:\/\/xpand.one\/de-gmbh\/?page_id=966"},"modified":"2025-04-04T08:57:20","modified_gmt":"2025-04-04T06:57:20","slug":"consultants","status":"publish","type":"page","link":"https:\/\/xpand.one\/fr\/consultants\/","title":{"rendered":"Consultants"},"content":{"rendered":"<div id=\"cs-content\" class=\"cs-content\"><div class=\"x-section e966-e1-v0 mqu-0 mqu-1\"><div class=\"x-grid e966-e1-v1 mqu-d mqu-3 mqu-4 x-effect-exit\" data-x-effect=\"{&quot;scroll&quot;:true,&quot;offsetTop&quot;:&quot;10%&quot;,&quot;offsetBottom&quot;:&quot;10%&quot;,&quot;behaviorScroll&quot;:&quot;fire-once&quot;}\"><div class=\"x-cell e966-e1-v2 mqu-e mqu-f\"><span class=\"x-image e966-e1-v3 mqu-h mqu-i mqu-5\"><img decoding=\"async\" src=\"https:\/\/xpand.one\/fr\/wp-content\/uploads\/Ein-Foto-m-4lVtLI1O.jpg\" width=\"720\" height=\"304\" alt=\"Image\" loading=\"lazy\"><\/span><\/div><div class=\"x-cell e966-e1-v4 mqu-f mqu-g mqu-4 mqu-6 x-effect-exit\" data-x-effect=\"{&quot;scroll&quot;:true,&quot;offsetTop&quot;:&quot;10%&quot;,&quot;offsetBottom&quot;:&quot;10%&quot;,&quot;behaviorScroll&quot;:&quot;fire-once&quot;}\"><div class=\"x-text x-text-headline e966-e1-v5 mqu-k mqu-l mqu-m mqu-n mqu-o\"><div class=\"x-text-content\"><div class=\"x-text-content-text\"><h1 class=\"x-text-content-text-primary\">Consultants<\/h1>\n<\/div><\/div><\/div><hr class=\"x-line e966-e1-v6-v0 mqu-t mqu-u mqu-8\" style=\"--tco-dcqu-0:rgb(203,0,26);\"\/><\/div><\/div><\/div><div class=\"x-section e966-e2 mqu-0 mqu-2\"><div class=\"x-row x-container max width e966-e3 mqu-18 mqu-19\"><div class=\"x-row-inner\"><div class=\"x-col e966-e4 mqu-1a\"><div class=\"x-text x-text-headline e966-e5 mqu-k mqu-l mqu-m mqu-p mqu-q\"><div class=\"x-text-content\"><div class=\"x-text-content-text\"><span class=\"x-text-content-text-primary\">Domaines de conseil<\/span>\n<\/div><\/div><\/div><hr class=\"x-line e966-e6-v0 mqu-t mqu-v mqu-a\" style=\"--tco-dcqu-5:rgb(203,0,26);\"\/><div class=\"x-div e966-e7 mqu-x mqu-z mqu-10 mqu-11\"><div  class=\"search-filter-base search-filter-field search-filter-field--id-1 search-filter-field--type-choice search-filter-field--input-type-checkbox search-filter-style--id-1 search-filter-style--choice-checkbox\"  data-search-filter-id=\"1\" ><\/div><\/div><div class=\"x-div e966-e9 mqu-x mqu-y mqu-z\"><div  class=\"search-filter-base search-filter-field search-filter-field--id-2 search-filter-field--type-control search-filter-field--control-type-reset search-filter-style--id-1 search-filter-style--control-reset\"  data-search-filter-id=\"2\" ><\/div><div class=\"x-text x-text-headline e966-e11 mqu-l mqu-m mqu-p mqu-q mqu-r\"><div class=\"x-text-content\"><div class=\"x-text-content-text\"><span class=\"x-text-content-text-primary\">Avis juridique<\/span>\n<\/div><\/div><\/div><hr class=\"x-line e966-e12-v0 mqu-t mqu-w mqu-b\" style=\"--tco-dcqu-6:rgb(203,0,26);\"\/><div style=\"--tco-dcqu-7:rgb(28, 28, 28);--tco-dcqu-a:rgb(28, 28, 28);\" class=\"x-text x-content e966-e13-v0 mqu-16 mqu-17 mqu-c\"><span>Tous les consultants fournissent leurs services de mani\u00e8re ind\u00e9pendante et freelance pour nos clients.<\/span><\/div><\/div><\/div><div class=\"x-col e966-e14 mqu-1a mqu-1b search-filter-query--id-1\"><div class=\"x-div e966-e15 mqu-x mqu-z mqu-10 mqu-12 mqu-13\"><a class=\"x-div e966-e16 mqu-x mqu-y mqu-12 mqu-14 mqu-7\" href=\"https:\/\/xpand.one\/fr\/consultant\/agnes-lemesre-valy\/\" data-x-effect-provider=\"colors particles effects\" data-x-effect=\"{&quot;durationBase&quot;:&quot;300ms&quot;}\"><span class=\"x-image e966-e17 mqu-h mqu-j\"><img decoding=\"async\" src=\"https:\/\/xpand.one\/fr\/wp-content\/uploads\/ALemesre-Valy-Photo-Edit-scaled.jpg\" alt=\"Image\" loading=\"lazy\"><\/span><div class=\"x-text x-text-headline e966-e18 mqu-m mqu-o mqu-p mqu-s\"><div class=\"x-text-content\"><div class=\"x-text-content-text\"><span class=\"x-text-content-text-primary\">Agn\u00e8s Lemesre-Valy<\/span>\n<\/div><\/div><\/div><\/a><a class=\"x-div e966-e16 mqu-x mqu-y mqu-12 mqu-14 mqu-7\" href=\"https:\/\/xpand.one\/fr\/consultant\/florence-de-leyritz\/\" data-x-effect-provider=\"colors particles effects\" data-x-effect=\"{&quot;durationBase&quot;:&quot;300ms&quot;}\"><span class=\"x-image e966-e17 mqu-h mqu-j\"><img decoding=\"async\" src=\"https:\/\/xpand.one\/fr\/wp-content\/uploads\/Photo-Florence-de-Leyritz-2025-fond-blanc-1-for-website.png\" alt=\"Image\" loading=\"lazy\"><\/span><div class=\"x-text x-text-headline e966-e18 mqu-m mqu-o mqu-p mqu-s\"><div class=\"x-text-content\"><div class=\"x-text-content-text\"><span class=\"x-text-content-text-primary\">Florence de Leyritz<\/span>\n<\/div><\/div><\/div><\/a><a class=\"x-div e966-e16 mqu-x mqu-y mqu-12 mqu-14 mqu-7\" href=\"https:\/\/xpand.one\/fr\/consultant\/pierre-georges-schmieder-bergantz\/\" data-x-effect-provider=\"colors particles effects\" data-x-effect=\"{&quot;durationBase&quot;:&quot;300ms&quot;}\"><span class=\"x-image e966-e17 mqu-h mqu-j\"><img decoding=\"async\" src=\"https:\/\/xpand.one\/fr\/wp-content\/uploads\/PG4-e1750769404979.png\" alt=\"Image\" loading=\"lazy\"><\/span><div class=\"x-text x-text-headline e966-e18 mqu-m mqu-o mqu-p mqu-s\"><div class=\"x-text-content\"><div class=\"x-text-content-text\"><span class=\"x-text-content-text-primary\">Pierre-Georges      Schmieder-Bergantz<\/span>\n<\/div><\/div><\/div><\/a><a class=\"x-div e966-e16 mqu-x mqu-y mqu-12 mqu-14 mqu-7\" href=\"https:\/\/xpand.one\/fr\/consultant\/valerie-valentin\/\" data-x-effect-provider=\"colors particles effects\" data-x-effect=\"{&quot;durationBase&quot;:&quot;300ms&quot;}\"><span class=\"x-image e966-e17 mqu-h mqu-j\"><img decoding=\"async\" src=\"https:\/\/xpand.one\/fr\/wp-content\/uploads\/Photo-VV-scaled.jpeg\" alt=\"Image\" loading=\"lazy\"><\/span><div class=\"x-text x-text-headline e966-e18 mqu-m mqu-o mqu-p mqu-s\"><div class=\"x-text-content\"><div class=\"x-text-content-text\"><span class=\"x-text-content-text-primary\">Val\u00e9rie Valentin<\/span>\n<\/div><\/div><\/div><\/a><\/div><\/div><\/div><\/div><\/div><\/div>","protected":false},"excerpt":{"rendered":"<p>Consultants Domaines de conseil Avis juridique Tous les consultants fournissent leurs services de mani\u00e8re ind\u00e9pendante et freelance pour nos clients.Agn\u00e8s Lemesre-Valy Florence de Leyritz Pierre-Georges Schmieder-Bergantz Val\u00e9rie Valentin<\/p>\n","protected":false},"author":1,"featured_media":0,"parent":0,"menu_order":0,"comment_status":"closed","ping_status":"closed","template":"template-blank-4.php","meta":{"_acf_changed":false,"inline_featured_image":false,"_uag_custom_page_level_css":"","footnotes":""},"class_list":["post-966","page","type-page","status-publish","hentry","no-post-thumbnail"],"acf":[],"yoast_head":"<!-- This site is optimized with the Yoast SEO plugin v25.1 - https:\/\/yoast.com\/wordpress\/plugins\/seo\/ -->\n<title>Consultants | xpand FR<\/title>\n<meta name=\"robots\" content=\"index, follow, max-snippet:-1, max-image-preview:large, max-video-preview:-1\" \/>\n<link rel=\"canonical\" href=\"https:\/\/xpand.one\/fr\/berater\/\" \/>\n<meta property=\"og:locale\" content=\"fr_FR\" \/>\n<meta property=\"og:type\" content=\"article\" \/>\n<meta property=\"og:title\" content=\"Consultants | xpand FR\" \/>\n<meta property=\"og:description\" content=\"Consultants Domaines de conseil Avis juridique Tous les consultants fournissent leurs services de mani\u00e8re ind\u00e9pendante et freelance pour nos clients.Agn\u00e8s Lemesre-Valy Florence de Leyritz Pierre-Georges Schmieder-Bergantz Val\u00e9rie Valentin\" \/>\n<meta property=\"og:url\" content=\"https:\/\/xpand.one\/fr\/berater\/\" \/>\n<meta property=\"og:site_name\" content=\"xpand FR\" \/>\n<meta property=\"article:modified_time\" content=\"2025-04-04T06:57:20+00:00\" \/>\n<meta property=\"og:image\" content=\"https:\/\/xpand.one\/fr\/wp-content\/uploads\/fallschirm.jpg\" \/>\n\t<meta property=\"og:image:width\" content=\"1200\" \/>\n\t<meta property=\"og:image:height\" content=\"814\" \/>\n\t<meta property=\"og:image:type\" content=\"image\/jpeg\" \/>\n<meta name=\"twitter:card\" content=\"summary_large_image\" \/>\n<script type=\"application\/ld+json\" class=\"yoast-schema-graph\">{\"@context\":\"https:\/\/schema.org\",\"@graph\":[{\"@type\":\"WebPage\",\"@id\":\"https:\/\/xpand.one\/fr\/berater\/\",\"url\":\"https:\/\/xpand.one\/fr\/berater\/\",\"name\":\"Consultants | xpand FR\",\"isPartOf\":{\"@id\":\"https:\/\/xpand.one\/fr\/#website\"},\"primaryImageOfPage\":{\"@id\":\"https:\/\/xpand.one\/fr\/berater\/#primaryimage\"},\"image\":{\"@id\":\"https:\/\/xpand.one\/fr\/berater\/#primaryimage\"},\"thumbnailUrl\":\"https:\/\/xpand.one\/fr\/wp-content\/uploads\/Ein-Foto-m-4lVtLI1O.jpg\",\"datePublished\":\"2024-09-26T19:56:55+00:00\",\"dateModified\":\"2025-04-04T06:57:20+00:00\",\"breadcrumb\":{\"@id\":\"https:\/\/xpand.one\/fr\/berater\/#breadcrumb\"},\"inLanguage\":\"fr-FR\",\"potentialAction\":[{\"@type\":\"ReadAction\",\"target\":[\"https:\/\/xpand.one\/fr\/berater\/\"]}]},{\"@type\":\"ImageObject\",\"inLanguage\":\"fr-FR\",\"@id\":\"https:\/\/xpand.one\/fr\/berater\/#primaryimage\",\"url\":\"https:\/\/xpand.one\/fr\/wp-content\/uploads\/Ein-Foto-m-4lVtLI1O.jpg\",\"contentUrl\":\"https:\/\/xpand.one\/fr\/wp-content\/uploads\/Ein-Foto-m-4lVtLI1O.jpg\",\"width\":1440,\"height\":608},{\"@type\":\"BreadcrumbList\",\"@id\":\"https:\/\/xpand.one\/fr\/berater\/#breadcrumb\",\"itemListElement\":[{\"@type\":\"ListItem\",\"position\":1,\"name\":\"Home\",\"item\":\"https:\/\/xpand.one\/fr\/\"},{\"@type\":\"ListItem\",\"position\":2,\"name\":\"Berater\"}]},{\"@type\":\"WebSite\",\"@id\":\"https:\/\/xpand.one\/fr\/#website\",\"url\":\"https:\/\/xpand.one\/fr\/\",\"name\":\"xpand FR\",\"description\":\"Inspiration. Motivation. Vision.\",\"publisher\":{\"@id\":\"https:\/\/xpand.one\/fr\/#organization\"},\"potentialAction\":[{\"@type\":\"SearchAction\",\"target\":{\"@type\":\"EntryPoint\",\"urlTemplate\":\"https:\/\/xpand.one\/fr\/?s={search_term_string}\"},\"query-input\":{\"@type\":\"PropertyValueSpecification\",\"valueRequired\":true,\"valueName\":\"search_term_string\"}}],\"inLanguage\":\"fr-FR\"},{\"@type\":\"Organization\",\"@id\":\"https:\/\/xpand.one\/fr\/#organization\",\"name\":\"xpand FR\",\"url\":\"https:\/\/xpand.one\/fr\/\",\"logo\":{\"@type\":\"ImageObject\",\"inLanguage\":\"fr-FR\",\"@id\":\"https:\/\/xpand.one\/fr\/#\/schema\/logo\/image\/\",\"url\":\"https:\/\/xpand.one\/fr\/wp-content\/uploads\/Organisation-Logo.jpg\",\"contentUrl\":\"https:\/\/xpand.one\/fr\/wp-content\/uploads\/Organisation-Logo.jpg\",\"width\":696,\"height\":696,\"caption\":\"xpand FR\"},\"image\":{\"@id\":\"https:\/\/xpand.one\/fr\/#\/schema\/logo\/image\/\"},\"sameAs\":[\"https:\/\/www.linkedin.com\/company\/xpand-germany\/mycompany\/\"]}]}<\/script>\n<!-- \/ Yoast SEO plugin. -->","yoast_head_json":{"title":"Consultants | xpand FR","robots":{"index":"index","follow":"follow","max-snippet":"max-snippet:-1","max-image-preview":"max-image-preview:large","max-video-preview":"max-video-preview:-1"},"canonical":"https:\/\/xpand.one\/fr\/berater\/","og_locale":"fr_FR","og_type":"article","og_title":"Consultants | xpand FR","og_description":"Consultants Domaines de conseil Avis juridique Tous les consultants fournissent leurs services de mani\u00e8re ind\u00e9pendante et freelance pour nos clients.Agn\u00e8s Lemesre-Valy Florence de Leyritz Pierre-Georges Schmieder-Bergantz Val\u00e9rie Valentin","og_url":"https:\/\/xpand.one\/fr\/berater\/","og_site_name":"xpand FR","article_modified_time":"2025-04-04T06:57:20+00:00","og_image":[{"width":1200,"height":814,"url":"https:\/\/xpand.one\/fr\/wp-content\/uploads\/fallschirm.jpg","type":"image\/jpeg"}],"twitter_card":"summary_large_image","schema":{"@context":"https:\/\/schema.org","@graph":[{"@type":"WebPage","@id":"https:\/\/xpand.one\/fr\/berater\/","url":"https:\/\/xpand.one\/fr\/berater\/","name":"Consultants | xpand FR","isPartOf":{"@id":"https:\/\/xpand.one\/fr\/#website"},"primaryImageOfPage":{"@id":"https:\/\/xpand.one\/fr\/berater\/#primaryimage"},"image":{"@id":"https:\/\/xpand.one\/fr\/berater\/#primaryimage"},"thumbnailUrl":"https:\/\/xpand.one\/fr\/wp-content\/uploads\/Ein-Foto-m-4lVtLI1O.jpg","datePublished":"2024-09-26T19:56:55+00:00","dateModified":"2025-04-04T06:57:20+00:00","breadcrumb":{"@id":"https:\/\/xpand.one\/fr\/berater\/#breadcrumb"},"inLanguage":"fr-FR","potentialAction":[{"@type":"ReadAction","target":["https:\/\/xpand.one\/fr\/berater\/"]}]},{"@type":"ImageObject","inLanguage":"fr-FR","@id":"https:\/\/xpand.one\/fr\/berater\/#primaryimage","url":"https:\/\/xpand.one\/fr\/wp-content\/uploads\/Ein-Foto-m-4lVtLI1O.jpg","contentUrl":"https:\/\/xpand.one\/fr\/wp-content\/uploads\/Ein-Foto-m-4lVtLI1O.jpg","width":1440,"height":608},{"@type":"BreadcrumbList","@id":"https:\/\/xpand.one\/fr\/berater\/#breadcrumb","itemListElement":[{"@type":"ListItem","position":1,"name":"Home","item":"https:\/\/xpand.one\/fr\/"},{"@type":"ListItem","position":2,"name":"Berater"}]},{"@type":"WebSite","@id":"https:\/\/xpand.one\/fr\/#website","url":"https:\/\/xpand.one\/fr\/","name":"xpand FR","description":"Inspiration. Motivation. Vision.","publisher":{"@id":"https:\/\/xpand.one\/fr\/#organization"},"potentialAction":[{"@type":"SearchAction","target":{"@type":"EntryPoint","urlTemplate":"https:\/\/xpand.one\/fr\/?s={search_term_string}"},"query-input":{"@type":"PropertyValueSpecification","valueRequired":true,"valueName":"search_term_string"}}],"inLanguage":"fr-FR"},{"@type":"Organization","@id":"https:\/\/xpand.one\/fr\/#organization","name":"xpand FR","url":"https:\/\/xpand.one\/fr\/","logo":{"@type":"ImageObject","inLanguage":"fr-FR","@id":"https:\/\/xpand.one\/fr\/#\/schema\/logo\/image\/","url":"https:\/\/xpand.one\/fr\/wp-content\/uploads\/Organisation-Logo.jpg","contentUrl":"https:\/\/xpand.one\/fr\/wp-content\/uploads\/Organisation-Logo.jpg","width":696,"height":696,"caption":"xpand FR"},"image":{"@id":"https:\/\/xpand.one\/fr\/#\/schema\/logo\/image\/"},"sameAs":["https:\/\/www.linkedin.com\/company\/xpand-germany\/mycompany\/"]}]}},"uagb_featured_image_src":{"full":false,"thumbnail":false,"medium":false,"medium_large":false,"large":false,"1536x1536":false,"2048x2048":false,"gform-image-choice-sm":false,"gform-image-choice-md":false,"gform-image-choice-lg":false,"woocommerce_thumbnail":false,"woocommerce_single":false,"woocommerce_gallery_thumbnail":false},"uagb_author_info":{"display_name":"8ideen","author_link":"https:\/\/xpand.one\/fr\/author\/8ideen\/"},"uagb_comment_info":0,"uagb_excerpt":"Consultants Domaines de conseil Avis juridique Tous les consultants fournissent leurs services de mani\u00e8re ind\u00e9pendante et freelance pour nos clients.Agn\u00e8s Lemesre-Valy Florence de Leyritz Pierre-Georges Schmieder-Bergantz Val\u00e9rie Valentin","_links":{"self":[{"href":"https:\/\/xpand.one\/fr\/wp-json\/wp\/v2\/pages\/966","targetHints":{"allow":["GET"]}}],"collection":[{"href":"https:\/\/xpand.one\/fr\/wp-json\/wp\/v2\/pages"}],"about":[{"href":"https:\/\/xpand.one\/fr\/wp-json\/wp\/v2\/types\/page"}],"author":[{"embeddable":true,"href":"https:\/\/xpand.one\/fr\/wp-json\/wp\/v2\/users\/1"}],"replies":[{"embeddable":true,"href":"https:\/\/xpand.one\/fr\/wp-json\/wp\/v2\/comments?post=966"}],"version-history":[{"count":5,"href":"https:\/\/xpand.one\/fr\/wp-json\/wp\/v2\/pages\/966\/revisions"}],"predecessor-version":[{"id":2685,"href":"https:\/\/xpand.one\/fr\/wp-json\/wp\/v2\/pages\/966\/revisions\/2685"}],"wp:attachment":[{"href":"https:\/\/xpand.one\/fr\/wp-json\/wp\/v2\/media?parent=966"}],"curies":[{"name":"wp","href":"https:\/\/api.w.org\/{rel}","templated":true}]}}