{"id":2249,"date":"2025-03-05T10:38:16","date_gmt":"2025-03-05T09:38:16","guid":{"rendered":"https:\/\/xpand.one\/it\/?page_id=2249"},"modified":"2025-06-08T21:53:47","modified_gmt":"2025-06-08T19:53:47","slug":"impressum","status":"publish","type":"page","link":"https:\/\/xpand.one\/it\/de\/impressum\/","title":{"rendered":"Impressum"},"content":{"rendered":"<div id=\"cs-content\" class=\"cs-content\"><div class=\"x-section e2249-e1-v0 m1qh-0 m1qh-1\"><div class=\"x-grid e2249-e1-v1 m1qh-b m1qh-3 m1qh-4 x-effect-exit\" data-x-effect=\"{&quot;scroll&quot;:true,&quot;offsetTop&quot;:&quot;10%&quot;,&quot;offsetBottom&quot;:&quot;10%&quot;,&quot;behaviorScroll&quot;:&quot;fire-once&quot;}\"><div class=\"x-cell e2249-e1-v2 m1qh-c m1qh-d\"><span class=\"x-image e2249-e1-v3 m1qh-f m1qh-5\"><img decoding=\"async\" src=\"https:\/\/xpand.one\/it\/wp-content\/uploads\/xpand_news_01-1.jpg\" width=\"896\" height=\"400\" alt=\"Image\" loading=\"lazy\"><\/span><\/div><div class=\"x-cell e2249-e1-v4 m1qh-d m1qh-e m1qh-4 m1qh-6 x-effect-exit\" data-x-effect=\"{&quot;scroll&quot;:true,&quot;offsetTop&quot;:&quot;10%&quot;,&quot;offsetBottom&quot;:&quot;10%&quot;,&quot;behaviorScroll&quot;:&quot;fire-once&quot;}\"><div class=\"x-text x-text-headline e2249-e1-v5 m1qh-g\"><div class=\"x-text-content\"><div class=\"x-text-content-text\"><h1 class=\"x-text-content-text-primary\">Impressum<\/h1>\n<\/div><\/div><\/div><hr class=\"x-line e2249-e1-v6-v0 m1qh-h m1qh-7\" style=\"--tco-dc1qh-0:rgb(203,0,26);\"\/><\/div><\/div><\/div><div class=\"x-section e2249-e2-v0 m1qh-0 m1qh-2 m1qh-9\" style=\"--tco-dc1qh-6:transparent;\"><div class=\"x-div x-container max width e2249-e2-v1 m1qh-i m1qh-k m1qh-3 m1qh-4 x-effect-exit\" style=\"--tco-dc1qh-9:transparent;\" data-x-effect=\"{&quot;scroll&quot;:true,&quot;offsetTop&quot;:&quot;10%&quot;,&quot;offsetBottom&quot;:&quot;10%&quot;,&quot;behaviorScroll&quot;:&quot;fire-once&quot;}\"><div style=\"--tco-dc1qh-b:rgb(28, 28, 28);--tco-dc1qh-e:rgb(28, 28, 28);\" class=\"x-text x-content e2249-e4-v0 m1qh-m m1qh-n m1qh-a\"><p data-start=\"422\" data-end=\"539\"><strong data-start=\"422\" data-end=\"471\">Verantwortlich f\u00fcr den Inhalt dieser Website:<\/strong><br data-start=\"471\" data-end=\"474\" \/><strong data-start=\"474\" data-end=\"494\">xpand Italia <\/strong><br data-start=\"494\" data-end=\"497\" \/>M\u00fchlgasse 5<br data-start=\"508\" data-end=\"511\" \/>39100 Bozen (BZ) \u2013 Italien<\/p>\n<p data-start=\"541\" data-end=\"685\"><strong data-start=\"541\" data-end=\"553\">Telefon:<\/strong> +39 (0)471 971230<br data-start=\"571\" data-end=\"574\" \/><strong data-start=\"574\" data-end=\"585\">E-Mail: <\/strong>office-it@xpand.one<br data-start=\"629\" data-end=\"632\" \/><strong data-start=\"632\" data-end=\"640\">Web:<\/strong> <a data-start=\"641\" data-end=\"685\" class=\"\" rel=\"noopener\" target=\"_new\" href=\"https:\/\/www.xpand.one\/it\">www.xpand.one\/it<\/a><\/p>\n\n<h2 data-start=\"1165\" data-end=\"1186\">Haftungsausschluss<\/h2>\n<p data-start=\"1188\" data-end=\"1409\"><strong data-start=\"1188\" data-end=\"1214\">Inhalte dieser Website<\/strong><br data-start=\"1214\" data-end=\"1217\" \/>Wir bem\u00fchen uns, die Informationen auf dieser Website stets aktuell und korrekt zu halten. Dennoch \u00fcbernehmen wir keine Gew\u00e4hr f\u00fcr die Richtigkeit, Vollst\u00e4ndigkeit oder Aktualit\u00e4t der Inhalte.<\/p>\n<p data-start=\"1411\" data-end=\"1609\"><strong data-start=\"1411\" data-end=\"1448\">Verlinkte Inhalte (externe Links)<\/strong><br data-start=\"1448\" data-end=\"1451\" \/>F\u00fcr Inhalte externer Websites, auf die wir verlinken, \u00fcbernehmen wir keine Haftung. Zum Zeitpunkt der Verlinkung waren keine rechtswidrigen Inhalte erkennbar.<\/p>\n\n\n<hr data-start=\"1611\" data-end=\"1614\" \/>\n\n<h2 data-start=\"1616\" data-end=\"1631\">Urheberrecht<\/h2>\n<p data-start=\"1633\" data-end=\"1923\">Die auf dieser Website ver\u00f6ffentlichten Inhalte und Werke (Texte, Bilder, Grafiken usw.) unterliegen dem Urheberrecht. Jegliche Vervielf\u00e4ltigung, Bearbeitung, Verbreitung oder Verwertung au\u00dferhalb der Grenzen des Urheberrechts ist ohne ausdr\u00fcckliche schriftliche Zustimmung nicht gestattet.<\/p><\/div><\/div><\/div><\/div>","protected":false},"excerpt":{"rendered":"<p>Impressum Verantwortlich f\u00fcr den Inhalt dieser Website:xpand Italia M\u00fchlgasse 539100 Bozen (BZ) \u2013 Italien Telefon: +39 (0)471 971230E-Mail: office-it@xpand.oneWeb: www.xpand.one\/it Haftungsausschluss Inhalte dieser WebsiteWir bem\u00fchen uns, die Informationen auf dieser Website stets aktuell und korrekt zu halten. Dennoch \u00fcbernehmen wir keine Gew\u00e4hr f\u00fcr die Richtigkeit, Vollst\u00e4ndigkeit oder Aktualit\u00e4t der Inhalte. Verlinkte Inhalte (externe Links)F\u00fcr Inhalte externer Websites, auf die wir&hellip;<\/p>\n","protected":false},"author":1,"featured_media":0,"parent":0,"menu_order":0,"comment_status":"closed","ping_status":"closed","template":"template-blank-4.php","meta":{"_acf_changed":false,"inline_featured_image":false,"footnotes":""},"class_list":["post-2249","page","type-page","status-publish","hentry","no-post-thumbnail"],"acf":[],"yoast_head":"<!-- This site is optimized with the Yoast SEO plugin v25.5 - https:\/\/yoast.com\/wordpress\/plugins\/seo\/ -->\n<title>Impressum | xpand IT<\/title>\n<meta name=\"robots\" content=\"index, follow, max-snippet:-1, max-image-preview:large, max-video-preview:-1\" \/>\n<link rel=\"canonical\" href=\"https:\/\/xpand.one\/it\/impressum\/\" \/>\n<meta property=\"og:locale\" content=\"de_DE\" \/>\n<meta property=\"og:type\" content=\"article\" \/>\n<meta property=\"og:title\" content=\"Impressum | xpand IT\" \/>\n<meta property=\"og:description\" content=\"Impressum Verantwortlich f\u00fcr den Inhalt dieser Website:xpand Italia M\u00fchlgasse 539100 Bozen (BZ) \u2013 Italien Telefon: +39 (0)471 971230E-Mail: office-it@xpand.oneWeb: www.xpand.one\/it Haftungsausschluss Inhalte dieser WebsiteWir bem\u00fchen uns, die Informationen auf dieser Website stets aktuell und korrekt zu halten. Dennoch \u00fcbernehmen wir keine Gew\u00e4hr f\u00fcr die Richtigkeit, Vollst\u00e4ndigkeit oder Aktualit\u00e4t der Inhalte. Verlinkte Inhalte (externe Links)F\u00fcr Inhalte externer Websites, auf die wir&hellip;\" \/>\n<meta property=\"og:url\" content=\"https:\/\/xpand.one\/it\/impressum\/\" \/>\n<meta property=\"og:site_name\" content=\"xpand IT\" \/>\n<meta property=\"article:modified_time\" content=\"2025-06-08T19:53:47+00:00\" \/>\n<meta property=\"og:image\" content=\"https:\/\/xpand.one\/it\/wp-content\/uploads\/xpand_news_01-1.jpg\" \/>\n<meta name=\"twitter:card\" content=\"summary_large_image\" \/>\n<meta name=\"twitter:label1\" content=\"Gesch\u00e4tzte Lesezeit\" \/>\n\t<meta name=\"twitter:data1\" content=\"1\u00a0Minute\" \/>\n<script type=\"application\/ld+json\" class=\"yoast-schema-graph\">{\"@context\":\"https:\/\/schema.org\",\"@graph\":[{\"@type\":\"WebPage\",\"@id\":\"https:\/\/xpand.one\/it\/impressum\/\",\"url\":\"https:\/\/xpand.one\/it\/impressum\/\",\"name\":\"Impressum | xpand IT\",\"isPartOf\":{\"@id\":\"https:\/\/xpand.one\/it\/#website\"},\"primaryImageOfPage\":{\"@id\":\"https:\/\/xpand.one\/it\/impressum\/#primaryimage\"},\"image\":{\"@id\":\"https:\/\/xpand.one\/it\/impressum\/#primaryimage\"},\"thumbnailUrl\":\"https:\/\/xpand.one\/it\/wp-content\/uploads\/xpand_news_01-1.jpg\",\"datePublished\":\"2025-03-05T09:38:16+00:00\",\"dateModified\":\"2025-06-08T19:53:47+00:00\",\"breadcrumb\":{\"@id\":\"https:\/\/xpand.one\/it\/impressum\/#breadcrumb\"},\"inLanguage\":\"de\",\"potentialAction\":[{\"@type\":\"ReadAction\",\"target\":[\"https:\/\/xpand.one\/it\/impressum\/\"]}]},{\"@type\":\"ImageObject\",\"inLanguage\":\"de\",\"@id\":\"https:\/\/xpand.one\/it\/impressum\/#primaryimage\",\"url\":\"https:\/\/xpand.one\/it\/wp-content\/uploads\/xpand_news_01-1.jpg\",\"contentUrl\":\"https:\/\/xpand.one\/it\/wp-content\/uploads\/xpand_news_01-1.jpg\"},{\"@type\":\"BreadcrumbList\",\"@id\":\"https:\/\/xpand.one\/it\/impressum\/#breadcrumb\",\"itemListElement\":[{\"@type\":\"ListItem\",\"position\":1,\"name\":\"Home\",\"item\":\"https:\/\/xpand.one\/it\/de\/start\/\"},{\"@type\":\"ListItem\",\"position\":2,\"name\":\"Impressum\"}]},{\"@type\":\"WebSite\",\"@id\":\"https:\/\/xpand.one\/it\/#website\",\"url\":\"https:\/\/xpand.one\/it\/\",\"name\":\"xpand IT\",\"description\":\"Inspiration, Motivation, Vision\",\"publisher\":{\"@id\":\"https:\/\/xpand.one\/it\/#organization\"},\"potentialAction\":[{\"@type\":\"SearchAction\",\"target\":{\"@type\":\"EntryPoint\",\"urlTemplate\":\"https:\/\/xpand.one\/it\/?s={search_term_string}\"},\"query-input\":{\"@type\":\"PropertyValueSpecification\",\"valueRequired\":true,\"valueName\":\"search_term_string\"}}],\"inLanguage\":\"de\"},{\"@type\":\"Organization\",\"@id\":\"https:\/\/xpand.one\/it\/#organization\",\"name\":\"xpand IT\",\"url\":\"https:\/\/xpand.one\/it\/\",\"logo\":{\"@type\":\"ImageObject\",\"inLanguage\":\"de\",\"@id\":\"https:\/\/xpand.one\/it\/#\/schema\/logo\/image\/\",\"url\":\"https:\/\/xpand.one\/it\/wp-content\/uploads\/2025\/06\/Organisation-Logo.jpg\",\"contentUrl\":\"https:\/\/xpand.one\/it\/wp-content\/uploads\/2025\/06\/Organisation-Logo.jpg\",\"width\":696,\"height\":696,\"caption\":\"xpand IT\"},\"image\":{\"@id\":\"https:\/\/xpand.one\/it\/#\/schema\/logo\/image\/\"}}]}<\/script>\n<!-- \/ Yoast SEO plugin. -->","yoast_head_json":{"title":"Impressum | xpand IT","robots":{"index":"index","follow":"follow","max-snippet":"max-snippet:-1","max-image-preview":"max-image-preview:large","max-video-preview":"max-video-preview:-1"},"canonical":"https:\/\/xpand.one\/it\/impressum\/","og_locale":"de_DE","og_type":"article","og_title":"Impressum | xpand IT","og_description":"Impressum Verantwortlich f\u00fcr den Inhalt dieser Website:xpand Italia M\u00fchlgasse 539100 Bozen (BZ) \u2013 Italien Telefon: +39 (0)471 971230E-Mail: office-it@xpand.oneWeb: www.xpand.one\/it Haftungsausschluss Inhalte dieser WebsiteWir bem\u00fchen uns, die Informationen auf dieser Website stets aktuell und korrekt zu halten. Dennoch \u00fcbernehmen wir keine Gew\u00e4hr f\u00fcr die Richtigkeit, Vollst\u00e4ndigkeit oder Aktualit\u00e4t der Inhalte. Verlinkte Inhalte (externe Links)F\u00fcr Inhalte externer Websites, auf die wir&hellip;","og_url":"https:\/\/xpand.one\/it\/impressum\/","og_site_name":"xpand IT","article_modified_time":"2025-06-08T19:53:47+00:00","og_image":[{"url":"https:\/\/xpand.one\/it\/wp-content\/uploads\/xpand_news_01-1.jpg","type":"","width":"","height":""}],"twitter_card":"summary_large_image","twitter_misc":{"Gesch\u00e4tzte Lesezeit":"1\u00a0Minute"},"schema":{"@context":"https:\/\/schema.org","@graph":[{"@type":"WebPage","@id":"https:\/\/xpand.one\/it\/impressum\/","url":"https:\/\/xpand.one\/it\/impressum\/","name":"Impressum | xpand IT","isPartOf":{"@id":"https:\/\/xpand.one\/it\/#website"},"primaryImageOfPage":{"@id":"https:\/\/xpand.one\/it\/impressum\/#primaryimage"},"image":{"@id":"https:\/\/xpand.one\/it\/impressum\/#primaryimage"},"thumbnailUrl":"https:\/\/xpand.one\/it\/wp-content\/uploads\/xpand_news_01-1.jpg","datePublished":"2025-03-05T09:38:16+00:00","dateModified":"2025-06-08T19:53:47+00:00","breadcrumb":{"@id":"https:\/\/xpand.one\/it\/impressum\/#breadcrumb"},"inLanguage":"de","potentialAction":[{"@type":"ReadAction","target":["https:\/\/xpand.one\/it\/impressum\/"]}]},{"@type":"ImageObject","inLanguage":"de","@id":"https:\/\/xpand.one\/it\/impressum\/#primaryimage","url":"https:\/\/xpand.one\/it\/wp-content\/uploads\/xpand_news_01-1.jpg","contentUrl":"https:\/\/xpand.one\/it\/wp-content\/uploads\/xpand_news_01-1.jpg"},{"@type":"BreadcrumbList","@id":"https:\/\/xpand.one\/it\/impressum\/#breadcrumb","itemListElement":[{"@type":"ListItem","position":1,"name":"Home","item":"https:\/\/xpand.one\/it\/de\/start\/"},{"@type":"ListItem","position":2,"name":"Impressum"}]},{"@type":"WebSite","@id":"https:\/\/xpand.one\/it\/#website","url":"https:\/\/xpand.one\/it\/","name":"xpand IT","description":"Inspiration, Motivation, Vision","publisher":{"@id":"https:\/\/xpand.one\/it\/#organization"},"potentialAction":[{"@type":"SearchAction","target":{"@type":"EntryPoint","urlTemplate":"https:\/\/xpand.one\/it\/?s={search_term_string}"},"query-input":{"@type":"PropertyValueSpecification","valueRequired":true,"valueName":"search_term_string"}}],"inLanguage":"de"},{"@type":"Organization","@id":"https:\/\/xpand.one\/it\/#organization","name":"xpand IT","url":"https:\/\/xpand.one\/it\/","logo":{"@type":"ImageObject","inLanguage":"de","@id":"https:\/\/xpand.one\/it\/#\/schema\/logo\/image\/","url":"https:\/\/xpand.one\/it\/wp-content\/uploads\/2025\/06\/Organisation-Logo.jpg","contentUrl":"https:\/\/xpand.one\/it\/wp-content\/uploads\/2025\/06\/Organisation-Logo.jpg","width":696,"height":696,"caption":"xpand IT"},"image":{"@id":"https:\/\/xpand.one\/it\/#\/schema\/logo\/image\/"}}]}},"_links":{"self":[{"href":"https:\/\/xpand.one\/it\/de\/wp-json\/wp\/v2\/pages\/2249","targetHints":{"allow":["GET"]}}],"collection":[{"href":"https:\/\/xpand.one\/it\/de\/wp-json\/wp\/v2\/pages"}],"about":[{"href":"https:\/\/xpand.one\/it\/de\/wp-json\/wp\/v2\/types\/page"}],"author":[{"embeddable":true,"href":"https:\/\/xpand.one\/it\/de\/wp-json\/wp\/v2\/users\/1"}],"replies":[{"embeddable":true,"href":"https:\/\/xpand.one\/it\/de\/wp-json\/wp\/v2\/comments?post=2249"}],"version-history":[{"count":6,"href":"https:\/\/xpand.one\/it\/de\/wp-json\/wp\/v2\/pages\/2249\/revisions"}],"predecessor-version":[{"id":2418,"href":"https:\/\/xpand.one\/it\/de\/wp-json\/wp\/v2\/pages\/2249\/revisions\/2418"}],"wp:attachment":[{"href":"https:\/\/xpand.one\/it\/de\/wp-json\/wp\/v2\/media?parent=2249"}],"curies":[{"name":"wp","href":"https:\/\/api.w.org\/{rel}","templated":true}]}}