{"id":2631,"date":"2025-06-20T15:08:30","date_gmt":"2025-06-20T13:08:30","guid":{"rendered":"https:\/\/xpand.one\/it\/impressum-2\/"},"modified":"2025-06-23T09:37:40","modified_gmt":"2025-06-23T07:37:40","slug":"verein","status":"publish","type":"page","link":"https:\/\/xpand.one\/it\/de\/verein\/","title":{"rendered":"Verein"},"content":{"rendered":"<div id=\"cs-content\" class=\"cs-content\"><div class=\"x-section e2631-e1-v0 m213-0 m213-1\"><div class=\"x-grid e2631-e1-v1 m213-h m213-6 m213-7 x-effect-exit\" data-x-effect=\"{&quot;scroll&quot;:true,&quot;offsetTop&quot;:&quot;10%&quot;,&quot;offsetBottom&quot;:&quot;10%&quot;,&quot;behaviorScroll&quot;:&quot;fire-once&quot;}\"><div class=\"x-cell e2631-e1-v2 m213-i m213-j\"><span class=\"x-image e2631-e1-v3 m213-l m213-m m213-n m213-o m213-8\"><img decoding=\"async\" src=\"https:\/\/xpand.one\/it\/wp-content\/uploads\/2025\/06\/2017-Powercheck-Lizenzierung-scaled.jpg\" width=\"1280\" height=\"960\" alt=\"Image\" loading=\"lazy\"><\/span><\/div><div class=\"x-cell e2631-e1-v4 m213-j m213-k m213-7 m213-9 x-effect-exit\" data-x-effect=\"{&quot;scroll&quot;:true,&quot;offsetTop&quot;:&quot;10%&quot;,&quot;offsetBottom&quot;:&quot;10%&quot;,&quot;behaviorScroll&quot;:&quot;fire-once&quot;}\"><div class=\"x-text x-text-headline e2631-e1-v5 m213-s\"><div class=\"x-text-content\"><div class=\"x-text-content-text\"><h1 class=\"x-text-content-text-primary\">Verein<\/h1>\n<\/div><\/div><\/div><hr class=\"x-line e2631-e1-v6-v0 m213-t m213-a\" style=\"--tco-dc213-0:rgb(203,0,26);\"\/><\/div><\/div><\/div><div class=\"x-section e2631-e2-v0 m213-0 m213-2 m213-c\" style=\"--tco-dc213-6:transparent;\"><div class=\"x-div x-container max width e2631-e2-v1 m213-u m213-w m213-6 m213-7 x-effect-exit\" style=\"--tco-dc213-9:transparent;\" data-x-effect=\"{&quot;scroll&quot;:true,&quot;offsetTop&quot;:&quot;10%&quot;,&quot;offsetBottom&quot;:&quot;10%&quot;,&quot;behaviorScroll&quot;:&quot;fire-once&quot;}\"><div style=\"--tco-dc213-b:rgb(5, 12, 57);--tco-dc213-e:rgb(28, 28, 28);\" class=\"x-text x-content e2631-e4-v0 m213-y m213-z m213-d\"><p>Der <strong><span style=\"color: #000080;\">Verein xpand S\u00fcdtirol<\/span><\/strong> wird am 4.1.2012 gegr\u00fcndet.<\/p>\n<p>Die Gr\u00fcndungsmitglieder sind: Manfred und Dorotea Schweigkofler, Stefan Rechenmacher, Marlene Thanei, Alfred Mair, Ulrich Platzer, Helmut Roth. Zum ersten Pr\u00e4sidenten wird Manfred Schweigkofler gew\u00e4hlt, der das Amt bis heute aus\u00fcbt.<\/p>\n<p>In den ersten Jahren f\u00fchrt der Verein mehrere <strong>Powerchecks<\/strong> durch f\u00fcr Jugendliche und engagiert sich in der Potentialentfaltung f\u00fcr Jugendliche.<\/p>\n<p>_________________________<\/p>\n<p>Mit Dekret des Landeshauptmannes 19851 vom 19.10.2017 wird der Verein in das Verzeichnis der ehrenamtlich t\u00e4tigen Organisationen eingetragen.<\/p>\n<p>Mit Beschluss Nr. 17 vom 25.1.2021 wird der Verein in das Verzeichnis der Verein der Gemeinde Bozen eingetragen.<\/p>\n<p>_________________________<\/p>\n<p>In den Jahren 2014 bis 2023 wird insgesamt sieben Mal der <strong>Vinschger Wertetag<\/strong> durchgef\u00fchrt. Hierzu bekommt der Verein j\u00e4hrliche F\u00f6rderung von der Landesabteilung Deutsche Kultur jeweils bis maximal 2000 Euro.<\/p>\n<p>_________________________<\/p>\n<p>Die neuen Statuten werden bei der Vollversammlung am 22.2.2020 genehmigt.<\/p>\n<p>Am 7.11.2022 wird der Verein ins nationale Vereinsregister RUNTS (registro unico nazionale terzo settore) eingetragen mit der Nummer 70599<\/p>\n<p>2024 erh\u00e4lt der Verein mit Dekret des Abteilungsdirektors f\u00fcr deutsche Kultur 7696 vom 28.5.2024 insgesamt 68.748 Euro f\u00fcr die Durchf\u00fchrung des Projektes Ost West Club Est<\/p>\n<p>Am 22.4.2025 werden die Statuten bei der Agentur f\u00fcr Steuereinnahmen deponiert.<\/p>\n<p>Pr\u00e4sident des Vereins ist Manfred Schweigkofler, dessen Stellvertreter Stefan Rechenmacher.<\/p><\/div><\/div><\/div><div class=\"x-section e2631-e5 m213-0 m213-3 m213-4\"><div class=\"x-row x-container max width e2631-e6 m213-10 m213-11 m213-12\"><div class=\"x-row-inner\"><div class=\"x-col e2631-e7 m213-14\"><span class=\"x-image e2631-e8-v0 m213-l m213-o m213-p m213-e\"><img decoding=\"async\" src=\"https:\/\/xpand.one\/it\/wp-content\/uploads\/2025\/06\/WhatsApp-Image-2025-06-20-at-15.41.07.jpeg\" width=\"360\" height=\"153\" alt=\"Image\" loading=\"lazy\"><\/span><\/div><div class=\"x-col e2631-e9 m213-14\"><span class=\"x-image e2631-e10-v0 m213-l m213-o m213-q m213-f\"><img decoding=\"async\" src=\"https:\/\/xpand.one\/it\/wp-content\/uploads\/2025\/06\/WhatsApp-Image-2025-06-20-at-15.41.08.jpeg\" width=\"360\" height=\"153\" alt=\"Image\" loading=\"lazy\"><\/span><\/div><\/div><\/div><\/div><div class=\"x-section e2631-e11 m213-0 m213-3 m213-5\"><div class=\"x-row x-container max width e2631-e12 m213-10 m213-11 m213-13\"><div class=\"x-row-inner\"><div class=\"x-col e2631-e13 m213-14 m213-15\"><span class=\"x-image e2631-e14-v0 m213-l m213-o m213-r m213-g\"><img decoding=\"async\" src=\"https:\/\/xpand.one\/it\/wp-content\/uploads\/2025\/06\/LOGO-Amt-fuer-Jugendarbeit_Vektorgrafik1.jpg\" width=\"767\" height=\"206\" alt=\"Image\" loading=\"lazy\"><\/span><\/div><div class=\"x-col e2631-e15 m213-14\"><span class=\"x-image e2631-e16 m213-l m213-n\"><img decoding=\"async\" src=\"https:\/\/xpand.one\/it\/wp-content\/uploads\/2025\/06\/Logo_Ministerium.png\" width=\"220\" height=\"182\" alt=\"Image\" loading=\"lazy\"><\/span><\/div><\/div><\/div><\/div><\/div>","protected":false},"excerpt":{"rendered":"<p>Verein Der Verein xpand S\u00fcdtirol wird am 4.1.2012 gegr\u00fcndet. Die Gr\u00fcndungsmitglieder sind: Manfred und Dorotea Schweigkofler, Stefan Rechenmacher, Marlene Thanei, Alfred Mair, Ulrich Platzer, Helmut Roth. Zum ersten Pr\u00e4sidenten wird Manfred Schweigkofler gew\u00e4hlt, der das Amt bis heute aus\u00fcbt. In den ersten Jahren f\u00fchrt der Verein mehrere Powerchecks durch f\u00fcr Jugendliche und engagiert sich in der Potentialentfaltung f\u00fcr Jugendliche. _________________________&hellip;<\/p>\n","protected":false},"author":3,"featured_media":0,"parent":0,"menu_order":0,"comment_status":"closed","ping_status":"closed","template":"template-blank-4.php","meta":{"_acf_changed":false,"inline_featured_image":false,"footnotes":""},"class_list":["post-2631","page","type-page","status-publish","hentry","no-post-thumbnail"],"acf":[],"yoast_head":"<!-- This site is optimized with the Yoast SEO plugin v25.5 - https:\/\/yoast.com\/wordpress\/plugins\/seo\/ -->\n<title>Verein | xpand IT<\/title>\n<meta name=\"robots\" content=\"index, follow, max-snippet:-1, max-image-preview:large, max-video-preview:-1\" \/>\n<link rel=\"canonical\" href=\"https:\/\/xpand.one\/it\/verein\/\" \/>\n<meta property=\"og:locale\" content=\"de_DE\" \/>\n<meta property=\"og:type\" content=\"article\" \/>\n<meta property=\"og:title\" content=\"Verein | xpand IT\" \/>\n<meta property=\"og:description\" content=\"Verein Der Verein xpand S\u00fcdtirol wird am 4.1.2012 gegr\u00fcndet. Die Gr\u00fcndungsmitglieder sind: Manfred und Dorotea Schweigkofler, Stefan Rechenmacher, Marlene Thanei, Alfred Mair, Ulrich Platzer, Helmut Roth. Zum ersten Pr\u00e4sidenten wird Manfred Schweigkofler gew\u00e4hlt, der das Amt bis heute aus\u00fcbt. In den ersten Jahren f\u00fchrt der Verein mehrere Powerchecks durch f\u00fcr Jugendliche und engagiert sich in der Potentialentfaltung f\u00fcr Jugendliche. _________________________&hellip;\" \/>\n<meta property=\"og:url\" content=\"https:\/\/xpand.one\/it\/verein\/\" \/>\n<meta property=\"og:site_name\" content=\"xpand IT\" \/>\n<meta property=\"article:modified_time\" content=\"2025-06-23T07:37:40+00:00\" \/>\n<meta property=\"og:image\" content=\"https:\/\/xpand.one\/it\/wp-content\/uploads\/2025\/06\/persone-che-partecipano-un-movimento-di-viaggi-sostenibili-scaled.jpg\" \/>\n<meta name=\"twitter:card\" content=\"summary_large_image\" \/>\n<meta name=\"twitter:label1\" content=\"Gesch\u00e4tzte Lesezeit\" \/>\n\t<meta name=\"twitter:data1\" content=\"1\u00a0Minute\" \/>\n<script type=\"application\/ld+json\" class=\"yoast-schema-graph\">{\"@context\":\"https:\/\/schema.org\",\"@graph\":[{\"@type\":\"WebPage\",\"@id\":\"https:\/\/xpand.one\/it\/verein\/\",\"url\":\"https:\/\/xpand.one\/it\/verein\/\",\"name\":\"Verein | xpand IT\",\"isPartOf\":{\"@id\":\"https:\/\/xpand.one\/it\/#website\"},\"primaryImageOfPage\":{\"@id\":\"https:\/\/xpand.one\/it\/verein\/#primaryimage\"},\"image\":{\"@id\":\"https:\/\/xpand.one\/it\/verein\/#primaryimage\"},\"thumbnailUrl\":\"https:\/\/xpand.one\/it\/wp-content\/uploads\/2025\/06\/persone-che-partecipano-un-movimento-di-viaggi-sostenibili-scaled.jpg\",\"datePublished\":\"2025-06-20T13:08:30+00:00\",\"dateModified\":\"2025-06-23T07:37:40+00:00\",\"breadcrumb\":{\"@id\":\"https:\/\/xpand.one\/it\/verein\/#breadcrumb\"},\"inLanguage\":\"de\",\"potentialAction\":[{\"@type\":\"ReadAction\",\"target\":[\"https:\/\/xpand.one\/it\/verein\/\"]}]},{\"@type\":\"ImageObject\",\"inLanguage\":\"de\",\"@id\":\"https:\/\/xpand.one\/it\/verein\/#primaryimage\",\"url\":\"https:\/\/xpand.one\/it\/wp-content\/uploads\/2025\/06\/persone-che-partecipano-un-movimento-di-viaggi-sostenibili-scaled.jpg\",\"contentUrl\":\"https:\/\/xpand.one\/it\/wp-content\/uploads\/2025\/06\/persone-che-partecipano-un-movimento-di-viaggi-sostenibili-scaled.jpg\"},{\"@type\":\"BreadcrumbList\",\"@id\":\"https:\/\/xpand.one\/it\/verein\/#breadcrumb\",\"itemListElement\":[{\"@type\":\"ListItem\",\"position\":1,\"name\":\"Home\",\"item\":\"https:\/\/xpand.one\/it\/de\/start\/\"},{\"@type\":\"ListItem\",\"position\":2,\"name\":\"Verein\"}]},{\"@type\":\"WebSite\",\"@id\":\"https:\/\/xpand.one\/it\/#website\",\"url\":\"https:\/\/xpand.one\/it\/\",\"name\":\"xpand IT\",\"description\":\"Inspiration, Motivation, Vision\",\"publisher\":{\"@id\":\"https:\/\/xpand.one\/it\/#organization\"},\"potentialAction\":[{\"@type\":\"SearchAction\",\"target\":{\"@type\":\"EntryPoint\",\"urlTemplate\":\"https:\/\/xpand.one\/it\/?s={search_term_string}\"},\"query-input\":{\"@type\":\"PropertyValueSpecification\",\"valueRequired\":true,\"valueName\":\"search_term_string\"}}],\"inLanguage\":\"de\"},{\"@type\":\"Organization\",\"@id\":\"https:\/\/xpand.one\/it\/#organization\",\"name\":\"xpand IT\",\"url\":\"https:\/\/xpand.one\/it\/\",\"logo\":{\"@type\":\"ImageObject\",\"inLanguage\":\"de\",\"@id\":\"https:\/\/xpand.one\/it\/#\/schema\/logo\/image\/\",\"url\":\"https:\/\/xpand.one\/it\/wp-content\/uploads\/2025\/06\/Organisation-Logo.jpg\",\"contentUrl\":\"https:\/\/xpand.one\/it\/wp-content\/uploads\/2025\/06\/Organisation-Logo.jpg\",\"width\":696,\"height\":696,\"caption\":\"xpand IT\"},\"image\":{\"@id\":\"https:\/\/xpand.one\/it\/#\/schema\/logo\/image\/\"}}]}<\/script>\n<!-- \/ Yoast SEO plugin. -->","yoast_head_json":{"title":"Verein | xpand IT","robots":{"index":"index","follow":"follow","max-snippet":"max-snippet:-1","max-image-preview":"max-image-preview:large","max-video-preview":"max-video-preview:-1"},"canonical":"https:\/\/xpand.one\/it\/verein\/","og_locale":"de_DE","og_type":"article","og_title":"Verein | xpand IT","og_description":"Verein Der Verein xpand S\u00fcdtirol wird am 4.1.2012 gegr\u00fcndet. Die Gr\u00fcndungsmitglieder sind: Manfred und Dorotea Schweigkofler, Stefan Rechenmacher, Marlene Thanei, Alfred Mair, Ulrich Platzer, Helmut Roth. Zum ersten Pr\u00e4sidenten wird Manfred Schweigkofler gew\u00e4hlt, der das Amt bis heute aus\u00fcbt. In den ersten Jahren f\u00fchrt der Verein mehrere Powerchecks durch f\u00fcr Jugendliche und engagiert sich in der Potentialentfaltung f\u00fcr Jugendliche. _________________________&hellip;","og_url":"https:\/\/xpand.one\/it\/verein\/","og_site_name":"xpand IT","article_modified_time":"2025-06-23T07:37:40+00:00","og_image":[{"url":"https:\/\/xpand.one\/it\/wp-content\/uploads\/2025\/06\/persone-che-partecipano-un-movimento-di-viaggi-sostenibili-scaled.jpg","type":"","width":"","height":""}],"twitter_card":"summary_large_image","twitter_misc":{"Gesch\u00e4tzte Lesezeit":"1\u00a0Minute"},"schema":{"@context":"https:\/\/schema.org","@graph":[{"@type":"WebPage","@id":"https:\/\/xpand.one\/it\/verein\/","url":"https:\/\/xpand.one\/it\/verein\/","name":"Verein | xpand IT","isPartOf":{"@id":"https:\/\/xpand.one\/it\/#website"},"primaryImageOfPage":{"@id":"https:\/\/xpand.one\/it\/verein\/#primaryimage"},"image":{"@id":"https:\/\/xpand.one\/it\/verein\/#primaryimage"},"thumbnailUrl":"https:\/\/xpand.one\/it\/wp-content\/uploads\/2025\/06\/persone-che-partecipano-un-movimento-di-viaggi-sostenibili-scaled.jpg","datePublished":"2025-06-20T13:08:30+00:00","dateModified":"2025-06-23T07:37:40+00:00","breadcrumb":{"@id":"https:\/\/xpand.one\/it\/verein\/#breadcrumb"},"inLanguage":"de","potentialAction":[{"@type":"ReadAction","target":["https:\/\/xpand.one\/it\/verein\/"]}]},{"@type":"ImageObject","inLanguage":"de","@id":"https:\/\/xpand.one\/it\/verein\/#primaryimage","url":"https:\/\/xpand.one\/it\/wp-content\/uploads\/2025\/06\/persone-che-partecipano-un-movimento-di-viaggi-sostenibili-scaled.jpg","contentUrl":"https:\/\/xpand.one\/it\/wp-content\/uploads\/2025\/06\/persone-che-partecipano-un-movimento-di-viaggi-sostenibili-scaled.jpg"},{"@type":"BreadcrumbList","@id":"https:\/\/xpand.one\/it\/verein\/#breadcrumb","itemListElement":[{"@type":"ListItem","position":1,"name":"Home","item":"https:\/\/xpand.one\/it\/de\/start\/"},{"@type":"ListItem","position":2,"name":"Verein"}]},{"@type":"WebSite","@id":"https:\/\/xpand.one\/it\/#website","url":"https:\/\/xpand.one\/it\/","name":"xpand IT","description":"Inspiration, Motivation, Vision","publisher":{"@id":"https:\/\/xpand.one\/it\/#organization"},"potentialAction":[{"@type":"SearchAction","target":{"@type":"EntryPoint","urlTemplate":"https:\/\/xpand.one\/it\/?s={search_term_string}"},"query-input":{"@type":"PropertyValueSpecification","valueRequired":true,"valueName":"search_term_string"}}],"inLanguage":"de"},{"@type":"Organization","@id":"https:\/\/xpand.one\/it\/#organization","name":"xpand IT","url":"https:\/\/xpand.one\/it\/","logo":{"@type":"ImageObject","inLanguage":"de","@id":"https:\/\/xpand.one\/it\/#\/schema\/logo\/image\/","url":"https:\/\/xpand.one\/it\/wp-content\/uploads\/2025\/06\/Organisation-Logo.jpg","contentUrl":"https:\/\/xpand.one\/it\/wp-content\/uploads\/2025\/06\/Organisation-Logo.jpg","width":696,"height":696,"caption":"xpand IT"},"image":{"@id":"https:\/\/xpand.one\/it\/#\/schema\/logo\/image\/"}}]}},"_links":{"self":[{"href":"https:\/\/xpand.one\/it\/de\/wp-json\/wp\/v2\/pages\/2631","targetHints":{"allow":["GET"]}}],"collection":[{"href":"https:\/\/xpand.one\/it\/de\/wp-json\/wp\/v2\/pages"}],"about":[{"href":"https:\/\/xpand.one\/it\/de\/wp-json\/wp\/v2\/types\/page"}],"author":[{"embeddable":true,"href":"https:\/\/xpand.one\/it\/de\/wp-json\/wp\/v2\/users\/3"}],"replies":[{"embeddable":true,"href":"https:\/\/xpand.one\/it\/de\/wp-json\/wp\/v2\/comments?post=2631"}],"version-history":[{"count":20,"href":"https:\/\/xpand.one\/it\/de\/wp-json\/wp\/v2\/pages\/2631\/revisions"}],"predecessor-version":[{"id":2725,"href":"https:\/\/xpand.one\/it\/de\/wp-json\/wp\/v2\/pages\/2631\/revisions\/2725"}],"wp:attachment":[{"href":"https:\/\/xpand.one\/it\/de\/wp-json\/wp\/v2\/media?parent=2631"}],"curies":[{"name":"wp","href":"https:\/\/api.w.org\/{rel}","templated":true}]}}