{"id":645,"date":"2025-01-08T10:14:53","date_gmt":"2025-01-08T09:14:53","guid":{"rendered":"https:\/\/xpand.one\/sw\/?page_id=645"},"modified":"2025-02-13T13:18:15","modified_gmt":"2025-02-13T12:18:15","slug":"utveckling-av-team","status":"publish","type":"page","link":"https:\/\/xpand.one\/sw\/utveckling-av-team\/","title":{"rendered":"Utveckling av Team"},"content":{"rendered":"<div id=\"cs-content\" class=\"cs-content\"><div class=\"x-section e645-e1-v0 mhx-0 mhx-1\"><div class=\"x-grid e645-e1-v1 mhx-x mhx-y mhx-6 mhx-7 x-effect-exit\" data-x-effect=\"{&quot;scroll&quot;:true,&quot;offsetTop&quot;:&quot;10%&quot;,&quot;offsetBottom&quot;:&quot;10%&quot;,&quot;behaviorScroll&quot;:&quot;fire-once&quot;}\"><div class=\"x-cell e645-e1-v2 mhx-10 mhx-11 mhx-12 mhx-13 mhx-14 mhx-15 mhx-16\"><span class=\"x-image e645-e1-v3 mhx-1g mhx-1h mhx-8\"><img decoding=\"async\" src=\"https:\/\/xpand.one\/sw\/wp-content\/uploads\/xpand-pic-42-1.jpg\" width=\"1000\" height=\"666\" alt=\"Image\" loading=\"lazy\"><\/span><\/div><div class=\"x-cell e645-e1-v4 mhx-12 mhx-13 mhx-14 mhx-15 mhx-17 mhx-18 mhx-19 mhx-1a mhx-7 mhx-9 x-effect-exit\" data-x-effect=\"{&quot;scroll&quot;:true,&quot;offsetTop&quot;:&quot;10%&quot;,&quot;offsetBottom&quot;:&quot;10%&quot;,&quot;behaviorScroll&quot;:&quot;fire-once&quot;}\"><div class=\"x-text x-text-headline e645-e1-v5 mhx-1m mhx-1n mhx-1o\"><div class=\"x-text-content\"><div class=\"x-text-content-text\"><h1 class=\"x-text-content-text-primary\">Utveckling av Team<\/h1>\n<\/div><\/div><\/div><hr class=\"x-line e645-e1-v6-v0 mhx-1x mhx-c\" style=\"--tco-dchx-0:rgb(203,0,26);\"\/><div class=\"x-div e645-e1-v7 mhx-1y mhx-1z mhx-20 mhx-21 mhx-22\"><div style=\"--tco-dchx-1:rgb(28, 28, 28);--tco-dchx-4:rgb(28, 28, 28);\" class=\"x-text x-content e645-e1-v8-v0 mhx-27 mhx-28 mhx-29 mhx-d\">Ett v\u00e4lfungerande team k\u00e4nnetecknas av att man har gemensamma m\u00e5l och spelregler f\u00f6r sitt arbete, att man kompletterar och v\u00e4rdes\u00e4tter inb\u00f6rdes olikheter, att man respekterar och litar p\u00e5 varandra. I framg\u00e5ngsrika team har man ocks\u00e5 utvecklat en uppmuntrande kultur d\u00e4r man k\u00e4nner sig trygg och ger varandra konstruktiv feedback. Vi hj\u00e4lper er att f\u00e5 ut mesta m\u00f6jliga av ert teamarbete.<\/div><\/div><\/div><\/div><\/div><div class=\"x-section e645-e2-v0 mhx-0 mhx-2 mhx-e\" style=\"--tco-dchx-6:transparent;\" id=\"ledningsgruppsutveckling\"><div class=\"x-row x-container max width e645-e2-v1 mhx-2f mhx-2g mhx-2h mhx-2m mhx-2n mhx-6 mhx-7 x-effect-exit\" data-x-effect=\"{&quot;scroll&quot;:true,&quot;offsetTop&quot;:&quot;10%&quot;,&quot;offsetBottom&quot;:&quot;10%&quot;,&quot;behaviorScroll&quot;:&quot;fire-once&quot;}\"><div class=\"x-row-inner\"><div class=\"x-col e645-e2-v2 mhx-2s mhx-2t mhx-2u mhx-2v\" style=\"--tco-dchx-9:transparent;\"><span class=\"x-image e645-e4-v0 mhx-1g mhx-1i mhx-f\"><img decoding=\"async\" src=\"https:\/\/xpand.one\/sw\/wp-content\/uploads\/xpand-pic-28.jpg\" width=\"1000\" height=\"667\" alt=\"Image\" loading=\"lazy\"><\/span><\/div><div class=\"x-col e645-e2-v3 mhx-2s mhx-2t mhx-2w\" style=\"--tco-dchx-c:transparent;\"><div style=\"--tco-dchx-e:rgb(203,0,26);--tco-dchx-h:rgb(203,0,26);--tco-dchx-i:rgb(203,0,26);--tco-dchx-l:rgb(203,0,26);\" class=\"x-text x-text-headline e645-e6-v0 mhx-1n mhx-1p mhx-1q mhx-1r mhx-g is-type-headline\"><div class=\"x-text-content\"><div class=\"x-text-content-text\"><h2 class=\"x-text-content-text-primary\"><strong>Ledningsgrupps<\/strong>utveckling<\/h2>\n<\/div><\/div><\/div><div style=\"--tco-dchx-m:rgb(28, 28, 28);--tco-dchx-p:rgb(28, 28, 28);\" class=\"x-text x-content e645-e7-v0 mhx-28 mhx-29 mhx-2a mhx-h\">En effektiv ledningsgrupp har en avg\u00f6rande p\u00e5verkan p\u00e5 en organisations resultat och kultur. En v\u00e4lfungerande ledningsgrupp \u00e4r ett tryggt team som fokuserar p\u00e5 strategiska fr\u00e5gor, d\u00e4r varje medlem har ett helhetsperspektiv, f\u00f6r att ge medarbetarna de b\u00e4sta f\u00f6ruts\u00e4ttningarna att kunna prestera och m\u00e5 bra. Genom att investera i ledningsgruppsutveckling fr\u00e4mjar ni hela organisationens tillv\u00e4xt och framg\u00e5ng.<\/div><\/div><\/div><\/div><\/div><div class=\"x-section e645-e8-v0 mhx-0 mhx-3 mhx-i\" style=\"--tco-dchx-r:#e1e1ee;\" id=\"effektiva-valfungerande-team\"><div class=\"x-row x-container max width e645-e8-v1 mhx-2f mhx-2g mhx-2i mhx-2m mhx-2o mhx-6 mhx-7 x-effect-exit\" data-x-effect=\"{&quot;scroll&quot;:true,&quot;offsetTop&quot;:&quot;10%&quot;,&quot;offsetBottom&quot;:&quot;10%&quot;,&quot;behaviorScroll&quot;:&quot;fire-once&quot;}\"><div class=\"x-row-inner\"><div class=\"x-col e645-e8-v2 mhx-2s mhx-2t mhx-2v mhx-2x\" style=\"--tco-dchx-u:transparent;\"><span class=\"x-image e645-e10-v0 mhx-1g mhx-1j mhx-j\"><img decoding=\"async\" src=\"https:\/\/xpand.one\/sw\/wp-content\/uploads\/xpand-pic-15-scaled-1-scaled.jpg\" width=\"1280\" height=\"853\" alt=\"Image\" loading=\"lazy\"><\/span><\/div><div class=\"x-col e645-e8-v3 mhx-2s mhx-2t mhx-2y\" style=\"--tco-dchx-x:transparent;\"><div style=\"--tco-dchx-z:rgb(203,0,26);--tco-dchx-12:rgb(203,0,26);--tco-dchx-13:rgb(203,0,26);--tco-dchx-16:rgb(203,0,26);\" class=\"x-text x-text-headline e645-e12-v0 mhx-1n mhx-1q mhx-1r mhx-1s mhx-k is-type-headline\"><div class=\"x-text-content\"><div class=\"x-text-content-text\"><h2 class=\"x-text-content-text-primary\">Effektiva, v\u00e4lfungerande <b>team<\/b><\/h2>\n<\/div><\/div><\/div><div style=\"--tco-dchx-17:rgb(28, 28, 28);--tco-dchx-1a:rgb(28, 28, 28);\" class=\"x-text x-content e645-e13-v0 mhx-28 mhx-29 mhx-2b mhx-l\"><p>F\u00f6r att en arbetsgrupp ska bli effektiv och v\u00e4lfungerande finns det fyra omr\u00e5den som man beh\u00f6ver arbeta igenom och f\u00e5 en samsyn kring: <br \/>\n<strong>Resultat:<\/strong> Man har en gemensam f\u00f6rst\u00e5else f\u00f6r vad uppdraget inneb\u00e4r, vem man \u00e4r till f\u00f6r, vad man har f\u00f6r m\u00e5ls\u00e4ttning och ambitionsniv\u00e5. <br \/>\n<strong>Rutiner:<\/strong> Man \u00e4r r\u00e4tt organiserade och det finns en gemensam f\u00f6rst\u00e5else f\u00f6r hur man tillsammans ska utf\u00f6ra uppdraget.\u00a0<br \/>\n<strong>Roller:<\/strong> Det finns en tydlighet i roll- och ansvarsf\u00f6rdelning, d\u00e4r alla vet vad som f\u00f6rv\u00e4ntas, har accepterat sin roll och tar sitt ansvar. <br \/>\n<strong>Relationer:<\/strong> Samarbetet pr\u00e4glas av f\u00f6rtroende och tillit. Samtalsklimatet \u00e4r tryggt och \u00f6ppet. Var och en uppskattas f\u00f6r det man bidrar med i gruppen.<\/p>\n<p>Vi skr\u00e4ddarsyr ett uppl\u00e4gg som passar f\u00f6r just era behov.<\/p><\/div><\/div><\/div><\/div><\/div><div class=\"x-section e645-e14-v0 mhx-0 mhx-4 mhx-m\" style=\"--tco-dchx-1c:transparent;\" id=\"konflikthantering\"><div class=\"x-row x-container max width e645-e14-v1 mhx-2f mhx-2g mhx-2j mhx-2m mhx-2p mhx-6 mhx-7 x-effect-exit\" data-x-effect=\"{&quot;scroll&quot;:true,&quot;offsetTop&quot;:&quot;10%&quot;,&quot;offsetBottom&quot;:&quot;10%&quot;,&quot;behaviorScroll&quot;:&quot;fire-once&quot;}\"><div class=\"x-row-inner\"><div class=\"x-col e645-e14-v2 mhx-2s mhx-2t mhx-2v mhx-2z\" style=\"--tco-dchx-1f:transparent;\"><span class=\"x-image e645-e16-v0 mhx-1g mhx-1k mhx-n\"><img decoding=\"async\" src=\"https:\/\/xpand.one\/sw\/wp-content\/uploads\/xpand-pic-31.jpg\" width=\"1000\" height=\"666\" alt=\"Image\" loading=\"lazy\"><\/span><\/div><div class=\"x-col e645-e14-v3 mhx-2s mhx-2t mhx-30\" style=\"--tco-dchx-1i:transparent;\"><div style=\"--tco-dchx-1k:rgb(203,0,26);--tco-dchx-1n:rgb(203,0,26);--tco-dchx-1o:rgb(203,0,26);--tco-dchx-1r:rgb(203,0,26);\" class=\"x-text x-text-headline e645-e18-v0 mhx-1n mhx-1q mhx-1r mhx-1t mhx-o is-type-headline\"><div class=\"x-text-content\"><div class=\"x-text-content-text\"><h2 class=\"x-text-content-text-primary\"><strong>Konflikt<\/strong>hantering<\/h2>\n<\/div><\/div><\/div><div style=\"--tco-dchx-1s:rgb(28, 28, 28);--tco-dchx-1v:rgb(28, 28, 28);\" class=\"x-text x-content e645-e19-v0 mhx-28 mhx-29 mhx-2c mhx-p\"><p>En konflikt uppst\u00e5r n\u00e4r en eller flera parter har \u00f6nskem\u00e5l de inte \u00e4r villiga att sl\u00e4ppa och upplever att n\u00e5gon annan blockerar dem fr\u00e5n att tillgodose dessa \u00f6nskem\u00e5l. R\u00e4tt hanterat kan mots\u00e4ttningar p\u00e5 arbetsplatsen leda till utveckling. Destruktiva konflikter orsakar d\u00e5lig st\u00e4mning och leder till s\u00e4mre arbetsprestation. M\u00e5nga konflikter g\u00e5r att undvika genom att arbeta f\u00f6rebyggande med relationer och formulera tydliga roller, f\u00f6rv\u00e4ntningar och m\u00e5l.<\/p>\n<p>Vi vill hj\u00e4lpa er att f\u00f6rebygga destruktiva konflikter och att hantera dessa n\u00e4r de uppst\u00e5r.<\/p><\/div><\/div><\/div><\/div><\/div><div class=\"x-section e645-e20-v0 mhx-0 mhx-5 mhx-q\" style=\"--tco-dchx-1x:#e1e1ee;\" id=\"persolog-personprofil\"><div class=\"x-row x-container max width e645-e20-v1 mhx-2f mhx-2g mhx-2k mhx-2m mhx-2q mhx-6 mhx-7 x-effect-exit\" data-x-effect=\"{&quot;scroll&quot;:true,&quot;offsetTop&quot;:&quot;10%&quot;,&quot;offsetBottom&quot;:&quot;10%&quot;,&quot;behaviorScroll&quot;:&quot;fire-once&quot;}\"><div class=\"x-row-inner\"><div class=\"x-col e645-e20-v2 mhx-2s mhx-2t mhx-2v mhx-31\" style=\"--tco-dchx-20:transparent;\"><span class=\"x-image e645-e22-v0 mhx-1g mhx-1l mhx-r\"><img decoding=\"async\" src=\"https:\/\/xpand.one\/sw\/wp-content\/uploads\/xpand-pic-43.jpg\" width=\"1000\" height=\"666\" alt=\"Image\" loading=\"lazy\"><\/span><\/div><div class=\"x-col e645-e20-v3 mhx-2s mhx-2t mhx-32\" style=\"--tco-dchx-23:transparent;\"><div style=\"--tco-dchx-25:rgb(203,0,26);--tco-dchx-28:rgb(203,0,26);--tco-dchx-29:rgb(203,0,26);--tco-dchx-2c:rgb(203,0,26);\" class=\"x-text x-text-headline e645-e24-v0 mhx-1n mhx-1q mhx-1r mhx-1u mhx-s is-type-headline\"><div class=\"x-text-content\"><div class=\"x-text-content-text\"><h2 class=\"x-text-content-text-primary\"><strong>Persolog <\/strong>Personprofil<\/h2>\n<\/div><\/div><\/div><div style=\"--tco-dchx-2d:rgb(28, 28, 28);--tco-dchx-2g:rgb(28, 28, 28);\" class=\"x-text x-content e645-e25-v0 mhx-28 mhx-29 mhx-2d mhx-t\"><span>Persolog Personprofil \u00e4r ett internationellt erk\u00e4nt och v\u00e4l bepr\u00f6vat verktyg, utvecklat av professor John Geier, f\u00f6r att arbeta med beteenden p\u00e5 individ- eller gruppniv\u00e5. Det \u00e4r inte ett personlighetstest, utan m\u00e4ter en persons beteendestil i en specifik kontext. Genom att l\u00e4ra k\u00e4nna sig sj\u00e4lv och f\u00f6rst\u00e5 varf\u00f6r man beter sig p\u00e5 ett visst s\u00e4tt, kan man \u00f6ka sin egen effektivitet och anpassa sig till olika situationer och ocks\u00e5 f\u00e5 en st\u00f6rre f\u00f6rst\u00e5else f\u00f6r att andra beter sig annorlunda.\u00a0<\/span><\/div><\/div><\/div><\/div><\/div><div class=\"x-grid e645-e26-v0 mhx-y mhx-z\" style=\"--tco-dchx-2i:#e1e1ee;\"><div class=\"x-cell e645-e26-v1 mhx-10 mhx-12 mhx-14 mhx-16 mhx-19 mhx-1b mhx-1c mhx-6 mhx-7 x-effect-exit\" style=\"--tco-dchx-2k:url(https:\/\/xpand.one\/sw\/wp-content\/uploads\/phone-869669_1920-rotated.jpg);\" data-x-effect=\"{&quot;scroll&quot;:true,&quot;offsetTop&quot;:&quot;10%&quot;,&quot;offsetBottom&quot;:&quot;10%&quot;,&quot;behaviorScroll&quot;:&quot;fire-once&quot;,&quot;animationEnter&quot;:&quot;slideInLeft&quot;,&quot;animationExit&quot;:&quot;slideOutLeft&quot;}\"><div class=\"x-bg\" aria-hidden=\"true\"><div class=\"x-bg-layer-lower-image\"><\/div><\/div><\/div><div class=\"x-cell e645-e26-v2 mhx-14 mhx-16 mhx-17 mhx-1c mhx-1d mhx-1e mhx-7 mhx-9 x-effect-exit\" style=\"--tco-dchx-2m:rgba(255, 255, 255, 0.95);--tco-dchx-2p:rgba(255, 255, 255, 0.95);\" data-x-effect=\"{&quot;scroll&quot;:true,&quot;offsetTop&quot;:&quot;10%&quot;,&quot;offsetBottom&quot;:&quot;10%&quot;,&quot;behaviorScroll&quot;:&quot;fire-once&quot;,&quot;animationEnter&quot;:&quot;slideInRight&quot;,&quot;animationExit&quot;:&quot;slideOutRight&quot;}\"><\/div><div class=\"x-cell e645-e26-v3 mhx-14 mhx-15 mhx-17 mhx-1a mhx-1d mhx-1f mhx-7 mhx-a x-effect-exit\" data-x-effect=\"{&quot;scroll&quot;:true,&quot;offsetTop&quot;:&quot;10%&quot;,&quot;offsetBottom&quot;:&quot;10%&quot;,&quot;behaviorScroll&quot;:&quot;fire-once&quot;}\"><div style=\"--tco-dchx-2r:rgb(203,0,26);--tco-dchx-2u:rgb(203,0,26);--tco-dchx-2v:rgb(203,0,26);--tco-dchx-2y:rgb(203,0,26);\" class=\"x-text x-text-headline e645-e28-v0 mhx-1n mhx-1q mhx-1r mhx-1v mhx-u is-type-headline\"><div class=\"x-text-content\"><div class=\"x-text-content-text\"><h2 class=\"x-text-content-text-primary\">Vi ser fram emot <strong>att h\u00f6ra fr\u00e5n dig<\/strong><\/h2>\n<\/div><\/div><\/div><ul class=\"x-row e645-e29-v0 mhx-2f mhx-2l mhx-2r mhx-v\"><div class=\"x-row-inner\"><li class=\"x-col e645-e29-v1 mhx-2t mhx-33\"><figure class=\"x-div e645-e29-v2 mhx-1y mhx-1z mhx-21 mhx-22 mhx-23\"><span class=\"x-icon e645-e29-v3 mhx-34 mhx-35\" aria-hidden=\"true\" style=\"--tco-dchx-30:rgb(14,23,86);\"><svg xmlns=\"http:\/\/www.w3.org\/2000\/svg\" viewBox=\"0 0 448 512\"><!--! Font Awesome Pro 6.7.2 by @fontawesome - https:\/\/fontawesome.com License - https:\/\/fontawesome.com\/license (Commercial License) Copyright 2024 Fonticons, Inc. --><path d=\"M438.6 278.6c12.5-12.5 12.5-32.8 0-45.3l-160-160c-12.5-12.5-32.8-12.5-45.3 0s-12.5 32.8 0 45.3L338.8 224 32 224c-17.7 0-32 14.3-32 32s14.3 32 32 32l306.7 0L233.4 393.4c-12.5 12.5-12.5 32.8 0 45.3s32.8 12.5 45.3 0l160-160z\"\/><\/svg><\/span><\/figure><div class=\"x-div e645-e29-v4 mhx-1z mhx-20 mhx-21 mhx-22 mhx-24\"><div style=\"--tco-dchx-31:rgb(14,23,86);\" class=\"x-text x-content e645-e29-v5 mhx-28 mhx-2e\"><span style=\"color: #000080;\"><a href=\"https:\/\/xpand.one\/sw\/vara-konsulter\/\" style=\"color: #000080;\">Kontakta n\u00e5gon av v\u00e5ra konsulter<\/a><\/span><\/div><\/div><\/li><li class=\"x-col e645-e29-v1 mhx-2t mhx-33\"><figure class=\"x-div e645-e29-v2 mhx-1y mhx-1z mhx-21 mhx-22 mhx-23\"><span class=\"x-icon e645-e29-v3 mhx-34 mhx-35\" aria-hidden=\"true\" style=\"--tco-dchx-30:rgb(14,23,86);\"><svg xmlns=\"http:\/\/www.w3.org\/2000\/svg\" viewBox=\"0 0 448 512\"><!--! Font Awesome Pro 6.7.2 by @fontawesome - https:\/\/fontawesome.com License - https:\/\/fontawesome.com\/license (Commercial License) Copyright 2024 Fonticons, Inc. --><path d=\"M438.6 278.6c12.5-12.5 12.5-32.8 0-45.3l-160-160c-12.5-12.5-32.8-12.5-45.3 0s-12.5 32.8 0 45.3L338.8 224 32 224c-17.7 0-32 14.3-32 32s14.3 32 32 32l306.7 0L233.4 393.4c-12.5 12.5-12.5 32.8 0 45.3s32.8 12.5 45.3 0l160-160z\"\/><\/svg><\/span><\/figure><div class=\"x-div e645-e29-v4 mhx-1z mhx-20 mhx-21 mhx-22 mhx-24\"><div style=\"--tco-dchx-31:rgb(14,23,86);\" class=\"x-text x-content e645-e29-v5 mhx-28 mhx-2e\"><span style=\"color: #000080;\"><a href=\"https:\/\/xpand.one\/sw\/kontakt-oss\/\" style=\"color: #000080;\">Anv\u00e4nd v\u00e5rt kontaktformul\u00e4r<\/a><\/span><\/div><\/div><\/li><\/div><\/ul><a class=\"x-div e645-e30-v0 mhx-1y mhx-1z mhx-22 mhx-25 mhx-w\" href=\"\/sw\/kontakt\" data-x-effect-provider=\"colors particles effects\"><div class=\"x-div has-particle e645-e30-v1 mhx-1y mhx-1z mhx-20 mhx-21 mhx-26 mhx-b\" style=\"--tco-dchx-38:rgb(203,0,26);--tco-dchx-3b:rgb(14,23,86);--tco-dchx-3d:rgb(14,23,86);\"><span class=\"x-particle is-primary\" data-x-particle=\"scale-x inside-b_c\" aria-hidden=\"true\"><span style=\"\"><\/span><\/span><\/div><span class=\"x-icon e645-e30-v2 mhx-35 mhx-36\" aria-hidden=\"true\" style=\"--tco-dchx-3f:#eeaa90;--tco-dchx-3g:#9392ba;\"><svg xmlns=\"http:\/\/www.w3.org\/2000\/svg\" viewBox=\"0 0 512 512\"><!--! Font Awesome Pro 6.7.2 by @fontawesome - https:\/\/fontawesome.com License - https:\/\/fontawesome.com\/license (Commercial License) Copyright 2024 Fonticons, Inc. --><path d=\"M0 256a256 256 0 1 0 512 0A256 256 0 1 0 0 256zM297 385c-9.4 9.4-24.6 9.4-33.9 0s-9.4-24.6 0-33.9l71-71L120 280c-13.3 0-24-10.7-24-24s10.7-24 24-24l214.1 0-71-71c-9.4-9.4-9.4-24.6 0-33.9s24.6-9.4 33.9 0L409 239c9.4 9.4 9.4 24.6 0 33.9L297 385z\"\/><\/svg><\/span><div style=\"--tco-dchx-3h:#ffffff;--tco-dchx-3k:#ffffff;\" class=\"x-text x-text-headline e645-e30-v3 mhx-1n mhx-1o mhx-1r mhx-1w\"><div class=\"x-text-content\"><div class=\"x-text-content-text\"><span class=\"x-text-content-text-primary\">Kontakta oss<\/span>\n<\/div><\/div><\/div><\/a><\/div><\/div><\/div>\n","protected":false},"excerpt":{"rendered":"<p>Utveckling av Team Ett v\u00e4lfungerande team k\u00e4nnetecknas av att man har gemensamma m\u00e5l och spelregler f\u00f6r sitt arbete, att man kompletterar och v\u00e4rdes\u00e4tter inb\u00f6rdes olikheter, att man respekterar och litar p\u00e5 varandra. I framg\u00e5ngsrika team har man ocks\u00e5 utvecklat en uppmuntrande kultur d\u00e4r man k\u00e4nner sig trygg och ger varandra konstruktiv feedback. Vi hj\u00e4lper er att f\u00e5 ut mesta m\u00f6jliga&hellip;<\/p>\n","protected":false},"author":1,"featured_media":0,"parent":0,"menu_order":0,"comment_status":"closed","ping_status":"closed","template":"template-blank-4.php","meta":{"_acf_changed":false,"inline_featured_image":false,"footnotes":""},"class_list":["post-645","page","type-page","status-publish","hentry","no-post-thumbnail"],"acf":[],"yoast_head":"<!-- This site is optimized with the Yoast SEO plugin v27.2 - https:\/\/yoast.com\/product\/yoast-seo-wordpress\/ -->\n<title>Utveckling av Team | xpand sw<\/title>\n<meta name=\"robots\" content=\"index, follow, max-snippet:-1, max-image-preview:large, max-video-preview:-1\" \/>\n<link rel=\"canonical\" href=\"https:\/\/xpand.one\/sw\/utveckling-av-team\/\" \/>\n<meta property=\"og:locale\" content=\"en_US\" \/>\n<meta property=\"og:type\" content=\"article\" \/>\n<meta property=\"og:title\" content=\"Utveckling av Team | xpand sw\" \/>\n<meta property=\"og:description\" content=\"Utveckling av Team Ett v\u00e4lfungerande team k\u00e4nnetecknas av att man har gemensamma m\u00e5l och spelregler f\u00f6r sitt arbete, att man kompletterar och v\u00e4rdes\u00e4tter inb\u00f6rdes olikheter, att man respekterar och litar p\u00e5 varandra. I framg\u00e5ngsrika team har man ocks\u00e5 utvecklat en uppmuntrande kultur d\u00e4r man k\u00e4nner sig trygg och ger varandra konstruktiv feedback. Vi hj\u00e4lper er att f\u00e5 ut mesta m\u00f6jliga&hellip;\" \/>\n<meta property=\"og:url\" content=\"https:\/\/xpand.one\/sw\/utveckling-av-team\/\" \/>\n<meta property=\"og:site_name\" content=\"xpand sw\" \/>\n<meta property=\"article:modified_time\" content=\"2025-02-13T12:18:15+00:00\" \/>\n<meta name=\"twitter:card\" content=\"summary_large_image\" \/>\n<meta name=\"twitter:label1\" content=\"Est. reading time\" \/>\n\t<meta name=\"twitter:data1\" content=\"1 minute\" \/>\n<script type=\"application\/ld+json\" class=\"yoast-schema-graph\">{\"@context\":\"https:\/\/schema.org\",\"@graph\":[{\"@type\":\"WebPage\",\"@id\":\"https:\/\/xpand.one\/sw\/utveckling-av-team\/\",\"url\":\"https:\/\/xpand.one\/sw\/utveckling-av-team\/\",\"name\":\"Utveckling av Team | xpand sw\",\"isPartOf\":{\"@id\":\"https:\/\/xpand.one\/sw\/#website\"},\"datePublished\":\"2025-01-08T09:14:53+00:00\",\"dateModified\":\"2025-02-13T12:18:15+00:00\",\"breadcrumb\":{\"@id\":\"https:\/\/xpand.one\/sw\/utveckling-av-team\/#breadcrumb\"},\"inLanguage\":\"en-US\",\"potentialAction\":[{\"@type\":\"ReadAction\",\"target\":[\"https:\/\/xpand.one\/sw\/utveckling-av-team\/\"]}]},{\"@type\":\"BreadcrumbList\",\"@id\":\"https:\/\/xpand.one\/sw\/utveckling-av-team\/#breadcrumb\",\"itemListElement\":[{\"@type\":\"ListItem\",\"position\":1,\"name\":\"Home\",\"item\":\"https:\/\/xpand.one\/sw\/\"},{\"@type\":\"ListItem\",\"position\":2,\"name\":\"Utveckling av Team\"}]},{\"@type\":\"WebSite\",\"@id\":\"https:\/\/xpand.one\/sw\/#website\",\"url\":\"https:\/\/xpand.one\/sw\/\",\"name\":\"xpand sw\",\"description\":\"Inspiration, Motivation, Vision\",\"potentialAction\":[{\"@type\":\"SearchAction\",\"target\":{\"@type\":\"EntryPoint\",\"urlTemplate\":\"https:\/\/xpand.one\/sw\/?s={search_term_string}\"},\"query-input\":{\"@type\":\"PropertyValueSpecification\",\"valueRequired\":true,\"valueName\":\"search_term_string\"}}],\"inLanguage\":\"en-US\"}]}<\/script>\n<!-- \/ Yoast SEO plugin. -->","yoast_head_json":{"title":"Utveckling av Team | xpand sw","robots":{"index":"index","follow":"follow","max-snippet":"max-snippet:-1","max-image-preview":"max-image-preview:large","max-video-preview":"max-video-preview:-1"},"canonical":"https:\/\/xpand.one\/sw\/utveckling-av-team\/","og_locale":"en_US","og_type":"article","og_title":"Utveckling av Team | xpand sw","og_description":"Utveckling av Team Ett v\u00e4lfungerande team k\u00e4nnetecknas av att man har gemensamma m\u00e5l och spelregler f\u00f6r sitt arbete, att man kompletterar och v\u00e4rdes\u00e4tter inb\u00f6rdes olikheter, att man respekterar och litar p\u00e5 varandra. I framg\u00e5ngsrika team har man ocks\u00e5 utvecklat en uppmuntrande kultur d\u00e4r man k\u00e4nner sig trygg och ger varandra konstruktiv feedback. Vi hj\u00e4lper er att f\u00e5 ut mesta m\u00f6jliga&hellip;","og_url":"https:\/\/xpand.one\/sw\/utveckling-av-team\/","og_site_name":"xpand sw","article_modified_time":"2025-02-13T12:18:15+00:00","twitter_card":"summary_large_image","twitter_misc":{"Est. reading time":"1 minute"},"schema":{"@context":"https:\/\/schema.org","@graph":[{"@type":"WebPage","@id":"https:\/\/xpand.one\/sw\/utveckling-av-team\/","url":"https:\/\/xpand.one\/sw\/utveckling-av-team\/","name":"Utveckling av Team | xpand sw","isPartOf":{"@id":"https:\/\/xpand.one\/sw\/#website"},"datePublished":"2025-01-08T09:14:53+00:00","dateModified":"2025-02-13T12:18:15+00:00","breadcrumb":{"@id":"https:\/\/xpand.one\/sw\/utveckling-av-team\/#breadcrumb"},"inLanguage":"en-US","potentialAction":[{"@type":"ReadAction","target":["https:\/\/xpand.one\/sw\/utveckling-av-team\/"]}]},{"@type":"BreadcrumbList","@id":"https:\/\/xpand.one\/sw\/utveckling-av-team\/#breadcrumb","itemListElement":[{"@type":"ListItem","position":1,"name":"Home","item":"https:\/\/xpand.one\/sw\/"},{"@type":"ListItem","position":2,"name":"Utveckling av Team"}]},{"@type":"WebSite","@id":"https:\/\/xpand.one\/sw\/#website","url":"https:\/\/xpand.one\/sw\/","name":"xpand sw","description":"Inspiration, Motivation, Vision","potentialAction":[{"@type":"SearchAction","target":{"@type":"EntryPoint","urlTemplate":"https:\/\/xpand.one\/sw\/?s={search_term_string}"},"query-input":{"@type":"PropertyValueSpecification","valueRequired":true,"valueName":"search_term_string"}}],"inLanguage":"en-US"}]}},"_links":{"self":[{"href":"https:\/\/xpand.one\/sw\/wp-json\/wp\/v2\/pages\/645","targetHints":{"allow":["GET"]}}],"collection":[{"href":"https:\/\/xpand.one\/sw\/wp-json\/wp\/v2\/pages"}],"about":[{"href":"https:\/\/xpand.one\/sw\/wp-json\/wp\/v2\/types\/page"}],"author":[{"embeddable":true,"href":"https:\/\/xpand.one\/sw\/wp-json\/wp\/v2\/users\/1"}],"replies":[{"embeddable":true,"href":"https:\/\/xpand.one\/sw\/wp-json\/wp\/v2\/comments?post=645"}],"version-history":[{"count":4,"href":"https:\/\/xpand.one\/sw\/wp-json\/wp\/v2\/pages\/645\/revisions"}],"predecessor-version":[{"id":742,"href":"https:\/\/xpand.one\/sw\/wp-json\/wp\/v2\/pages\/645\/revisions\/742"}],"wp:attachment":[{"href":"https:\/\/xpand.one\/sw\/wp-json\/wp\/v2\/media?parent=645"}],"curies":[{"name":"wp","href":"https:\/\/api.w.org\/{rel}","templated":true}]}}