{"id":681,"date":"2025-01-08T14:41:58","date_gmt":"2025-01-08T13:41:58","guid":{"rendered":"https:\/\/xpand.one\/sw\/?page_id=681"},"modified":"2025-02-24T13:05:44","modified_gmt":"2025-02-24T12:05:44","slug":"imprint","status":"publish","type":"page","link":"https:\/\/xpand.one\/sw\/imprint\/","title":{"rendered":"Avtryck"},"content":{"rendered":"<div id=\"cs-content\" class=\"cs-content\"><div class=\"x-section e681-e1-v0 mix-0 mix-1\"><div class=\"x-grid e681-e1-v1 mix-b mix-3 mix-4 x-effect-exit\" data-x-effect=\"{&quot;scroll&quot;:true,&quot;offsetTop&quot;:&quot;10%&quot;,&quot;offsetBottom&quot;:&quot;10%&quot;,&quot;behaviorScroll&quot;:&quot;fire-once&quot;}\"><div class=\"x-cell e681-e1-v2 mix-c mix-d\"><span class=\"x-image e681-e1-v3 mix-f mix-5\"><img decoding=\"async\" src=\"https:\/\/xpand.one\/sw\/wp-content\/uploads\/xpand-pic-41.jpg\" width=\"1000\" height=\"666\" alt=\"Image\" loading=\"lazy\"><\/span><\/div><div class=\"x-cell e681-e1-v4 mix-d mix-e mix-4 mix-6 x-effect-exit\" data-x-effect=\"{&quot;scroll&quot;:true,&quot;offsetTop&quot;:&quot;10%&quot;,&quot;offsetBottom&quot;:&quot;10%&quot;,&quot;behaviorScroll&quot;:&quot;fire-once&quot;}\"><div class=\"x-text x-text-headline e681-e1-v5 mix-g\"><div class=\"x-text-content\"><div class=\"x-text-content-text\"><h1 class=\"x-text-content-text-primary\">Avtryck<\/h1>\n<\/div><\/div><\/div><hr class=\"x-line e681-e1-v6-v0 mix-h mix-7\" style=\"--tco-dcix-0:rgb(203,0,26);\"\/><\/div><\/div><\/div><div class=\"x-section e681-e2-v0 mix-0 mix-2 mix-9\" style=\"--tco-dcix-6:transparent;\"><div class=\"x-div x-container max width e681-e2-v1 mix-i mix-k mix-3 mix-4 x-effect-exit\" style=\"--tco-dcix-9:transparent;\" data-x-effect=\"{&quot;scroll&quot;:true,&quot;offsetTop&quot;:&quot;10%&quot;,&quot;offsetBottom&quot;:&quot;10%&quot;,&quot;behaviorScroll&quot;:&quot;fire-once&quot;}\"><div style=\"--tco-dcix-b:rgb(28, 28, 28);--tco-dcix-e:rgb(28, 28, 28);\" class=\"x-text x-content e681-e4-v0 mix-m mix-n mix-a\"><h2 data-fontsize=\"22\" data-lineheight=\"27.059999px\" class=\"fusion-responsive-typography-calculated\">xpand Sverige AB<\/h2>\n<p><span>M\u00e5rdgatan 6<br \/>\n507 32 Br\u00e4mhult<br \/>\nSverige<\/span><\/p>\n<p>Phone: <span>+46 73 100 75 64<\/span><\/p>\n<p>info-se@xpand.one<\/p>\n\n<h3 data-fontsize=\"18\" data-lineheight=\"23.940001px\" class=\"fusion-responsive-typography-calculated\">VD<\/h3>\n<p>H<span>\u00e5<\/span>kan Giselsson<\/p>\n\n<h3 data-fontsize=\"18\" data-lineheight=\"23.940001px\" class=\"fusion-responsive-typography-calculated\">Ansvar<\/h3>\n<p>Trots noggranna kontroller avseende inneh\u00e5ll tar vi inget ansvar f\u00f6r inneh\u00e5llet i externa l\u00e4nkar. Operat\u00f6rerna av de externa l\u00e4nkarna \u00e4r ensamma ansvariga f\u00f6r deras inneh\u00e5ll.<\/p>\n<p>Om genom dessa externa l\u00e4nkar n\u00e5gon upphovsr\u00e4tt eller immateriella r\u00e4ttigheter kr\u00e4nks m\u00e5ste detta anges via e-post. Varje \u00f6vertr\u00e4delse kommer att \u00e5tg\u00e4rdas omedelbart.<\/p>\n<p><strong>\u00a9 2025 xpand Sverige<\/strong><\/p>\n<p>Alla r\u00e4ttigheter reserverade. Informationen p\u00e5 dessa sidor \u00e4r immateriella r\u00e4ttigheter som tillh\u00f6r xpand Sverige. De kommer att \u00e5terspegla den senaste statusen vid publicering. xpand Sverige f\u00f6rbeh\u00e5ller sig r\u00e4tten att anpassa och \u00e4ndra inneh\u00e5ll vid behov. Det kommer inte att uppst\u00e5 n\u00e5gra juridiska anspr\u00e5k fr\u00e5n det publicerade inneh\u00e5llet. Inneh\u00e5llet f\u00e5r inte anv\u00e4ndas eller kopieras delvis eller i sin helhet utan skriftligt tillst\u00e5nd fr\u00e5n upphovsmannen. xpand international tar inte \u00f6ver ansvaret f\u00f6r korrektheten av data p\u00e5 denna webbplats. Alla erbjudanden \u00e4r inte bindande avtal.<\/p><\/div><\/div><\/div><\/div>\n","protected":false},"excerpt":{"rendered":"<p>Avtryck xpand Sverige AB M\u00e5rdgatan 6 507 32 Br\u00e4mhult Sverige Phone: +46 73 100 75 64 info-se@xpand.one VD H\u00e5kan Giselsson Ansvar Trots noggranna kontroller avseende inneh\u00e5ll tar vi inget ansvar f\u00f6r inneh\u00e5llet i externa l\u00e4nkar. Operat\u00f6rerna av de externa l\u00e4nkarna \u00e4r ensamma ansvariga f\u00f6r deras inneh\u00e5ll. Om genom dessa externa l\u00e4nkar n\u00e5gon upphovsr\u00e4tt eller immateriella r\u00e4ttigheter kr\u00e4nks m\u00e5ste detta anges&hellip;<\/p>\n","protected":false},"author":1,"featured_media":0,"parent":0,"menu_order":0,"comment_status":"closed","ping_status":"closed","template":"template-blank-4.php","meta":{"_acf_changed":false,"inline_featured_image":false,"footnotes":""},"class_list":["post-681","page","type-page","status-publish","hentry","no-post-thumbnail"],"acf":[],"yoast_head":"<!-- This site is optimized with the Yoast SEO plugin v27.2 - https:\/\/yoast.com\/product\/yoast-seo-wordpress\/ -->\n<title>Avtryck | xpand sw<\/title>\n<meta name=\"robots\" content=\"index, follow, max-snippet:-1, max-image-preview:large, max-video-preview:-1\" \/>\n<link rel=\"canonical\" href=\"https:\/\/xpand.one\/sw\/imprint\/\" \/>\n<meta property=\"og:locale\" content=\"en_US\" \/>\n<meta property=\"og:type\" content=\"article\" \/>\n<meta property=\"og:title\" content=\"Avtryck | xpand sw\" \/>\n<meta property=\"og:description\" content=\"Avtryck xpand Sverige AB M\u00e5rdgatan 6 507 32 Br\u00e4mhult Sverige Phone: +46 73 100 75 64 info-se@xpand.one VD H\u00e5kan Giselsson Ansvar Trots noggranna kontroller avseende inneh\u00e5ll tar vi inget ansvar f\u00f6r inneh\u00e5llet i externa l\u00e4nkar. Operat\u00f6rerna av de externa l\u00e4nkarna \u00e4r ensamma ansvariga f\u00f6r deras inneh\u00e5ll. Om genom dessa externa l\u00e4nkar n\u00e5gon upphovsr\u00e4tt eller immateriella r\u00e4ttigheter kr\u00e4nks m\u00e5ste detta anges&hellip;\" \/>\n<meta property=\"og:url\" content=\"https:\/\/xpand.one\/sw\/imprint\/\" \/>\n<meta property=\"og:site_name\" content=\"xpand sw\" \/>\n<meta property=\"article:modified_time\" content=\"2025-02-24T12:05:44+00:00\" \/>\n<meta name=\"twitter:card\" content=\"summary_large_image\" \/>\n<script type=\"application\/ld+json\" class=\"yoast-schema-graph\">{\"@context\":\"https:\/\/schema.org\",\"@graph\":[{\"@type\":\"WebPage\",\"@id\":\"https:\/\/xpand.one\/sw\/imprint\/\",\"url\":\"https:\/\/xpand.one\/sw\/imprint\/\",\"name\":\"Avtryck | xpand sw\",\"isPartOf\":{\"@id\":\"https:\/\/xpand.one\/sw\/#website\"},\"datePublished\":\"2025-01-08T13:41:58+00:00\",\"dateModified\":\"2025-02-24T12:05:44+00:00\",\"breadcrumb\":{\"@id\":\"https:\/\/xpand.one\/sw\/imprint\/#breadcrumb\"},\"inLanguage\":\"en-US\",\"potentialAction\":[{\"@type\":\"ReadAction\",\"target\":[\"https:\/\/xpand.one\/sw\/imprint\/\"]}]},{\"@type\":\"BreadcrumbList\",\"@id\":\"https:\/\/xpand.one\/sw\/imprint\/#breadcrumb\",\"itemListElement\":[{\"@type\":\"ListItem\",\"position\":1,\"name\":\"Home\",\"item\":\"https:\/\/xpand.one\/sw\/\"},{\"@type\":\"ListItem\",\"position\":2,\"name\":\"Avtryck\"}]},{\"@type\":\"WebSite\",\"@id\":\"https:\/\/xpand.one\/sw\/#website\",\"url\":\"https:\/\/xpand.one\/sw\/\",\"name\":\"xpand sw\",\"description\":\"Inspiration, Motivation, Vision\",\"potentialAction\":[{\"@type\":\"SearchAction\",\"target\":{\"@type\":\"EntryPoint\",\"urlTemplate\":\"https:\/\/xpand.one\/sw\/?s={search_term_string}\"},\"query-input\":{\"@type\":\"PropertyValueSpecification\",\"valueRequired\":true,\"valueName\":\"search_term_string\"}}],\"inLanguage\":\"en-US\"}]}<\/script>\n<!-- \/ Yoast SEO plugin. -->","yoast_head_json":{"title":"Avtryck | xpand sw","robots":{"index":"index","follow":"follow","max-snippet":"max-snippet:-1","max-image-preview":"max-image-preview:large","max-video-preview":"max-video-preview:-1"},"canonical":"https:\/\/xpand.one\/sw\/imprint\/","og_locale":"en_US","og_type":"article","og_title":"Avtryck | xpand sw","og_description":"Avtryck xpand Sverige AB M\u00e5rdgatan 6 507 32 Br\u00e4mhult Sverige Phone: +46 73 100 75 64 info-se@xpand.one VD H\u00e5kan Giselsson Ansvar Trots noggranna kontroller avseende inneh\u00e5ll tar vi inget ansvar f\u00f6r inneh\u00e5llet i externa l\u00e4nkar. Operat\u00f6rerna av de externa l\u00e4nkarna \u00e4r ensamma ansvariga f\u00f6r deras inneh\u00e5ll. Om genom dessa externa l\u00e4nkar n\u00e5gon upphovsr\u00e4tt eller immateriella r\u00e4ttigheter kr\u00e4nks m\u00e5ste detta anges&hellip;","og_url":"https:\/\/xpand.one\/sw\/imprint\/","og_site_name":"xpand sw","article_modified_time":"2025-02-24T12:05:44+00:00","twitter_card":"summary_large_image","schema":{"@context":"https:\/\/schema.org","@graph":[{"@type":"WebPage","@id":"https:\/\/xpand.one\/sw\/imprint\/","url":"https:\/\/xpand.one\/sw\/imprint\/","name":"Avtryck | xpand sw","isPartOf":{"@id":"https:\/\/xpand.one\/sw\/#website"},"datePublished":"2025-01-08T13:41:58+00:00","dateModified":"2025-02-24T12:05:44+00:00","breadcrumb":{"@id":"https:\/\/xpand.one\/sw\/imprint\/#breadcrumb"},"inLanguage":"en-US","potentialAction":[{"@type":"ReadAction","target":["https:\/\/xpand.one\/sw\/imprint\/"]}]},{"@type":"BreadcrumbList","@id":"https:\/\/xpand.one\/sw\/imprint\/#breadcrumb","itemListElement":[{"@type":"ListItem","position":1,"name":"Home","item":"https:\/\/xpand.one\/sw\/"},{"@type":"ListItem","position":2,"name":"Avtryck"}]},{"@type":"WebSite","@id":"https:\/\/xpand.one\/sw\/#website","url":"https:\/\/xpand.one\/sw\/","name":"xpand sw","description":"Inspiration, Motivation, Vision","potentialAction":[{"@type":"SearchAction","target":{"@type":"EntryPoint","urlTemplate":"https:\/\/xpand.one\/sw\/?s={search_term_string}"},"query-input":{"@type":"PropertyValueSpecification","valueRequired":true,"valueName":"search_term_string"}}],"inLanguage":"en-US"}]}},"_links":{"self":[{"href":"https:\/\/xpand.one\/sw\/wp-json\/wp\/v2\/pages\/681","targetHints":{"allow":["GET"]}}],"collection":[{"href":"https:\/\/xpand.one\/sw\/wp-json\/wp\/v2\/pages"}],"about":[{"href":"https:\/\/xpand.one\/sw\/wp-json\/wp\/v2\/types\/page"}],"author":[{"embeddable":true,"href":"https:\/\/xpand.one\/sw\/wp-json\/wp\/v2\/users\/1"}],"replies":[{"embeddable":true,"href":"https:\/\/xpand.one\/sw\/wp-json\/wp\/v2\/comments?post=681"}],"version-history":[{"count":4,"href":"https:\/\/xpand.one\/sw\/wp-json\/wp\/v2\/pages\/681\/revisions"}],"predecessor-version":[{"id":753,"href":"https:\/\/xpand.one\/sw\/wp-json\/wp\/v2\/pages\/681\/revisions\/753"}],"wp:attachment":[{"href":"https:\/\/xpand.one\/sw\/wp-json\/wp\/v2\/media?parent=681"}],"curies":[{"name":"wp","href":"https:\/\/api.w.org\/{rel}","templated":true}]}}